{"id":8196,"date":"2023-01-04T20:54:25","date_gmt":"2023-01-04T20:54:25","guid":{"rendered":"https:\/\/aswf.com\/product\/guardian\/"},"modified":"2024-06-04T18:19:38","modified_gmt":"2024-06-04T18:19:38","slug":"guardian","status":"publish","type":"product","link":"https:\/\/aswf.com\/pt-br\/produto\/guardian\/","title":{"rendered":"Guardian"},"content":{"rendered":"<div id=\"pl-8196\"  class=\"panel-layout\" ><div id=\"pg-8196-0\"  class=\"panel-grid panel-no-style\" ><div id=\"pgc-8196-0-0\"  class=\"panel-grid-cell\" ><div id=\"panel-8196-0-0-0\" class=\"so-panel widget widget_sow-editor panel-first-child panel-last-child\" data-index=\"0\" ><div\n\t\t\t\n\t\t\tclass=\"so-widget-sow-editor so-widget-sow-editor-base\"\n\t\t\t\n\t\t>\n<div class=\"siteorigin-widget-tinymce textwidget\">\n\t<div class=\"page\" title=\"Page 14\">\n<div class=\"layoutArea\">\n<div class=\"column\">\n<p>O Film de Protec\u0327a\u0303o de Pintura Guardian da ASW e\u0301 onde a inovac\u0327a\u0303o encontra a realidade. Seja tecnologia avanc\u0327ada de auto reparac\u0327a\u0303o, acabamento ultraclaro, protec\u0327a\u0303o contra pedras ou resiste\u0302ncia a manchas, o Guardian PPF oferece a protec\u0327a\u0303o que seu vei\u0301culo precisa, com uma espessura de ate\u0301 8 mile\u0301simos de polegada. Especificamente projetado para proteger seu vei\u0301culo dos elementos, o Guardian oferece uma garantia de 10 anos.<\/p>\n<\/div>\n<\/div>\n<\/div>\n<div class=\"page\" title=\"Page 15\">\n<div class=\"layoutArea\">\n<div class=\"column\">\n<ul>\n<li>Acabamento brilhante e transparente<\/li>\n<li>Hidrofo\u0301bico<\/li>\n<li>Autor reparac\u0327a\u0303o<\/li>\n<li>Resistente a manchas<\/li>\n<li>Protec\u0327a\u0303o contra pedras<\/li>\n<\/ul>\n<\/div>\n<\/div>\n<\/div>\n<\/div>\n<\/div><\/div><\/div><div id=\"pgc-8196-0-1\"  class=\"panel-grid-cell\" ><div id=\"panel-8196-0-1-0\" class=\"so-panel widget widget_sow-editor panel-first-child panel-last-child\" data-index=\"1\" ><div\n\t\t\t\n\t\t\tclass=\"so-widget-sow-editor so-widget-sow-editor-base\"\n\t\t\t\n\t\t>\n<div class=\"siteorigin-widget-tinymce textwidget\">\n\t<div>\n<div class=\"page\" title=\"Page 14\">\n<div class=\"layoutArea\">\n<div class=\"column\">\n<p>O revestimento superior de auto reparac\u0327a\u0303o da American Standard Window Film permite que arranho\u0303es leves causados por detritos da estrada ou marcas de redemoinho desaparec\u0327am com a exposic\u0327a\u0303o ao sol e\/ou calor. Com um revestimento superior hidrofo\u0301bico, o Guardian PPF ajuda a manter seu carro limpo grac\u0327as a\u0300s suas propriedades resistentes a manchas e evita o acu\u0301mulo de sujeira e detritos ao longo do tempo. O acabamento ultra transparente e brilhante permitira\u0301 que seu vei\u0301culo mantenha sua apare\u0302ncia.<\/p>\n<\/div>\n<\/div>\n<\/div>\n<\/div>\n<div class=\"page\" title=\"Page 15\">\n<div class=\"layoutArea\">\n<div class=\"column\">\n<ul>\n<li>Sujeira e areia<\/li>\n<li>O\u0301leo e manchas<\/li>\n<li>Pedras e detritos<\/li>\n<li>Marcas de redemoinho e arranho\u0303es<\/li>\n<li>Insetos e muito mais<\/li>\n<\/ul>\n<\/div>\n<\/div>\n<\/div>\n<\/div>\n<\/div><\/div><\/div><\/div><div id=\"pg-8196-1\"  class=\"panel-grid panel-no-style\" ><div id=\"pgc-8196-1-0\"  class=\"panel-grid-cell\" ><div id=\"panel-8196-1-0-0\" class=\"so-panel widget widget_sow-editor panel-first-child panel-last-child\" data-index=\"2\" ><div\n\t\t\t\n\t\t\tclass=\"so-widget-sow-editor so-widget-sow-editor-base\"\n\t\t\t\n\t\t>\n<div class=\"siteorigin-widget-tinymce textwidget\">\n\t<div class=\"product-table left\">\n<table>\n<thead>\n<tr>\n<th>Film<\/th>\n<th>Mil<\/th>\n<th>Top Coat<\/th>\n<th>Performance<\/th>\n<th>Warranty<\/th>\n<\/tr>\n<\/thead>\n<tbody>\n<tr>\n<td>Guardian<\/td>\n<td>8 mil<\/td>\n<td>Ultra Transparent Finish \/<br \/>\nSelf-Healing & Hydrophobic<\/td>\n<td>High Scratch & Stain Resistance \/<br \/>\nAggressive Adhesive<\/td>\n<td>10 yrs<\/td>\n<\/tr>\n<tr>\n<td>Guardian Matte<\/td>\n<td>8 mil<\/td>\n<td>True Matte Finish \/<br \/>\nSelf-Healing & Hydrophobic<\/td>\n<td>High Scratch & Stain Resistance \/<br \/>\nAggressive Adhesive<\/td>\n<td>10 yrs<\/td>\n<\/tr>\n<tr>\n<td>Guardian Classic<\/td>\n<td>7.5 mil<\/td>\n<td>High Gloss Finish \/<br \/>\nHeat-Healing<\/td>\n<td>Good Scratch & Stain Resistance \/<br \/>\nAggressive Adhesive<\/td>\n<td>7 yrs<\/td>\n<\/tr>\n<tr>\n<td>Guardian S<\/td>\n<td>6.5 mil<\/td>\n<td>High Gloss Finish \/<br \/>\nHeat-Healing<\/td>\n<td>Good Scratch & Stain Resistance \/<br \/>\nAggressive Adhesive<\/td>\n<td>5 yrs<\/td>\n<\/tr>\n<\/tbody>\n<\/table>\n<p><i>*Warranty duration, coverage, limitations, disclaimers and exclusions subject to change depending on geographic location.<\/i><\/p>\n<\/div>\n<\/div>\n<\/div><\/div><\/div><\/div><div id=\"pg-8196-2\"  class=\"panel-grid panel-no-style\" ><div id=\"pgc-8196-2-0\"  class=\"panel-grid-cell panel-grid-cell-mobile-last\" ><div id=\"panel-8196-2-0-0\" class=\"so-panel widget widget_sow-editor panel-first-child panel-last-child\" data-index=\"3\" ><div\n\t\t\t\n\t\t\tclass=\"so-widget-sow-editor so-widget-sow-editor-base\"\n\t\t\t\n\t\t>\n<div class=\"siteorigin-widget-tinymce textwidget\">\n\t<div class=\"product-table\">\n<table>\n<tbody>\n<tr>\n<td style=\"text-align: left;\">Manuten\u00e7\u00e3o do Filme de Prote\u00e7\u00e3o de Pintura<\/td>\n<td><a href=\"https:\/\/aswf.com\/wp-content\/uploads\/2023\/02\/Maintenance-Guardian.pdf\" target=\"_blank\" rel=\"noopener\">Baixar<\/a><\/td>\n<\/tr>\n<tr>\n<td style=\"text-align: left;\">Folha de especifica\u00e7\u00f5es do Guardian<\/td>\n<td><a href=\"https:\/\/aswf.com\/wp-content\/uploads\/2023\/01\/spec-sheet-guardian.pdf\" target=\"_blank\" rel=\"noopener\">Baixar<\/a><\/td>\n<\/tr>\n<tr>\n<td style=\"text-align: left;\">Folha de especifica\u00e7\u00f5es do Guardian S<\/td>\n<td><a href=\"https:\/\/aswf.com\/wp-content\/uploads\/2024\/06\/sell-sheet-guardian-s.pdf\" target=\"_blank\" rel=\"noopener\">Baixar<\/a><\/td>\n<\/tr>\n<tr>\n<td style=\"text-align: left;\">Garantia do Filme de Prote\u00e7\u00e3o de Pintura<\/td>\n<td><a href=\"https:\/\/aswf.com\/wp-content\/uploads\/2023\/01\/warranty-guardian.pdf\" target=\"_blank\" rel=\"noopener\">Baixar<\/a><\/td>\n<\/tr>\n<\/tbody>\n<\/table>\n<\/div>\n<p>Entre em contato com seu representante da ASWF para obter datas e hor\u00e1rios de treinamento sobre PPF.<\/p>\n<\/div>\n<\/div><\/div><\/div><div id=\"pgc-8196-2-1\"  class=\"panel-grid-cell panel-grid-cell-empty\" ><\/div><\/div><\/div>","protected":false},"excerpt":{"rendered":"<p>O Film de Protec\u0327a\u0303o de Pintura Guardian da ASW e\u0301 onde a inovac\u0327a\u0303o encontra a realidade. Seja tecnologia avanc\u0327ada de auto reparac\u0327a\u0303o, acabamento ultraclaro, protec\u0327a\u0303o contra pedras ou resiste\u0302ncia a manchas, o Guardian PPF oferece a protec\u0327a\u0303o que seu vei\u0301culo precisa, com uma espessura de ate\u0301 8 mile\u0301simos de polegada. Especificamente projetado para proteger seu [&hellip;]<\/p>\n","protected":false},"featured_media":0,"template":"","meta":{"_acf_changed":false},"product_brand":[],"product_cat":[70],"product_tag":[],"class_list":{"0":"post-8196","1":"product","2":"type-product","3":"status-publish","5":"product_cat-paint-protection-films-portugese","7":"first","8":"instock","9":"shipping-taxable","10":"purchasable","11":"product-type-simple"},"acf":[],"_links":{"self":[{"href":"https:\/\/aswf.com\/pt-br\/wp-json\/wp\/v2\/product\/8196","targetHints":{"allow":["GET"]}}],"collection":[{"href":"https:\/\/aswf.com\/pt-br\/wp-json\/wp\/v2\/product"}],"about":[{"href":"https:\/\/aswf.com\/pt-br\/wp-json\/wp\/v2\/types\/product"}],"wp:attachment":[{"href":"https:\/\/aswf.com\/pt-br\/wp-json\/wp\/v2\/media?parent=8196"}],"wp:term":[{"taxonomy":"product_brand","embeddable":true,"href":"https:\/\/aswf.com\/pt-br\/wp-json\/wp\/v2\/product_brand?post=8196"},{"taxonomy":"product_cat","embeddable":true,"href":"https:\/\/aswf.com\/pt-br\/wp-json\/wp\/v2\/product_cat?post=8196"},{"taxonomy":"product_tag","embeddable":true,"href":"https:\/\/aswf.com\/pt-br\/wp-json\/wp\/v2\/product_tag?post=8196"}],"curies":[{"name":"wp","href":"https:\/\/api.w.org\/{rel}","templated":true}]}}