{"id":8169,"date":"2018-08-07T04:31:55","date_gmt":"2018-08-07T04:31:55","guid":{"rendered":"https:\/\/aswf.com\/product\/performer\/"},"modified":"2023-08-22T16:14:47","modified_gmt":"2023-08-22T16:14:47","slug":"performer","status":"publish","type":"product","link":"https:\/\/aswf.com\/pt-br\/produto\/performer\/","title":{"rendered":"Performer"},"content":{"rendered":"<p>A s\u00e9rie Performer faz exatamente isso: realiza. Um filme automotivo de alto desempenho com uma pel\u00edcula tingida n\u00e3o reflexiva de cor est\u00e1vel e uma camada de filme metalizado, esta s\u00e9rie oferece uma apar\u00eancia atraente e uma alta redu\u00e7\u00e3o de calor.<\/p>\n<div class=\"product-table\">\n<h2><span style=\"color: #d13239;\">Dados de desempenho do filme para janelas<\/span><\/h2>\n<table>\n<thead>\n<tr>\n<th><\/th>\n<th>Light<br \/>\nTransmission<\/th>\n<th><\/th>\n<th><\/th>\n<th>VLR<br \/>\nInterior<\/th>\n<th>VLR<br \/>\nExterior<\/th>\n<th>Construction<br \/>\nThickness<\/th>\n<th>Solar Energy<br \/>\nRejected<\/th>\n<th>U\/V<br \/>\nRejected<\/th>\n<\/tr>\n<\/thead>\n<tbody>\n<tr>\n<td>3<\/td>\n<td>4%<\/td>\n<td><\/td>\n<td><\/td>\n<td>9%<\/td>\n<td>6%<\/td>\n<td>1.5 M<\/td>\n<td>66%<\/td>\n<td>99%<\/td>\n<\/tr>\n<tr>\n<td>5<\/td>\n<td>6%<\/td>\n<td><\/td>\n<td><\/td>\n<td>8%<\/td>\n<td>6%<\/td>\n<td>1.5 M<\/td>\n<td>54%<\/td>\n<td>99%<\/td>\n<\/tr>\n<tr>\n<td>15<\/td>\n<td>16%<\/td>\n<td><\/td>\n<td><\/td>\n<td>11%<\/td>\n<td>8%<\/td>\n<td>1.5 M<\/td>\n<td>52%<\/td>\n<td>99%<\/td>\n<\/tr>\n<tr>\n<td>20<\/td>\n<td>19%<\/td>\n<td><\/td>\n<td><\/td>\n<td>11%<\/td>\n<td>8%<\/td>\n<td>1.5 M<\/td>\n<td>51%<\/td>\n<td>99%<\/td>\n<\/tr>\n<tr>\n<td>30<\/td>\n<td>30%<\/td>\n<td><\/td>\n<td><\/td>\n<td>11%<\/td>\n<td>8%<\/td>\n<td>1.5 M<\/td>\n<td>50%<\/td>\n<td>99%<\/td>\n<\/tr>\n<tr>\n<td>35<\/td>\n<td>37%<\/td>\n<td><\/td>\n<td><\/td>\n<td>11%<\/td>\n<td>8%<\/td>\n<td>1.5 M<\/td>\n<td>47%<\/td>\n<td>99%<\/td>\n<\/tr>\n<tr>\n<td>50<\/td>\n<td>55%<\/td>\n<td><\/td>\n<td><\/td>\n<td>11%<\/td>\n<td>8%<\/td>\n<td>1.5 M<\/td>\n<td>40%<\/td>\n<td>99%<\/td>\n<\/tr>\n<tr>\n<td>60<\/td>\n<td>65%<\/td>\n<td><\/td>\n<td><\/td>\n<td>11%<\/td>\n<td>8%<\/td>\n<td>1.5 M<\/td>\n<td>35%<\/td>\n<td>99%<\/td>\n<\/tr>\n<\/tbody>\n<\/table>\n<\/div>\n<p><strong>Importante:\u00a0<\/strong> Todos os materiais testados foram aplicados em uma superf\u00edcie de vidro transparente de 1\/4&#8243; de acordo com os testes padr\u00e3o da ind\u00fastria. O objetivo dos dados fornecidos \u00e9 puramente comparativo.<\/p>\n","protected":false},"excerpt":{"rendered":"<p>A s\u00e9rie Performer faz exatamente isso: realiza. Um filme automotivo de alto desempenho com uma pel\u00edcula tingida n\u00e3o reflexiva de cor est\u00e1vel e uma camada de filme metalizado, esta s\u00e9rie oferece uma apar\u00eancia atraente e uma alta redu\u00e7\u00e3o de calor. Dados de desempenho do filme para janelas Light Transmission VLR Interior VLR Exterior Construction Thickness [&hellip;]<\/p>\n","protected":false},"featured_media":0,"template":"","meta":{"_acf_changed":false},"product_brand":[],"product_cat":[65],"product_tag":[],"class_list":{"0":"post-8169","1":"product","2":"type-product","3":"status-publish","5":"product_cat-high-performance-hp-p","7":"first","8":"instock","9":"shipping-taxable","10":"purchasable","11":"product-type-variable"},"acf":[],"_links":{"self":[{"href":"https:\/\/aswf.com\/pt-br\/wp-json\/wp\/v2\/product\/8169","targetHints":{"allow":["GET"]}}],"collection":[{"href":"https:\/\/aswf.com\/pt-br\/wp-json\/wp\/v2\/product"}],"about":[{"href":"https:\/\/aswf.com\/pt-br\/wp-json\/wp\/v2\/types\/product"}],"wp:attachment":[{"href":"https:\/\/aswf.com\/pt-br\/wp-json\/wp\/v2\/media?parent=8169"}],"wp:term":[{"taxonomy":"product_brand","embeddable":true,"href":"https:\/\/aswf.com\/pt-br\/wp-json\/wp\/v2\/product_brand?post=8169"},{"taxonomy":"product_cat","embeddable":true,"href":"https:\/\/aswf.com\/pt-br\/wp-json\/wp\/v2\/product_cat?post=8169"},{"taxonomy":"product_tag","embeddable":true,"href":"https:\/\/aswf.com\/pt-br\/wp-json\/wp\/v2\/product_tag?post=8169"}],"curies":[{"name":"wp","href":"https:\/\/api.w.org\/{rel}","templated":true}]}}