{"id":8151,"date":"2018-08-07T04:27:33","date_gmt":"2018-08-07T04:27:33","guid":{"rendered":"https:\/\/aswf.com\/product\/excel\/"},"modified":"2024-03-19T16:35:47","modified_gmt":"2024-03-19T16:35:47","slug":"excel","status":"publish","type":"product","link":"https:\/\/aswf.com\/pt-br\/produto\/excel\/","title":{"rendered":"Excel"},"content":{"rendered":"<p>A s\u00e9rie Excel destaca-se como um filme n\u00e3o refletivo. Um filme tingido de cor preta est\u00e1vel que oferece ao consumidor e ao profissional uma op\u00e7\u00e3o duradoura respaldada por uma garantia limitada de estabilidade de cor vital\u00edcia.<\/p>\n<div class=\"product-table\">\n<h2><span style=\"color: #d13239;\">Dados de desempenho da pel\u00edcula para janelas<\/span><\/h2>\n<table>\n<thead>\n<tr>\n<th><\/th>\n<th>Light<br \/>\nTransmission<\/th>\n<th><\/th>\n<th><\/th>\n<th>VLR<br \/>\nInterior<\/th>\n<th>VLR<br \/>\nExterior<\/th>\n<th>Construction<br \/>\nThickness<\/th>\n<th>Solar Energy<br \/>\nRejected<\/th>\n<th>U\/V<br \/>\nRejected<\/th>\n<\/tr>\n<\/thead>\n<tbody>\n<tr>\n<td>5<\/td>\n<td>7%<\/td>\n<td><\/td>\n<td><\/td>\n<td>5%<\/td>\n<td>5%<\/td>\n<td>1.5 M<\/td>\n<td>48%<\/td>\n<td>99%<\/td>\n<\/tr>\n<tr>\n<td>15<\/td>\n<td>16%<\/td>\n<td><\/td>\n<td><\/td>\n<td>5%<\/td>\n<td>5%<\/td>\n<td>1.5 M<\/td>\n<td>44%<\/td>\n<td>99%<\/td>\n<\/tr>\n<tr>\n<td>20<\/td>\n<td>22%<\/td>\n<td><\/td>\n<td><\/td>\n<td>5%<\/td>\n<td>5%<\/td>\n<td>1.5 M<\/td>\n<td>40%<\/td>\n<td>99%<\/td>\n<\/tr>\n<tr>\n<td>30<\/td>\n<td>30%<\/td>\n<td><\/td>\n<td><\/td>\n<td>5%<\/td>\n<td>5%<\/td>\n<td>1.5 M<\/td>\n<td>38%<\/td>\n<td>99%<\/td>\n<\/tr>\n<tr>\n<td>35<\/td>\n<td>35%<\/td>\n<td><\/td>\n<td><\/td>\n<td>5%<\/td>\n<td>5%<\/td>\n<td>1.5 M<\/td>\n<td>37%<\/td>\n<td>99%<\/td>\n<\/tr>\n<tr>\n<td>45<\/td>\n<td>43%<\/td>\n<td><\/td>\n<td><\/td>\n<td>5%<\/td>\n<td>5%<\/td>\n<td>1.5 M<\/td>\n<td>36%<\/td>\n<td>99%<\/td>\n<\/tr>\n<tr>\n<td>50<\/td>\n<td>50%<\/td>\n<td><\/td>\n<td><\/td>\n<td>5%<\/td>\n<td>5%<\/td>\n<td>1.5 M<\/td>\n<td>35%<\/td>\n<td>99%<\/td>\n<\/tr>\n<tr>\n<td>60<\/td>\n<td>61%<\/td>\n<td><\/td>\n<td><\/td>\n<td>5%<\/td>\n<td>5%<\/td>\n<td>1.5 M<\/td>\n<td>29%<\/td>\n<td>99%<\/td>\n<\/tr>\n<tr>\n<td>70<\/td>\n<td>68%<\/td>\n<td><\/td>\n<td><\/td>\n<td>5%<\/td>\n<td>5%<\/td>\n<td>1.5 M<\/td>\n<td>25%<\/td>\n<td>99%<\/td>\n<\/tr>\n<tr>\n<td>88<\/td>\n<td>88%<\/td>\n<td><\/td>\n<td><\/td>\n<td>5%<\/td>\n<td>5%<\/td>\n<td>1.5 M<\/td>\n<td>20%<\/td>\n<td>99%<\/td>\n<\/tr>\n<\/tbody>\n<\/table>\n<\/div>\n<p><strong>Importante:\u00a0<\/strong>Todos os materiais testados foram aplicados em uma superf\u00edcie de vidro transparente de 1\u20444&#8243; de acordo com testes padronizados da ind\u00fastria. O objetivo pretendido dos dados fornecidos \u00e9 apenas comparativo.<\/p>\n","protected":false},"excerpt":{"rendered":"<p>A s\u00e9rie Excel destaca-se como um filme n\u00e3o refletivo. Um filme tingido de cor preta est\u00e1vel que oferece ao consumidor e ao profissional uma op\u00e7\u00e3o duradoura respaldada por uma garantia limitada de estabilidade de cor vital\u00edcia. Dados de desempenho da pel\u00edcula para janelas Light Transmission VLR Interior VLR Exterior Construction Thickness Solar Energy Rejected U\/V [&hellip;]<\/p>\n","protected":false},"featured_media":0,"template":"","meta":{"_acf_changed":false},"product_brand":[],"product_cat":[64],"product_tag":[],"class_list":{"0":"post-8151","1":"product","2":"type-product","3":"status-publish","5":"product_cat-non-metalized-non-reflective-p","7":"first","8":"instock","9":"shipping-taxable","10":"purchasable","11":"product-type-variable"},"acf":[],"_links":{"self":[{"href":"https:\/\/aswf.com\/pt-br\/wp-json\/wp\/v2\/product\/8151","targetHints":{"allow":["GET"]}}],"collection":[{"href":"https:\/\/aswf.com\/pt-br\/wp-json\/wp\/v2\/product"}],"about":[{"href":"https:\/\/aswf.com\/pt-br\/wp-json\/wp\/v2\/types\/product"}],"wp:attachment":[{"href":"https:\/\/aswf.com\/pt-br\/wp-json\/wp\/v2\/media?parent=8151"}],"wp:term":[{"taxonomy":"product_brand","embeddable":true,"href":"https:\/\/aswf.com\/pt-br\/wp-json\/wp\/v2\/product_brand?post=8151"},{"taxonomy":"product_cat","embeddable":true,"href":"https:\/\/aswf.com\/pt-br\/wp-json\/wp\/v2\/product_cat?post=8151"},{"taxonomy":"product_tag","embeddable":true,"href":"https:\/\/aswf.com\/pt-br\/wp-json\/wp\/v2\/product_tag?post=8151"}],"curies":[{"name":"wp","href":"https:\/\/api.w.org\/{rel}","templated":true}]}}