{"id":8144,"date":"2018-08-07T04:27:53","date_gmt":"2018-08-07T04:27:53","guid":{"rendered":"https:\/\/aswf.com\/product\/retro-charcoal\/"},"modified":"2023-08-22T16:13:31","modified_gmt":"2023-08-22T16:13:31","slug":"retro-charcoal","status":"publish","type":"product","link":"https:\/\/aswf.com\/pt-br\/produto\/retro-charcoal\/","title":{"rendered":"Retro Charcoal"},"content":{"rendered":"<p>A s\u00e9rie Retro celebra o estilo nost\u00e1lgico do passado, com avan\u00e7os para os dias de hoje! Um filme n\u00e3o refletivo com uma apar\u00eancia cl\u00e1ssica, oferece melhorias tecnol\u00f3gicas de ponta para clareza e facilidade de uso.<\/p>\n<div class=\"product-table\">\n<h2><span style=\"color: #d13239;\">Dados de desempenho da pel\u00edcula para janelas<\/span><\/h2>\n<table>\n<thead>\n<tr>\n<th><\/th>\n<th>Light<br \/>\nTransmission<\/th>\n<th><\/th>\n<th><\/th>\n<th>VLR<br \/>\nInterior<\/th>\n<th>VLR<br \/>\nExterior<\/th>\n<th>Construction<br \/>\nThickness<\/th>\n<th>Solar Energy<br \/>\nRejected<\/th>\n<th>U\/V<br \/>\nRejected<\/th>\n<\/tr>\n<\/thead>\n<tbody>\n<tr>\n<td>5<\/td>\n<td>5%<\/td>\n<td><\/td>\n<td><\/td>\n<td>5%<\/td>\n<td>5%<\/td>\n<td>1.5 M<\/td>\n<td>45%<\/td>\n<td>99%<\/td>\n<\/tr>\n<tr>\n<td>15<\/td>\n<td>18%<\/td>\n<td><\/td>\n<td><\/td>\n<td>5%<\/td>\n<td>5%<\/td>\n<td>1.5 M<\/td>\n<td>41%<\/td>\n<td>99%<\/td>\n<\/tr>\n<tr>\n<td>20<\/td>\n<td>22%<\/td>\n<td><\/td>\n<td><\/td>\n<td>5%<\/td>\n<td>5%<\/td>\n<td>1.5 M<\/td>\n<td>39%<\/td>\n<td>99%<\/td>\n<\/tr>\n<tr>\n<td>35<\/td>\n<td>35%<\/td>\n<td><\/td>\n<td><\/td>\n<td>5%<\/td>\n<td>5%<\/td>\n<td>1.5 M<\/td>\n<td>35%<\/td>\n<td>99%<\/td>\n<\/tr>\n<tr>\n<td>40<\/td>\n<td>43%<\/td>\n<td><\/td>\n<td><\/td>\n<td>5%<\/td>\n<td>5%<\/td>\n<td>1.5 M<\/td>\n<td>33%<\/td>\n<td>99%<\/td>\n<\/tr>\n<tr>\n<td>50<\/td>\n<td>52%<\/td>\n<td><\/td>\n<td><\/td>\n<td>5%<\/td>\n<td>5%<\/td>\n<td>1.5 M<\/td>\n<td>30%<\/td>\n<td>99%<\/td>\n<\/tr>\n<\/tbody>\n<\/table>\n<\/div>\n<p><strong>Importante:\u00a0<\/strong>Todos os materiais testados foram aplicados em uma superf\u00edcie de vidro transparente de 1\u20444&#8243; de acordo com testes padronizados da ind\u00fastria. O objetivo pretendido dos dados fornecidos \u00e9 apenas comparativo.<\/p>\n","protected":false},"excerpt":{"rendered":"<p>A s\u00e9rie Retro celebra o estilo nost\u00e1lgico do passado, com avan\u00e7os para os dias de hoje! Um filme n\u00e3o refletivo com uma apar\u00eancia cl\u00e1ssica, oferece melhorias tecnol\u00f3gicas de ponta para clareza e facilidade de uso. Dados de desempenho da pel\u00edcula para janelas Light Transmission VLR Interior VLR Exterior Construction Thickness Solar Energy Rejected U\/V Rejected [&hellip;]<\/p>\n","protected":false},"featured_media":0,"template":"","meta":{"_acf_changed":false},"product_brand":[],"product_cat":[64],"product_tag":[],"class_list":{"0":"post-8144","1":"product","2":"type-product","3":"status-publish","5":"product_cat-non-metalized-non-reflective-p","7":"first","8":"instock","9":"shipping-taxable","10":"purchasable","11":"product-type-variable"},"acf":[],"_links":{"self":[{"href":"https:\/\/aswf.com\/pt-br\/wp-json\/wp\/v2\/product\/8144","targetHints":{"allow":["GET"]}}],"collection":[{"href":"https:\/\/aswf.com\/pt-br\/wp-json\/wp\/v2\/product"}],"about":[{"href":"https:\/\/aswf.com\/pt-br\/wp-json\/wp\/v2\/types\/product"}],"wp:attachment":[{"href":"https:\/\/aswf.com\/pt-br\/wp-json\/wp\/v2\/media?parent=8144"}],"wp:term":[{"taxonomy":"product_brand","embeddable":true,"href":"https:\/\/aswf.com\/pt-br\/wp-json\/wp\/v2\/product_brand?post=8144"},{"taxonomy":"product_cat","embeddable":true,"href":"https:\/\/aswf.com\/pt-br\/wp-json\/wp\/v2\/product_cat?post=8144"},{"taxonomy":"product_tag","embeddable":true,"href":"https:\/\/aswf.com\/pt-br\/wp-json\/wp\/v2\/product_tag?post=8144"}],"curies":[{"name":"wp","href":"https:\/\/api.w.org\/{rel}","templated":true}]}}