{"id":8117,"date":"2023-06-16T21:05:34","date_gmt":"2023-06-16T21:05:34","guid":{"rendered":"https:\/\/aswf.com\/product\/dimension-irp-2\/"},"modified":"2026-01-28T19:01:01","modified_gmt":"2026-01-28T19:01:01","slug":"dimension-irp-2","status":"publish","type":"product","link":"https:\/\/aswf.com\/pt-br\/produto\/dimension-irp-2\/","title":{"rendered":"Dimension IRP"},"content":{"rendered":"<p>A s\u00e9rie Dimension IRP da ASWF oferece tecnologia de Nano-Cer\u00e2mica de \u00faltima gera\u00e7\u00e3o para bloqueio de calor que supera a concorr\u00eancia em desempenho e rejei\u00e7\u00e3o de calor. A Dimension IRP possui uma garantia vital\u00edcia limitada respaldada pelo fabricante e estabilidade de cor.<\/p>\n<div class=\"product-table\">\n<h2><span style=\"color: #d13239;\">Dados de desempenho da pel\u00edcula para janelas<\/span><\/h2>\n<table>\n<thead>\n<tr>\n<th style=\"width: 23px;\"><\/th>\n<th style=\"width: 117px;\">Light<br \/>\nTransmission<\/th>\n<th style=\"width: 60px;\">IR<br \/>\n.78-2.5<\/th>\n<th style=\"width: 61px;\">IR<br \/>\n0.9-1.0<\/th>\n<th style=\"width: 70px;\">VLR<br \/>\nInterior<\/th>\n<th style=\"width: 73px;\">VLR<br \/>\nExterior<\/th>\n<th style=\"width: 112px;\">Construction<br \/>\nThickness<\/th>\n<th style=\"width: 75px;\">Solar Energy<br \/>\nRejected<\/th>\n<th style=\"width: 75px;\">U\/V<br \/>\nRejected<\/th>\n<\/tr>\n<\/thead>\n<tbody>\n<tr>\n<td style=\"width: 23px;\">5<\/td>\n<td style=\"width: 117px;\">4%<\/td>\n<td style=\"width: 60px;\">90%<\/td>\n<td style=\"width: 61px;\">94%<\/td>\n<td style=\"width: 70px;\">4%<\/td>\n<td style=\"width: 73px;\">5%<\/td>\n<td style=\"width: 112px;\">2.0 M<\/td>\n<td style=\"width: 75px;\">79%<\/td>\n<td style=\"width: 75px;\">99%<\/td>\n<\/tr>\n<tr>\n<td style=\"width: 23px;\">15<\/td>\n<td style=\"width: 117px;\">15%<\/td>\n<td style=\"width: 60px;\">90%<\/td>\n<td style=\"width: 61px;\">94%<\/td>\n<td style=\"width: 70px;\">4%<\/td>\n<td style=\"width: 73px;\">4%<\/td>\n<td style=\"width: 112px;\">1.5 M<\/td>\n<td style=\"width: 75px;\">65%<\/td>\n<td style=\"width: 75px;\">99%<\/td>\n<\/tr>\n<tr>\n<td style=\"width: 23px;\">20<\/td>\n<td style=\"width: 117px;\">20%<\/td>\n<td style=\"width: 60px;\">90%<\/td>\n<td style=\"width: 61px;\">94%<\/td>\n<td style=\"width: 70px;\">4%<\/td>\n<td style=\"width: 73px;\">4%<\/td>\n<td style=\"width: 112px;\">1.5 M<\/td>\n<td style=\"width: 75px;\">64%<\/td>\n<td style=\"width: 75px;\">99%<\/td>\n<\/tr>\n<tr>\n<td style=\"width: 23px;\">35<\/td>\n<td style=\"width: 117px;\">38%<\/td>\n<td style=\"width: 60px;\">90%<\/td>\n<td style=\"width: 61px;\">94%<\/td>\n<td style=\"width: 70px;\">5%<\/td>\n<td style=\"width: 73px;\">4%<\/td>\n<td style=\"width: 112px;\">1.5 M<\/td>\n<td style=\"width: 75px;\">58%<\/td>\n<td style=\"width: 75px;\">99%<\/td>\n<\/tr>\n<tr>\n<td style=\"width: 23px;\">50<\/td>\n<td style=\"width: 117px;\">49%<\/td>\n<td style=\"width: 60px;\">90%<\/td>\n<td style=\"width: 61px;\">94%<\/td>\n<td style=\"width: 70px;\">5%<\/td>\n<td style=\"width: 73px;\">5%<\/td>\n<td style=\"width: 112px;\">1.5 M<\/td>\n<td style=\"width: 75px;\">56%<\/td>\n<td style=\"width: 75px;\">99%<\/td>\n<\/tr>\n<tr>\n<td style=\"width: 23px;\">70<\/td>\n<td style=\"width: 117px;\">70%<\/td>\n<td style=\"width: 60px;\">90%<\/td>\n<td style=\"width: 61px;\">94%<\/td>\n<td style=\"width: 70px;\">6%<\/td>\n<td style=\"width: 73px;\">6%<\/td>\n<td style=\"width: 112px;\">1.5 M<\/td>\n<td style=\"width: 75px;\">49%<\/td>\n<td style=\"width: 75px;\">99%<\/td>\n<\/tr>\n<tr>\n<td style=\"width: 23px;\">80<\/td>\n<td style=\"width: 117px;\">77%<\/td>\n<td style=\"width: 60px;\">77%<\/td>\n<td style=\"width: 61px;\">82%<\/td>\n<td style=\"width: 70px;\">6%<\/td>\n<td style=\"width: 73px;\">6%<\/td>\n<td style=\"width: 112px;\">1.5 M<\/td>\n<td style=\"width: 75px;\">42%<\/td>\n<td style=\"width: 75px;\">99%<\/td>\n<\/tr>\n<\/tbody>\n<\/table>\n<\/div>\n<p><strong>Importante:\u00a0<\/strong>Todos os materiais testados foram aplicados em uma superf\u00edcie de vidro transparente de 1\u20444&#8243; de acordo com testes padronizados da ind\u00fastria. O objetivo pretendido dos dados fornecidos \u00e9 apenas comparativo.<\/p>\n","protected":false},"excerpt":{"rendered":"<p>A s\u00e9rie Dimension IRP da ASWF oferece tecnologia de Nano-Cer\u00e2mica de \u00faltima gera\u00e7\u00e3o para bloqueio de calor que supera a concorr\u00eancia em desempenho e rejei\u00e7\u00e3o de calor. A Dimension IRP possui uma garantia vital\u00edcia limitada respaldada pelo fabricante e estabilidade de cor. Dados de desempenho da pel\u00edcula para janelas Light Transmission IR .78-2.5 IR 0.9-1.0 [&hellip;]<\/p>\n","protected":false},"featured_media":0,"template":"","meta":{"_acf_changed":false},"product_brand":[],"product_cat":[63],"product_tag":[],"class_list":{"0":"post-8117","1":"product","2":"type-product","3":"status-publish","5":"product_cat-ir-performance-nano-ceramic-p","7":"first","8":"instock","9":"shipping-taxable","10":"purchasable","11":"product-type-variable"},"acf":[],"_links":{"self":[{"href":"https:\/\/aswf.com\/pt-br\/wp-json\/wp\/v2\/product\/8117","targetHints":{"allow":["GET"]}}],"collection":[{"href":"https:\/\/aswf.com\/pt-br\/wp-json\/wp\/v2\/product"}],"about":[{"href":"https:\/\/aswf.com\/pt-br\/wp-json\/wp\/v2\/types\/product"}],"wp:attachment":[{"href":"https:\/\/aswf.com\/pt-br\/wp-json\/wp\/v2\/media?parent=8117"}],"wp:term":[{"taxonomy":"product_brand","embeddable":true,"href":"https:\/\/aswf.com\/pt-br\/wp-json\/wp\/v2\/product_brand?post=8117"},{"taxonomy":"product_cat","embeddable":true,"href":"https:\/\/aswf.com\/pt-br\/wp-json\/wp\/v2\/product_cat?post=8117"},{"taxonomy":"product_tag","embeddable":true,"href":"https:\/\/aswf.com\/pt-br\/wp-json\/wp\/v2\/product_tag?post=8117"}],"curies":[{"name":"wp","href":"https:\/\/api.w.org\/{rel}","templated":true}]}}