{"id":8110,"date":"2018-08-01T21:57:11","date_gmt":"2018-08-01T21:57:11","guid":{"rendered":"https:\/\/aswf.com\/product\/excel-irp\/"},"modified":"2026-01-28T18:35:56","modified_gmt":"2026-01-28T18:35:56","slug":"excel-irp","status":"publish","type":"product","link":"https:\/\/aswf.com\/pt-br\/produto\/excel-irp\/","title":{"rendered":"Excel IRP"},"content":{"rendered":"<p>A mais recente melhoria em nosso produto principal, Excel IRP (Rendimento de IR), incorpora um revestimento de nano part\u00edculas infra vermelho que maximiza a clareza \u00f3ptica ao mesmo tempo em que cria uma prote\u00e7\u00e3o abrangente contra o calor, o brilho e os danosos raios UV e Infra vermelho. O not\u00e1vel controle solar e a estabilidade de cor do Excel IRP, sem metais, juntamente com sua est\u00e9tica intransigente, o colocam acima de outras pel\u00edculas que bloqueiam os raios I. Como todos os outros produtos da ASWF, ele possui uma garantia de f\u00e1brica vital\u00edcia respaldada pela estabilidade de cor.<\/p>\n<div class=\"product-table\">\n<h2><span style=\"color: #d13239;\">Dados de desempenho da pel\u00edcula para janelas<\/span><\/h2>\n<table>\n<thead>\n<tr>\n<th style=\"width: 22px;\"><\/th>\n<th style=\"width: 117px;\">Light<br \/>\nTransmission<\/th>\n<th style=\"width: 60px;\">IR<br \/>\n.78-2.5<\/th>\n<th style=\"width: 61px;\">IR<br \/>\n0.9-1.0<\/th>\n<th style=\"width: 70px;\">VLR<br \/>\nInterior<\/th>\n<th style=\"width: 73px;\">VLR<br \/>\nExterior<\/th>\n<th style=\"width: 112px;\">Construction<br \/>\nThickness<\/th>\n<th style=\"width: 110px;\">Solar Energy<br \/>\nRejected<\/th>\n<th style=\"width: 75px;\">U\/V<br \/>\nRejected<\/th>\n<\/tr>\n<\/thead>\n<tbody>\n<tr>\n<td style=\"width: 22px;\">5<\/td>\n<td style=\"width: 117px;\">5%<\/td>\n<td style=\"width: 60px;\">83%<\/td>\n<td style=\"width: 61px;\">85%<\/td>\n<td style=\"width: 70px;\">4%<\/td>\n<td style=\"width: 73px;\">4%<\/td>\n<td style=\"width: 112px;\">2.0 M<\/td>\n<td style=\"width: 110px;\">66%<\/td>\n<td style=\"width: 75px;\">99%<\/td>\n<\/tr>\n<tr>\n<td style=\"width: 22px;\">15<\/td>\n<td style=\"width: 117px;\">16%<\/td>\n<td style=\"width: 60px;\">78%<\/td>\n<td style=\"width: 61px;\">83%<\/td>\n<td style=\"width: 70px;\">4%<\/td>\n<td style=\"width: 73px;\">4%<\/td>\n<td style=\"width: 112px;\">1.5 M<\/td>\n<td style=\"width: 110px;\">62%<\/td>\n<td style=\"width: 75px;\">99%<\/td>\n<\/tr>\n<tr>\n<td style=\"width: 22px;\">20<\/td>\n<td style=\"width: 117px;\">22%<\/td>\n<td style=\"width: 60px;\">78%<\/td>\n<td style=\"width: 61px;\">83%<\/td>\n<td style=\"width: 70px;\">4%<\/td>\n<td style=\"width: 73px;\">4%<\/td>\n<td style=\"width: 112px;\">1.5 M<\/td>\n<td style=\"width: 110px;\">60%<\/td>\n<td style=\"width: 75px;\">99%<\/td>\n<\/tr>\n<tr>\n<td style=\"width: 22px;\">35<\/td>\n<td style=\"width: 117px;\">35%<\/td>\n<td style=\"width: 60px;\">78%<\/td>\n<td style=\"width: 61px;\">83%<\/td>\n<td style=\"width: 70px;\">5%<\/td>\n<td style=\"width: 73px;\">5%<\/td>\n<td style=\"width: 112px;\">1.5 M<\/td>\n<td style=\"width: 110px;\">56%<\/td>\n<td style=\"width: 75px;\">99%<\/td>\n<\/tr>\n<tr>\n<td style=\"width: 22px;\">40<\/td>\n<td style=\"width: 117px;\">42%<\/td>\n<td style=\"width: 60px;\">78%<\/td>\n<td style=\"width: 61px;\">83%<\/td>\n<td style=\"width: 70px;\">5%<\/td>\n<td style=\"width: 73px;\">5%<\/td>\n<td style=\"width: 112px;\">1.5 M<\/td>\n<td style=\"width: 110px;\">53%<\/td>\n<td style=\"width: 75px;\">99%<\/td>\n<\/tr>\n<tr>\n<td style=\"width: 22px;\">50<\/td>\n<td style=\"width: 117px;\">53%<\/td>\n<td style=\"width: 60px;\">78%<\/td>\n<td style=\"width: 61px;\">83%<\/td>\n<td style=\"width: 70px;\">5%<\/td>\n<td style=\"width: 73px;\">5%<\/td>\n<td style=\"width: 112px;\">1.5 M<\/td>\n<td style=\"width: 110px;\">50%<\/td>\n<td style=\"width: 75px;\">99%<\/td>\n<\/tr>\n<tr>\n<td style=\"width: 22px;\">70<\/td>\n<td style=\"width: 117px;\">75%<\/td>\n<td style=\"width: 60px;\">78%<\/td>\n<td style=\"width: 61px;\">83%<\/td>\n<td style=\"width: 70px;\">6%<\/td>\n<td style=\"width: 73px;\">6%<\/td>\n<td style=\"width: 112px;\">1.5 M<\/td>\n<td style=\"width: 110px;\">42%<\/td>\n<td style=\"width: 75px;\">99%<\/td>\n<\/tr>\n<tr>\n<td style=\"width: 22px;\">80<\/td>\n<td style=\"width: 117px;\">79%<\/td>\n<td style=\"width: 60px;\">75%<\/td>\n<td style=\"width: 61px;\">76%<\/td>\n<td style=\"width: 70px;\">6%<\/td>\n<td style=\"width: 73px;\">6%<\/td>\n<td style=\"width: 112px;\">1.5 M<\/td>\n<td style=\"width: 110px;\">40%<\/td>\n<td style=\"width: 75px;\">99%<\/td>\n<\/tr>\n<\/tbody>\n<\/table>\n<\/div>\n<p><strong>Importante:\u00a0<\/strong>Todos os materiais testados foram aplicados em uma superf\u00edcie de vidro transparente de 1\u20444&#8243; de acordo com testes padronizados da ind\u00fastria. O objetivo pretendido dos dados fornecidos \u00e9 apenas comparativo.<\/p>\n","protected":false},"excerpt":{"rendered":"<p>A mais recente melhoria em nosso produto principal, Excel IRP (Rendimento de IR), incorpora um revestimento de nano part\u00edculas infra vermelho que maximiza a clareza \u00f3ptica ao mesmo tempo em que cria uma prote\u00e7\u00e3o abrangente contra o calor, o brilho e os danosos raios UV e Infra vermelho. O not\u00e1vel controle solar e a estabilidade [&hellip;]<\/p>\n","protected":false},"featured_media":0,"template":"","meta":{"_acf_changed":false},"product_brand":[],"product_cat":[63],"product_tag":[],"class_list":{"0":"post-8110","1":"product","2":"type-product","3":"status-publish","5":"product_cat-ir-performance-nano-ceramic-p","7":"first","8":"instock","9":"shipping-taxable","10":"purchasable","11":"product-type-variable"},"acf":[],"_links":{"self":[{"href":"https:\/\/aswf.com\/pt-br\/wp-json\/wp\/v2\/product\/8110","targetHints":{"allow":["GET"]}}],"collection":[{"href":"https:\/\/aswf.com\/pt-br\/wp-json\/wp\/v2\/product"}],"about":[{"href":"https:\/\/aswf.com\/pt-br\/wp-json\/wp\/v2\/types\/product"}],"wp:attachment":[{"href":"https:\/\/aswf.com\/pt-br\/wp-json\/wp\/v2\/media?parent=8110"}],"wp:term":[{"taxonomy":"product_brand","embeddable":true,"href":"https:\/\/aswf.com\/pt-br\/wp-json\/wp\/v2\/product_brand?post=8110"},{"taxonomy":"product_cat","embeddable":true,"href":"https:\/\/aswf.com\/pt-br\/wp-json\/wp\/v2\/product_cat?post=8110"},{"taxonomy":"product_tag","embeddable":true,"href":"https:\/\/aswf.com\/pt-br\/wp-json\/wp\/v2\/product_tag?post=8110"}],"curies":[{"name":"wp","href":"https:\/\/api.w.org\/{rel}","templated":true}]}}