{"id":8102,"date":"2023-03-30T01:05:46","date_gmt":"2023-03-30T01:05:46","guid":{"rendered":"https:\/\/aswf.com\/product\/carbon-s\/"},"modified":"2026-01-28T19:29:44","modified_gmt":"2026-01-28T19:29:44","slug":"carbon-sx","status":"publish","type":"product","link":"https:\/\/aswf.com\/pt-br\/produto\/carbon-sx\/","title":{"rendered":"Carbon SX"},"content":{"rendered":"<p><span style=\"font-size:24px; color:#e86851;\"><strong>INCREASED COMFORT<\/strong><\/span><br \/>\n<span style=\"font-size:18px;\">UP TO 46% IR REJECTION<br \/>\n99% UV PROTECTION<br \/>\nCOLOR STABLE<br \/>\nLIFETIME WARRANTY<\/span><\/p>\n<div class=\"product-table\">\n<div class=\"product-table\">\n<h2><span style=\"color: #d13239;\">Dados de desempenho do filme para janelas<\/span><\/h2>\n<table>\n<thead>\n<tr>\n<th><\/th>\n<th>Light<br \/>\nTransmission<\/th>\n<th>IR<br \/>\n.78-2.5<\/th>\n<th>IR<br \/>\n0.9-1.0<\/th>\n<th>VLR<br \/>\nInterior<\/th>\n<th>VLR<br \/>\nExterior<\/th>\n<th>Construction<br \/>\nThickness<\/th>\n<th>U\/V<br \/>\nRejected<\/th>\n<th>Solar Energy<br \/>\nRejected<\/th>\n<\/tr>\n<thead>\n<tr>\n<th><\/th>\n<th>\nVLT<\/th>\n<th>IR<br \/>\n0.9-1.0<\/th>\n<th>IR<br \/>\nRejected<\/th>\n<th>VLR<br \/>\nInterior<\/th>\n<th>VLR<br \/>\nExterior<\/th>\n<th>\nThickness<\/th>\n<th>U\/V<br \/>\nRejected<\/th>\n<th>Solar Energy<br \/>\nRejected<\/th>\n<\/tr>\n<\/thead>\n<tbody>\n<tr>\n<td>03<\/td>\n<td>4%<\/td>\n<td>46%<\/td>\n<td>43%<\/td>\n<td>4.6%<\/td>\n<td>4.5%<\/td>\n<td>2.0 M<\/td>\n<td>99%<\/td>\n<td>51.3%<\/td>\n<\/tr>\n<tr>\n<td>05<\/td>\n<td>7%<\/td>\n<td>46%<\/td>\n<td>43%<\/td>\n<td>4.9%<\/td>\n<td>4.5%<\/td>\n<td>2.0 M<\/td>\n<td>99%<\/td>\n<td>49.8%<\/td>\n<\/tr>\n<tr>\n<td>15<\/td>\n<td>16%<\/td>\n<td>46%<\/td>\n<td>43%<\/td>\n<td>4.6%<\/td>\n<td>4.5%<\/td>\n<td>2.0 M<\/td>\n<td>99%<\/td>\n<td>46.6%<\/td>\n<\/tr>\n<tr>\n<td>20<\/td>\n<td>22%<\/td>\n<td>46%<\/td>\n<td>43%<\/td>\n<td>4.5%<\/td>\n<td>4.6%<\/td>\n<td>2.0 M<\/td>\n<td>99%<\/td>\n<td>44.5%<\/td>\n<\/tr>\n<tr>\n<td>35<\/td>\n<td>37%<\/td>\n<td>46%<\/td>\n<td>43%<\/td>\n<td>5.1%<\/td>\n<td>5.0%<\/td>\n<td>2.0 M<\/td>\n<td>99%<\/td>\n<td>38.8%<\/td>\n<\/tr>\n<tr>\n<td>40<\/td>\n<td>42%<\/td>\n<td>45%<\/td>\n<td>41%<\/td>\n<td>5.7%<\/td>\n<td>5.4%<\/td>\n<td>2.0 M<\/td>\n<td>99%<\/td>\n<td>35.8%<\/td>\n<\/tr>\n<tr>\n<td>50<\/td>\n<td>48%<\/td>\n<td>46%<\/td>\n<td>43%<\/td>\n<td>5.5%<\/td>\n<td>5.5%<\/td>\n<td>2.0 M<\/td>\n<td>99%<\/td>\n<td>36.3%<\/td>\n<\/tr>\n<tr>\n<td>70<\/td>\n<td>77%<\/td>\n<td>67%<\/td>\n<td>63%<\/td>\n<td>7.6%<\/td>\n<td>7.3%<\/td>\n<td>1.5 M<\/td>\n<td>99%<\/td>\n<td>35.6%<\/td>\n<\/tr>\n<\/tbody>\n<\/table>\n<\/div>\n<p><strong>Importante:\u00a0<\/strong>Todos os materiais testados foram aplicados em uma superf\u00edcie de vidro transparente de 1\u20444&#8243;, de acordo com os testes padr\u00e3o da ind\u00fastria. O objetivo pretendido dos dados fornecidos \u00e9 puramente comparativo.<\/p>\n","protected":false},"excerpt":{"rendered":"<p>INCREASED COMFORT UP TO 46% IR REJECTION 99% UV PROTECTION COLOR STABLE LIFETIME WARRANTY Dados de desempenho do filme para janelas Light Transmission IR .78-2.5 IR 0.9-1.0 VLR Interior VLR Exterior Construction Thickness U\/V Rejected Solar Energy Rejected VLT IR 0.9-1.0 IR Rejected VLR Interior VLR Exterior Thickness U\/V Rejected Solar Energy Rejected 03 4% [&hellip;]<\/p>\n","protected":false},"featured_media":0,"template":"","meta":{"_acf_changed":false},"product_brand":[],"product_cat":[63],"product_tag":[],"class_list":{"0":"post-8102","1":"product","2":"type-product","3":"status-publish","5":"product_cat-ir-performance-nano-ceramic-p","7":"first","8":"instock","9":"shipping-taxable","10":"purchasable","11":"product-type-simple"},"acf":[],"_links":{"self":[{"href":"https:\/\/aswf.com\/pt-br\/wp-json\/wp\/v2\/product\/8102","targetHints":{"allow":["GET"]}}],"collection":[{"href":"https:\/\/aswf.com\/pt-br\/wp-json\/wp\/v2\/product"}],"about":[{"href":"https:\/\/aswf.com\/pt-br\/wp-json\/wp\/v2\/types\/product"}],"wp:attachment":[{"href":"https:\/\/aswf.com\/pt-br\/wp-json\/wp\/v2\/media?parent=8102"}],"wp:term":[{"taxonomy":"product_brand","embeddable":true,"href":"https:\/\/aswf.com\/pt-br\/wp-json\/wp\/v2\/product_brand?post=8102"},{"taxonomy":"product_cat","embeddable":true,"href":"https:\/\/aswf.com\/pt-br\/wp-json\/wp\/v2\/product_cat?post=8102"},{"taxonomy":"product_tag","embeddable":true,"href":"https:\/\/aswf.com\/pt-br\/wp-json\/wp\/v2\/product_tag?post=8102"}],"curies":[{"name":"wp","href":"https:\/\/api.w.org\/{rel}","templated":true}]}}