{"id":8090,"date":"2019-01-18T21:00:16","date_gmt":"2019-01-18T21:00:16","guid":{"rendered":"https:\/\/aswf.com\/product\/solara\/"},"modified":"2023-08-22T16:27:42","modified_gmt":"2023-08-22T16:27:42","slug":"solara","status":"publish","type":"product","link":"https:\/\/aswf.com\/pt-br\/produto\/solara\/","title":{"rendered":"Solara"},"content":{"rendered":"<p>Nosso filme mais novo e \u00fanico no mercado, com uma eleg\u00e2ncia inconfund\u00edvel e uma clareza \u00f3ptica HD superior para o motorista \u00fanico em sua classe.<\/p>\n<p>SOLARA, a \u00faltima inova\u00e7\u00e3o em filmes para janelas, utiliza tecnologia de ponta para oferecer um desempenho incompar\u00e1vel ao bloquear 99% dos raios ultravioleta (UV) nocivos e 97% dos comprimentos de onda do calor infravermelho (IR).<\/p>\n<div class=\"product-table\">\n<table style=\"height: 192px; width: 44.296563329052994%; border-collapse: collapse; border-style: none; border-color: #000000;\" border=\"0\">\n<tbody>\n<tr style=\"height: 24px;\">\n<td style=\"width: 366.3125px; height: 24px; text-align: left;\"><b>Transmit\u00e2ncia de luz vis\u00edvel (VLT)<\/b><\/td>\n<td style=\"width: 72.3125px; height: 24px;\"><strong>50%<\/strong><\/td>\n<\/tr>\n<tr style=\"height: 24px;\">\n<td style=\"width: 366.3125px; height: 24px; text-align: left;\"><b>Rejei\u00e7\u00e3o de raios ultravioleta (UV)<\/b><\/td>\n<td style=\"width: 72.3125px; height: 24px;\"><strong>99.9%<\/strong><\/td>\n<\/tr>\n<tr style=\"height: 24px;\">\n<td style=\"width: 366.3125px; height: 24px; text-align: left;\"><b>Rejei\u00e7\u00e3o de calor infravermelho (IR) .78-2.5mm<\/b><\/td>\n<td style=\"width: 72.3125px; height: 24px;\"><strong>97%<\/strong><\/td>\n<\/tr>\n<tr style=\"height: 24px;\">\n<td style=\"width: 366.3125px; height: 24px; text-align: left;\"><b>Reflex\u00e3o de luz vis\u00edvel<\/b><\/td>\n<td style=\"width: 72.3125px; height: 24px;\"><\/td>\n<\/tr>\n<tr style=\"height: 24px;\">\n<td style=\"width: 366.3125px; height: 24px; text-align: left;\"><b>\u00a0&#8211; Interior<\/b><\/td>\n<td style=\"width: 72.3125px; height: 24px;\"><strong>10%<\/strong><\/td>\n<\/tr>\n<tr style=\"height: 24px;\">\n<td style=\"width: 366.3125px; height: 24px; text-align: left;\"><b>\u00a0&#8211; Exterior<\/b><\/td>\n<td style=\"width: 72.3125px; height: 24px;\"><strong>11%<\/strong><\/td>\n<\/tr>\n<tr style=\"height: 24px;\">\n<td style=\"width: 366.3125px; height: 24px; text-align: left;\"><b>Redu\u00e7\u00e3o de ofuscamento<\/b><\/td>\n<td style=\"width: 72.3125px; height: 24px;\"><strong>44%<\/strong><\/td>\n<\/tr>\n<tr style=\"height: 24px;\">\n<td style=\"width: 366.3125px; height: 24px; text-align: left;\"><b>Energia solar total rejeitada (TSER)\u00a0<\/b><\/td>\n<td style=\"width: 72.3125px; height: 24px;\"><strong>60%<\/strong><\/td>\n<\/tr>\n<\/tbody>\n<\/table>\n<p>&nbsp;<\/p>\n<p><span style=\"color: #ce343c;\"><b>Apoiado por uma garantia vital\u00edcia de f\u00e1brica!<\/b><\/span><\/p>\n<p>Este filme \u00e9 oferecido apenas de forma limitada, ent\u00e3o consulte o distribuidor <a href=\"http:\/\/aswf.com\/contact-us\/\">local<\/a> ou <a href=\"http:\/\/aswf.com\/contact-us-international\/\"> internacional <\/a> da AWF mais pr\u00f3ximo!<\/p>\n<\/div>\n","protected":false},"excerpt":{"rendered":"<p>Nosso filme mais novo e \u00fanico no mercado, com uma eleg\u00e2ncia inconfund\u00edvel e uma clareza \u00f3ptica HD superior para o motorista \u00fanico em sua classe. SOLARA, a \u00faltima inova\u00e7\u00e3o em filmes para janelas, utiliza tecnologia de ponta para oferecer um desempenho incompar\u00e1vel ao bloquear 99% dos raios ultravioleta (UV) nocivos e 97% dos comprimentos de [&hellip;]<\/p>\n","protected":false},"featured_media":0,"template":"","meta":{"_acf_changed":false},"product_brand":[],"product_cat":[16],"product_tag":[],"class_list":{"0":"post-8090","1":"product","2":"type-product","3":"status-publish","5":"product_cat-uncategorized","7":"first","8":"instock","9":"shipping-taxable","10":"purchasable","11":"product-type-variable"},"acf":[],"_links":{"self":[{"href":"https:\/\/aswf.com\/pt-br\/wp-json\/wp\/v2\/product\/8090","targetHints":{"allow":["GET"]}}],"collection":[{"href":"https:\/\/aswf.com\/pt-br\/wp-json\/wp\/v2\/product"}],"about":[{"href":"https:\/\/aswf.com\/pt-br\/wp-json\/wp\/v2\/types\/product"}],"wp:attachment":[{"href":"https:\/\/aswf.com\/pt-br\/wp-json\/wp\/v2\/media?parent=8090"}],"wp:term":[{"taxonomy":"product_brand","embeddable":true,"href":"https:\/\/aswf.com\/pt-br\/wp-json\/wp\/v2\/product_brand?post=8090"},{"taxonomy":"product_cat","embeddable":true,"href":"https:\/\/aswf.com\/pt-br\/wp-json\/wp\/v2\/product_cat?post=8090"},{"taxonomy":"product_tag","embeddable":true,"href":"https:\/\/aswf.com\/pt-br\/wp-json\/wp\/v2\/product_tag?post=8090"}],"curies":[{"name":"wp","href":"https:\/\/api.w.org\/{rel}","templated":true}]}}