{"id":8060,"date":"2018-08-13T22:12:01","date_gmt":"2018-08-13T22:12:01","guid":{"rendered":"https:\/\/aswf.com\/product\/anti-graffiti\/"},"modified":"2024-10-09T00:44:54","modified_gmt":"2024-10-09T00:44:54","slug":"anti-graffiti","status":"publish","type":"product","link":"https:\/\/aswf.com\/pt-br\/produto\/anti-graffiti\/","title":{"rendered":"Anti-Graffiti"},"content":{"rendered":"<p>A s\u00e9rie Anti-Graffiti desafia os v\u00e2ndalos de duas maneiras. Primeiro, eliminando a necessidade de substituir janelas. Segundo, facilitando uma restaura\u00e7\u00e3o f\u00e1cil e sem arranh\u00f5es, para uma limpeza r\u00e1pida que desencoraja os v\u00e2ndalos.<\/p>\n<div class=\"product-table\">\n<h2><span style=\"color: #d13239;\">Dados de desempenho do filme para janelas<\/span><\/h2>\n<table>\n<thead>\n<tr>\n<th><\/th>\n<th>%\u00a0Total<br \/>\nSolar<br \/>\nRefl<\/th>\n<th>%\u00a0Total<br \/>\nSolar<br \/>\nAbsrb.<\/th>\n<th>%\u00a0Total<br \/>\nSolar<br \/>\nTrans.<\/th>\n<th>%\u00a0Visible<br \/>\nLight<br \/>\nTrans.<\/th>\n<th>%\u00a0Visible<br \/>\nLight<br \/>\nRefl.(int)<\/th>\n<th>%\u00a0Visible<br \/>\nLight<br \/>\nRefl.(ext)<\/th>\n<th>% Glare<br \/>\nReduct.<\/th>\n<th>Shading<br \/>\nCoeff.<\/th>\n<th>Solar<br \/>\nHeat<br \/>\nGain<br \/>\nCoeff.<\/th>\n<th>% Total<br \/>\nSolar<br \/>\nEnergy<br \/>\nReject.<\/th>\n<th>Spec<br \/>\nSheet<\/th>\n<\/tr>\n<\/thead>\n<tbody>\n<tr>\n<td style=\"text-align: left;\">4 mil<\/td>\n<td>9%<\/td>\n<td>10%<\/td>\n<td>81%<\/td>\n<td>89%<\/td>\n<td>10%<\/td>\n<td>10%<\/td>\n<td>1%<\/td>\n<td>97%<\/td>\n<td>84%<\/td>\n<td>16%<\/td>\n<td><a href=\"https:\/\/aswf.com\/wp-content\/uploads\/2019\/01\/specs-graffiti4.pdf\" target=\"_blank\" rel=\"noopener\">View<\/a><\/td>\n<\/tr>\n<tr>\n<td style=\"text-align: left;\">6 mil<\/td>\n<td>8%<\/td>\n<td>13%<\/td>\n<td>79%<\/td>\n<td>89%<\/td>\n<td>10%<\/td>\n<td>10%<\/td>\n<td>1%<\/td>\n<td>95%<\/td>\n<td>83%<\/td>\n<td>17%<\/td>\n<td><a href=\"https:\/\/aswf.com\/wp-content\/uploads\/2019\/01\/specs-graffiti6.pdf\" target=\"_blank\" rel=\"noopener\">View<\/a><\/td>\n<\/tr>\n<tr>\n<td style=\"text-align: left;\">6 mil EZ Install<\/td>\n<td>8%<\/td>\n<td>13%<\/td>\n<td>79%<\/td>\n<td>89%<\/td>\n<td>10%<\/td>\n<td>10%<\/td>\n<td>1%<\/td>\n<td>95%<\/td>\n<td>83%<\/td>\n<td>17%<\/td>\n<td><\/td>\n<\/tr>\n<tr>\n<td style=\"text-align: left;\">7 mil<\/td>\n<td>9%<\/td>\n<td>12%<\/td>\n<td>79%<\/td>\n<td>88%<\/td>\n<td>10%<\/td>\n<td>10%<\/td>\n<td>2%<\/td>\n<td>94%<\/td>\n<td>82%<\/td>\n<td>18%<\/td>\n<td><a href=\"https:\/\/aswf.com\/wp-content\/uploads\/2019\/01\/specs-graffiti7.pdf\" target=\"_blank\" rel=\"noopener\">View<\/a><\/td>\n<\/tr>\n<\/tbody>\n<\/table>\n<p><strong><br \/>\nImportante:<\/strong> Todos os materiais testados foram aplicados em uma superf\u00edcie de vidro transparente de 1\u20444&#8243;, de acordo com os testes padr\u00e3o da ind\u00fastria. O objetivo pretendido dos dados fornecidos \u00e9 puramente comparativo.<\/p>\n<\/div>\n","protected":false},"excerpt":{"rendered":"<p>A s\u00e9rie Anti-Graffiti desafia os v\u00e2ndalos de duas maneiras. Primeiro, eliminando a necessidade de substituir janelas. Segundo, facilitando uma restaura\u00e7\u00e3o f\u00e1cil e sem arranh\u00f5es, para uma limpeza r\u00e1pida que desencoraja os v\u00e2ndalos. Dados de desempenho do filme para janelas %\u00a0Total Solar Refl %\u00a0Total Solar Absrb. %\u00a0Total Solar Trans. %\u00a0Visible Light Trans. %\u00a0Visible Light Refl.(int) %\u00a0Visible [&hellip;]<\/p>\n","protected":false},"featured_media":0,"template":"","meta":{"_acf_changed":false},"product_brand":[],"product_cat":[90],"product_tag":[],"class_list":{"0":"post-8060","1":"product","2":"type-product","3":"status-publish","5":"product_cat-graffiti-series-portuguese","7":"first","8":"instock","9":"shipping-taxable","10":"purchasable","11":"product-type-variable"},"acf":[],"_links":{"self":[{"href":"https:\/\/aswf.com\/pt-br\/wp-json\/wp\/v2\/product\/8060","targetHints":{"allow":["GET"]}}],"collection":[{"href":"https:\/\/aswf.com\/pt-br\/wp-json\/wp\/v2\/product"}],"about":[{"href":"https:\/\/aswf.com\/pt-br\/wp-json\/wp\/v2\/types\/product"}],"wp:attachment":[{"href":"https:\/\/aswf.com\/pt-br\/wp-json\/wp\/v2\/media?parent=8060"}],"wp:term":[{"taxonomy":"product_brand","embeddable":true,"href":"https:\/\/aswf.com\/pt-br\/wp-json\/wp\/v2\/product_brand?post=8060"},{"taxonomy":"product_cat","embeddable":true,"href":"https:\/\/aswf.com\/pt-br\/wp-json\/wp\/v2\/product_cat?post=8060"},{"taxonomy":"product_tag","embeddable":true,"href":"https:\/\/aswf.com\/pt-br\/wp-json\/wp\/v2\/product_tag?post=8060"}],"curies":[{"name":"wp","href":"https:\/\/api.w.org\/{rel}","templated":true}]}}