{"id":8053,"date":"2018-08-13T22:04:11","date_gmt":"2018-08-13T22:04:11","guid":{"rendered":"https:\/\/aswf.com\/product\/safety\/"},"modified":"2025-04-09T18:11:21","modified_gmt":"2025-04-09T18:11:21","slug":"crystal-guard","status":"publish","type":"product","link":"https:\/\/aswf.com\/pt-br\/produto\/crystal-guard\/","title":{"rendered":"Crystal Guard"},"content":{"rendered":"<div class=\"product-table\">\n<h2><span style=\"color: #d13239;\">Dados de desempenho do filme para janelas<\/span><\/h2>\n<table>\n<thead>\n<tr>\n<th><\/th>\n<th style=\"color: #d13237;\">Testing<br \/>\nCert.<\/th>\n<th>%\u00a0Total<br \/>\nSolar<br \/>\nRefl<\/th>\n<th>%\u00a0Total<br \/>\nSolar<br \/>\nAbsrb.<\/th>\n<th>%\u00a0Total<br \/>\nSolar<br \/>\nTrans.<\/th>\n<th>%\u00a0Visible<br \/>\nLight<br \/>\nTrans.<\/th>\n<th>%\u00a0Visible<br \/>\nLight<br \/>\nRefl.(int)<\/th>\n<th>%\u00a0Visible<br \/>\nLight<br \/>\nRefl.(ext)<\/th>\n<th>% Glare<br \/>\nReduct.<\/th>\n<th>Shading<br \/>\nCoeff.<\/th>\n<th>Solar<br \/>\nHeat<br \/>\nGain<br \/>\nCoeff.<\/th>\n<th>% Total<br \/>\nSolar<br \/>\nEnergy<br \/>\nReject.<\/th>\n<\/tr>\n<\/thead>\n<tbody>\n<tr>\n<td style=\"text-align: left;\">4 mil<\/td>\n<td><\/td>\n<td>9%<\/td>\n<td>10%<\/td>\n<td>81%<\/td>\n<td>89%<\/td>\n<td>10%<\/td>\n<td>10%<\/td>\n<td>1%<\/td>\n<td>97%<\/td>\n<td>84%<\/td>\n<td>16%<\/td>\n<\/tr>\n<tr>\n<td style=\"text-align: left;\">7 mil*<\/td>\n<td><\/td>\n<td>9%<\/td>\n<td>12%<\/td>\n<td>79%<\/td>\n<td>88%<\/td>\n<td>10%<\/td>\n<td>10%<\/td>\n<td>2%<\/td>\n<td>94%<\/td>\n<td>82%<\/td>\n<td>18%<\/td>\n<tr>\n<td style=\"text-align: left;\">8 mil*<\/td>\n<td style=\"color: #d13237;\"><strong>ANSI Z97<\/strong><\/td>\n<td>9%<\/td>\n<td>13%<\/td>\n<td>78%<\/td>\n<td>87%<\/td>\n<td>8%<\/td>\n<td>8%<\/td>\n<td>1%<\/td>\n<td>93%<\/td>\n<td>82%<\/td>\n<td>18%<\/td>\n<\/tr>\n<tr>\n<td style=\"text-align: left;\">11 mil<\/td>\n<td><\/td>\n<td>9%<\/td>\n<td>13%<\/td>\n<td>78%<\/td>\n<td>85%<\/td>\n<td>11%<\/td>\n<td>11%<\/td>\n<td>6%<\/td>\n<td>93%<\/td>\n<td>81%<\/td>\n<td>19%<\/td>\n<\/tr>\n<tr>\n<td style=\"text-align: left;\">12 mil*<\/td>\n<td style=\"color: #d13237;\"><strong>ANSI Z97<\/strong><\/td>\n<td>9%<\/td>\n<td>13%<\/td>\n<td>78%<\/td>\n<td>87%<\/td>\n<td>8%<\/td>\n<td>8%<\/td>\n<td>1%<\/td>\n<td>93%<\/td>\n<td>81%<\/td>\n<td>19%<\/td>\n<\/tr>\n<tr>\n<td style=\"text-align: left;\">14 mil**<\/td>\n<td><\/td>\n<td>9%<\/td>\n<td>13%<\/td>\n<td>78%<\/td>\n<td>87%<\/td>\n<td>8%<\/td>\n<td>8%<\/td>\n<td>1%<\/td>\n<td>93%<\/td>\n<td>81%<\/td>\n<td>19%<\/td>\n<\/tr>\n<tr>\n<td style=\"text-align: left;\">16 mil<\/td>\n<td style=\"color: #d13237;\"><strong>UL972<\/strong><\/td>\n<td>9%<\/td>\n<td>13%<\/td>\n<td>78%<\/td>\n<td>87%<\/td>\n<td>8%<\/td>\n<td>8%<\/td>\n<td>1%<\/td>\n<td>93%<\/td>\n<td>81%<\/td>\n<td>19%<\/td>\n<\/tr>\n<tr>\n<td style=\"text-align: left;\">18 mil<\/td>\n<td><\/td>\n<td>9%<\/td>\n<td>14%<\/td>\n<td>77%<\/td>\n<td>87%<\/td>\n<td>8%<\/td>\n<td>8%<\/td>\n<td>1%<\/td>\n<td>93%<\/td>\n<td>81%<\/td>\n<td>19%<\/td>\n<\/tr>\n<tr>\n<td style=\"text-align: left;\">21 mil<\/td>\n<td style=\"color: #d13237;\"><strong>ASTM F3561-Level 2<\/strong><\/td>\n<td>9%<\/td>\n<td>14%<\/td>\n<td>77%<\/td>\n<td>87%<\/td>\n<td>8%<\/td>\n<td>8%<\/td>\n<td>1%<\/td>\n<td>93%<\/td>\n<td>81%<\/td>\n<td>19%<\/td>\n<\/tr>\n<tr>\n<td style=\"text-align: left;\">24 mil<\/td>\n<td style=\"color: #d13237;\"><strong>ASTM F3561-Level 2<\/strong><\/td>\n<td>9%<\/td>\n<td>14%<\/td>\n<td>77%<\/td>\n<td>87%<\/td>\n<td>8%<\/td>\n<td>8%<\/td>\n<td>1%<\/td>\n<td>93%<\/td>\n<td>81%<\/td>\n<td>19%<\/td>\n<\/tr>\n<\/tbody>\n<\/table>\n<p>* Also available in exterior<br \/>\n** Include ANSI Z97 Certification \u2013 We have qualified our 12 mil safety film for ANSI Z97.1 and CPSC 16 CFR 1201 &#8211; This testing simulates human impact loads on glazed areas, including glass mirrors, in hazardous locations.<br \/>\n\u2020 Also available in 14 mil stack<br \/>\n\u2021 Include UL972 Certification \u2013 We have qualified our 16 mil safety film for UL972 &#8211; This testing is the standard for burglary and forced entry resistance glazing materials.\n<\/p><\/div>\n<p><strong><br \/>\nImportante:<\/strong> Todos os materiais testados foram aplicados em uma superf\u00edcie de vidro transparente de 1\u20444&#8243;, de acordo com os testes padr\u00e3o da ind\u00fastria. O objetivo pretendido dos dados fornecidos \u00e9 puramente comparativo.<\/p>\n","protected":false},"excerpt":{"rendered":"<p>Dados de desempenho do filme para janelas Testing Cert. %\u00a0Total Solar Refl %\u00a0Total Solar Absrb. %\u00a0Total Solar Trans. %\u00a0Visible Light Trans. %\u00a0Visible Light Refl.(int) %\u00a0Visible Light Refl.(ext) % Glare Reduct. Shading Coeff. Solar Heat Gain Coeff. % Total Solar Energy Reject. 4 mil 9% 10% 81% 89% 10% 10% 1% 97% 84% 16% 7 mil* [&hellip;]<\/p>\n","protected":false},"featured_media":0,"template":"","meta":{"_acf_changed":false},"product_brand":[],"product_cat":[56],"product_tag":[],"class_list":{"0":"post-8053","1":"product","2":"type-product","3":"status-publish","5":"product_cat-safety-series-portugese","7":"first","8":"instock","9":"shipping-taxable","10":"purchasable","11":"product-type-variable"},"acf":[],"_links":{"self":[{"href":"https:\/\/aswf.com\/pt-br\/wp-json\/wp\/v2\/product\/8053","targetHints":{"allow":["GET"]}}],"collection":[{"href":"https:\/\/aswf.com\/pt-br\/wp-json\/wp\/v2\/product"}],"about":[{"href":"https:\/\/aswf.com\/pt-br\/wp-json\/wp\/v2\/types\/product"}],"wp:attachment":[{"href":"https:\/\/aswf.com\/pt-br\/wp-json\/wp\/v2\/media?parent=8053"}],"wp:term":[{"taxonomy":"product_brand","embeddable":true,"href":"https:\/\/aswf.com\/pt-br\/wp-json\/wp\/v2\/product_brand?post=8053"},{"taxonomy":"product_cat","embeddable":true,"href":"https:\/\/aswf.com\/pt-br\/wp-json\/wp\/v2\/product_cat?post=8053"},{"taxonomy":"product_tag","embeddable":true,"href":"https:\/\/aswf.com\/pt-br\/wp-json\/wp\/v2\/product_tag?post=8053"}],"curies":[{"name":"wp","href":"https:\/\/api.w.org\/{rel}","templated":true}]}}