{"id":8023,"date":"2018-08-13T21:33:32","date_gmt":"2018-08-13T21:33:32","guid":{"rendered":"https:\/\/aswf.com\/product\/sky\/"},"modified":"2024-02-28T23:47:36","modified_gmt":"2024-02-28T23:47:36","slug":"sky","status":"publish","type":"product","link":"https:\/\/aswf.com\/pt-br\/produto\/sky\/","title":{"rendered":"Sky"},"content":{"rendered":"<p>A s\u00e9rie Sky \u00e9 um filme duplamente reflexivo que proporciona uma excelente rejei\u00e7\u00e3o de calor e uma reflexividade interna reduzida. Sua natureza dupla tamb\u00e9m funciona durante todo o ano, mantendo voc\u00ea fresco no ver\u00e3o e quente no inverno.<\/p>\n<div class=\"product-table\">\n<h2><span style=\"color: #d13239;\">Dados de desempenho do filme para janelas<\/span><\/h2>\n<table>\n<thead>\n<tr>\n<th><\/th>\n<th>%\u00a0Total<br \/>\nSolar<br \/>\nRefl<\/th>\n<th>%\u00a0Total<br \/>\nSolar<br \/>\nAbsrb.<\/th>\n<th>%\u00a0Total<br \/>\nSolar<br \/>\nTrans.<\/th>\n<th>%\u00a0Visible<br \/>\nLight<br \/>\nTrans.<\/th>\n<th>%\u00a0Visible<br \/>\nLight<br \/>\nRefl.(int)<\/th>\n<th>%\u00a0Visible<br \/>\nLight<br \/>\nRefl.(ext)<\/th>\n<th>% Glare<br \/>\nReduct.<\/th>\n<th>Shading<br \/>\nCoeff.<\/th>\n<th>Solar<br \/>\nHeat<br \/>\nGain<br \/>\nCoeff.<\/th>\n<th>% Total<br \/>\nSolar<br \/>\nEnergy<br \/>\nReject.<\/th>\n<th>NFRC<br \/>\nCert.<\/th>\n<th>Spec<br \/>\nSheet<\/th>\n<\/tr>\n<\/thead>\n<tbody>\n<tr>\n<td>10<\/td>\n<td>51%<\/td>\n<td>40%<\/td>\n<td>9%<\/td>\n<td>8%<\/td>\n<td>13%<\/td>\n<td>54%<\/td>\n<td>91%<\/td>\n<td>23%<\/td>\n<td>17%<\/td>\n<td>83%<\/td>\n<td><a href=\"https:\/\/aswf.com\/wp-content\/uploads\/2024\/02\/ERI-M-017-CAR-02-28-24.pdf\" target=\"_blank\" rel=\"noopener\"><img loading=\"lazy\" decoding=\"async\" class=\"alignright wp-image-141 size-full\" src=\"https:\/\/aswf.com\/wp-content\/uploads\/2018\/08\/nfrc-small.jpg\" alt=\"\" width=\"18\" height=\"18\" \/><\/a><\/td>\n<td><a href=\"https:\/\/aswf.com\/wp-content\/uploads\/2019\/01\/specs-sky10.pdf\" target=\"_blank\" rel=\"noopener\">View<\/a><\/td>\n<\/tr>\n<tr>\n<td>20<\/td>\n<td>34%<\/td>\n<td>44%<\/td>\n<td>22%<\/td>\n<td>23%<\/td>\n<td>16%<\/td>\n<td>33%<\/td>\n<td>74%<\/td>\n<td>39%<\/td>\n<td>30%<\/td>\n<td>70%<\/td>\n<td><a href=\"https:\/\/aswf.com\/wp-content\/uploads\/2024\/02\/ERI-M-018-CAR-02-28-24.pdf\" target=\"_blank\" rel=\"noopener\"><img loading=\"lazy\" decoding=\"async\" class=\"alignright wp-image-141 size-full\" src=\"https:\/\/aswf.com\/wp-content\/uploads\/2018\/08\/nfrc-small.jpg\" alt=\"\" width=\"18\" height=\"18\" \/><\/a><\/td>\n<td><a href=\"https:\/\/aswf.com\/wp-content\/uploads\/2019\/01\/specs-sky20.pdf\" target=\"_blank\" rel=\"noopener\">View<\/a><\/td>\n<\/tr>\n<tr>\n<td>30<\/td>\n<td>35%<\/td>\n<td>41%<\/td>\n<td>24%<\/td>\n<td>30%<\/td>\n<td>26%<\/td>\n<td>34%<\/td>\n<td>66%<\/td>\n<td>40%<\/td>\n<td>35%<\/td>\n<td>65%<\/td>\n<td><a href=\"https:\/\/aswf.com\/wp-content\/uploads\/2024\/02\/ERI-M-019-CAR-02-28-24.pdf\" target=\"_blank\" rel=\"noopener\"><img loading=\"lazy\" decoding=\"async\" class=\"alignright wp-image-141 size-full\" src=\"https:\/\/aswf.com\/wp-content\/uploads\/2018\/08\/nfrc-small.jpg\" alt=\"\" width=\"18\" height=\"18\" \/><\/a><\/td>\n<td><a href=\"https:\/\/aswf.com\/wp-content\/uploads\/2019\/01\/specs-sky30.pdf\" target=\"_blank\" rel=\"noopener\">View<\/a><\/td>\n<\/tr>\n<tr>\n<td>40<\/td>\n<td>22%<\/td>\n<td>42%<\/td>\n<td>36%<\/td>\n<td>37%<\/td>\n<td>21%<\/td>\n<td>28%<\/td>\n<td>52%<\/td>\n<td>54%<\/td>\n<td>45%<\/td>\n<td>55%<\/td>\n<td><a href=\"https:\/\/aswf.com\/wp-content\/uploads\/2024\/02\/ERI-M-020-CAR-02-28-24.pdf\" target=\"_blank\" rel=\"noopener\"><img loading=\"lazy\" decoding=\"async\" class=\"alignright wp-image-141 size-full\" src=\"https:\/\/aswf.com\/wp-content\/uploads\/2018\/08\/nfrc-small.jpg\" alt=\"\" width=\"18\" height=\"18\" \/><\/a><\/td>\n<td><a href=\"https:\/\/aswf.com\/wp-content\/uploads\/2019\/01\/specs-sky40.pdf\" target=\"_blank\" rel=\"noopener\">View<\/a><\/td>\n<\/tr>\n<\/tbody>\n<\/table>\n<\/div>\n<p><strong><img loading=\"lazy\" decoding=\"async\" class=\"alignleft size-full wp-image-140\" src=\"https:\/\/aswf.com\/wp-content\/uploads\/2023\/08\/nfrc-bottom.jpg\" alt=\"\" width=\"120\" height=\"164\" \/>Importante: <\/strong>Todos os materiais testados foram aplicados em uma superf\u00edcie de vidro transparente de 1\u20444&#8243; de acordo com testes e m\u00e9todos padr\u00e3o da ind\u00fastria.O objetivo dos dados fornecidos \u00e9 estritamente comparativo.<\/p>\n<p>Observa\u00e7\u00e3o: Os filmes que exibem o logotipo do National Fenestration Rating Council <img decoding=\"async\" src=\"https:\/\/aswf.com\/wp-content\/uploads\/2018\/08\/nfrc-small.jpg\" \/> s\u00e3o certificados pelo NFRC usando c\u00e1lculos de teste padr\u00e3o da ind\u00fastria em vidro transparente de 1\u20444 e 1\u20448. Fabricante: Erickson International LLC.<\/p>\n<p><a href=\"http:\/\/aswf.com\/nfrc-certified\">Veja a lista completa de filmes certificados pelo NFRC da ASWF.<\/a>.<\/p>\n<p><strong>Observa\u00e7\u00e3o: Os filmes arquitet\u00f4nicos da ASWF para janelas, solares, de prote\u00e7\u00e3o e design bloqueiam efetivamente 99% dos raios ultravioletas (UV).<\/strong><\/p>\n","protected":false},"excerpt":{"rendered":"<p>A s\u00e9rie Sky \u00e9 um filme duplamente reflexivo que proporciona uma excelente rejei\u00e7\u00e3o de calor e uma reflexividade interna reduzida. Sua natureza dupla tamb\u00e9m funciona durante todo o ano, mantendo voc\u00ea fresco no ver\u00e3o e quente no inverno. Dados de desempenho do filme para janelas %\u00a0Total Solar Refl %\u00a0Total Solar Absrb. %\u00a0Total Solar Trans. %\u00a0Visible [&hellip;]<\/p>\n","protected":false},"featured_media":0,"template":"","meta":{"_acf_changed":false},"product_brand":[],"product_cat":[55],"product_tag":[],"class_list":{"0":"post-8023","1":"product","2":"type-product","3":"status-publish","5":"product_cat-solar-series-portugese","7":"first","8":"instock","9":"shipping-taxable","10":"purchasable","11":"product-type-variable"},"acf":[],"_links":{"self":[{"href":"https:\/\/aswf.com\/pt-br\/wp-json\/wp\/v2\/product\/8023","targetHints":{"allow":["GET"]}}],"collection":[{"href":"https:\/\/aswf.com\/pt-br\/wp-json\/wp\/v2\/product"}],"about":[{"href":"https:\/\/aswf.com\/pt-br\/wp-json\/wp\/v2\/types\/product"}],"wp:attachment":[{"href":"https:\/\/aswf.com\/pt-br\/wp-json\/wp\/v2\/media?parent=8023"}],"wp:term":[{"taxonomy":"product_brand","embeddable":true,"href":"https:\/\/aswf.com\/pt-br\/wp-json\/wp\/v2\/product_brand?post=8023"},{"taxonomy":"product_cat","embeddable":true,"href":"https:\/\/aswf.com\/pt-br\/wp-json\/wp\/v2\/product_cat?post=8023"},{"taxonomy":"product_tag","embeddable":true,"href":"https:\/\/aswf.com\/pt-br\/wp-json\/wp\/v2\/product_tag?post=8023"}],"curies":[{"name":"wp","href":"https:\/\/api.w.org\/{rel}","templated":true}]}}