{"id":8017,"date":"2018-08-13T21:29:52","date_gmt":"2018-08-13T21:29:52","guid":{"rendered":"https:\/\/aswf.com\/product\/daydream\/"},"modified":"2024-02-28T23:42:35","modified_gmt":"2024-02-28T23:42:35","slug":"daydream","status":"publish","type":"product","link":"https:\/\/aswf.com\/pt-br\/produto\/daydream\/","title":{"rendered":"Daydream"},"content":{"rendered":"<p>A s\u00e9rie Daydream \u00e9 um filme refletivo projetado especificamente para o mercado residencial. Esta s\u00e9rie de filmes reduz o ganho de calor solar e diminui o desconforto do brilho, ao mesmo tempo em que apresenta uma m\u00ednima reflexividade interna..<\/p>\n<div class=\"product-table\">\n<h2><span style=\"color: #d13239;\">Dados de desempenho do filme para janelas<\/span><\/h2>\n<table>\n<thead>\n<tr>\n<th><\/th>\n<th>%\u00a0Total<br \/>\nSolar<br \/>\nRefl<\/th>\n<th>%\u00a0Total<br \/>\nSolar<br \/>\nAbsrb.<\/th>\n<th>%\u00a0Total<br \/>\nSolar<br \/>\nTrans.<\/th>\n<th>%\u00a0Visible<br \/>\nLight<br \/>\nTrans.<\/th>\n<th>%\u00a0Visible<br \/>\nLight<br \/>\nRefl.(int)<\/th>\n<th>%\u00a0Visible<br \/>\nLight<br \/>\nRefl.(ext)<\/th>\n<th>% Glare<br \/>\nReduct.<\/th>\n<th>Shading<br \/>\nCoeff.<\/th>\n<th>Solar<br \/>\nHeat<br \/>\nGain<br \/>\nCoeff.<\/th>\n<th>% Total<br \/>\nSolar<br \/>\nEnergy<br \/>\nReject.<\/th>\n<th>NFRC<br \/>\nCert.<\/th>\n<th>Spec<br \/>\nSheet<\/th>\n<\/tr>\n<\/thead>\n<tbody>\n<tr>\n<td>5<\/td>\n<td>53%<\/td>\n<td>36%<\/td>\n<td>11%<\/td>\n<td>6%<\/td>\n<td>11%<\/td>\n<td>50%<\/td>\n<td>92%<\/td>\n<td>24%<\/td>\n<td>20%<\/td>\n<td>80%<\/td>\n<td><\/td>\n<td><a href=\"https:\/\/aswf.com\/wp-content\/uploads\/2019\/01\/specs-daydream5.pdf\" target=\"_blank\" rel=\"noopener\">View<\/a><\/td>\n<\/tr>\n<tr>\n<td>15<\/td>\n<td>38%<\/td>\n<td>44%<\/td>\n<td>18%<\/td>\n<td>17%<\/td>\n<td>13%<\/td>\n<td>37%<\/td>\n<td>81%<\/td>\n<td>24%<\/td>\n<td>29%<\/td>\n<td>71%<\/td>\n<td><a href=\"https:\/\/aswf.com\/wp-content\/uploads\/2024\/02\/ERI-M-002-CAR-02-28-24.pdf\" target=\"_blank\" rel=\"noopener\"><img loading=\"lazy\" decoding=\"async\" class=\"alignright wp-image-141 size-full\" src=\"https:\/\/aswf.com\/wp-content\/uploads\/2018\/08\/nfrc-small.jpg\" alt=\"\" width=\"18\" height=\"18\" \/><\/a><\/td>\n<td><a href=\"https:\/\/aswf.com\/wp-content\/uploads\/2019\/01\/specs-daydream15.pdf\" target=\"_blank\" rel=\"noopener\">View<\/a><\/td>\n<\/tr>\n<tr>\n<td>25<\/td>\n<td>32%<\/td>\n<td>43%<\/td>\n<td>25%<\/td>\n<td>28%<\/td>\n<td>18%<\/td>\n<td>31%<\/td>\n<td>68%<\/td>\n<td>35%<\/td>\n<td>36%<\/td>\n<td>64%<\/td>\n<td><a href=\"https:\/\/aswf.com\/wp-content\/uploads\/2024\/02\/ERI-M-003-CAR-02-28-24.pdf\" target=\"_blank\" rel=\"noopener\"><img loading=\"lazy\" decoding=\"async\" class=\"alignright wp-image-141 size-full\" src=\"https:\/\/aswf.com\/wp-content\/uploads\/2018\/08\/nfrc-small.jpg\" alt=\"\" width=\"18\" height=\"18\" \/><\/a><\/td>\n<td><a href=\"https:\/\/aswf.com\/wp-content\/uploads\/2019\/01\/specs-daydream25.pdf\" target=\"_blank\" rel=\"noopener\">View<\/a><\/td>\n<\/tr>\n<tr>\n<td>35<\/td>\n<td>20%<\/td>\n<td>45%<\/td>\n<td>35%<\/td>\n<td>38%<\/td>\n<td>12%<\/td>\n<td>18%<\/td>\n<td>57%<\/td>\n<td>47%<\/td>\n<td>48%<\/td>\n<td>52%<\/td>\n<td><a href=\"https:\/\/aswf.com\/wp-content\/uploads\/2024\/02\/ERI-M-001-CAR-02-28-24.pdf\" target=\"_blank\" rel=\"noopener\"><img loading=\"lazy\" decoding=\"async\" class=\"alignright wp-image-141 size-full\" src=\"https:\/\/aswf.com\/wp-content\/uploads\/2018\/08\/nfrc-small.jpg\" alt=\"\" width=\"18\" height=\"18\" \/><\/a><\/td>\n<td><a href=\"https:\/\/aswf.com\/wp-content\/uploads\/2019\/01\/specs-daydream35.pdf\" target=\"_blank\" rel=\"noopener\">View<\/a><\/td>\n<\/tr>\n<\/tbody>\n<\/table>\n<\/div>\n<p>strong><img loading=\"lazy\" decoding=\"async\" class=\"alignleft size-full wp-image-140\" src=\"https:\/\/aswf.com\/wp-content\/uploads\/2023\/08\/nfrc-bottom.jpg\" alt=\"\" width=\"120\" height=\"164\" \/>Importante: <\/strong>Todos os materiais testados foram aplicados em uma superf\u00edcie de vidro transparente de 1\u20444&#8243; de acordo com testes e m\u00e9todos padr\u00e3o da ind\u00fastria.O objetivo dos dados fornecidos \u00e9 estritamente comparativo.<\/p>\n<p>Observa\u00e7\u00e3o: Os filmes que exibem o logotipo do National Fenestration Rating Council <img decoding=\"async\" src=\"https:\/\/aswf.com\/wp-content\/uploads\/2018\/08\/nfrc-small.jpg\" \/> s\u00e3o certificados pelo NFRC usando c\u00e1lculos de teste padr\u00e3o da ind\u00fastria em vidro transparente de 1\u20444 e 1\u20448. Fabricante: Erickson International LLC.<\/p>\n<p><a href=\"http:\/\/aswf.com\/nfrc-certified\">Veja a lista completa de filmes certificados pelo NFRC da ASWF.<\/a>.<\/p>\n<p><strong>Observa\u00e7\u00e3o: Os filmes arquitet\u00f4nicos da ASWF para janelas, solares, de prote\u00e7\u00e3o e design bloqueiam efetivamente 99% dos raios ultravioletas (UV).<\/strong><\/p>\n","protected":false},"excerpt":{"rendered":"<p>A s\u00e9rie Daydream \u00e9 um filme refletivo projetado especificamente para o mercado residencial. Esta s\u00e9rie de filmes reduz o ganho de calor solar e diminui o desconforto do brilho, ao mesmo tempo em que apresenta uma m\u00ednima reflexividade interna.. Dados de desempenho do filme para janelas %\u00a0Total Solar Refl %\u00a0Total Solar Absrb. %\u00a0Total Solar Trans. [&hellip;]<\/p>\n","protected":false},"featured_media":0,"template":"","meta":{"_acf_changed":false},"product_brand":[],"product_cat":[55],"product_tag":[],"class_list":{"0":"post-8017","1":"product","2":"type-product","3":"status-publish","5":"product_cat-solar-series-portugese","7":"first","8":"instock","9":"shipping-taxable","10":"purchasable","11":"product-type-variable"},"acf":[],"_links":{"self":[{"href":"https:\/\/aswf.com\/pt-br\/wp-json\/wp\/v2\/product\/8017","targetHints":{"allow":["GET"]}}],"collection":[{"href":"https:\/\/aswf.com\/pt-br\/wp-json\/wp\/v2\/product"}],"about":[{"href":"https:\/\/aswf.com\/pt-br\/wp-json\/wp\/v2\/types\/product"}],"wp:attachment":[{"href":"https:\/\/aswf.com\/pt-br\/wp-json\/wp\/v2\/media?parent=8017"}],"wp:term":[{"taxonomy":"product_brand","embeddable":true,"href":"https:\/\/aswf.com\/pt-br\/wp-json\/wp\/v2\/product_brand?post=8017"},{"taxonomy":"product_cat","embeddable":true,"href":"https:\/\/aswf.com\/pt-br\/wp-json\/wp\/v2\/product_cat?post=8017"},{"taxonomy":"product_tag","embeddable":true,"href":"https:\/\/aswf.com\/pt-br\/wp-json\/wp\/v2\/product_tag?post=8017"}],"curies":[{"name":"wp","href":"https:\/\/api.w.org\/{rel}","templated":true}]}}