{"id":8000,"date":"2022-10-15T14:49:20","date_gmt":"2022-10-15T14:49:20","guid":{"rendered":"https:\/\/aswf.com\/product\/twilight\/"},"modified":"2024-10-08T22:43:35","modified_gmt":"2024-10-08T22:43:35","slug":"twilight","status":"publish","type":"product","link":"https:\/\/aswf.com\/pt-br\/produto\/twilight\/","title":{"rendered":"Twilight"},"content":{"rendered":"<p>A magia da tecnologia desafia as leis da f\u00edsica! Um elegante filme escuro para janelas, sem reflexos, que oferece um desempenho incompar\u00e1vel em sua categoria.<\/p>\n<p>O Twilight oferece o filme para janelas mais escuro dispon\u00edvel na ind\u00fastria, com baixa reflect\u00e2ncia e baixa absor\u00e7\u00e3o. Um avan\u00e7o inovador em tecnologia que oferece o primeiro e \u00daNICO filme para janelas escuro, n\u00e3o reflexivo e de baixa absor\u00e7\u00e3o, desenvolvido especificamente para aplica\u00e7\u00f5es arquitet\u00f4nicas de filmes para janelas.<\/p>\n<div class=\"product-table\">\n<h2><span style=\"color: #d13239;\">Dados de desempenho do filme para janelas<\/span><\/h2>\n<table>\n<thead>\n<tr>\n<th><\/th>\n<th>%\u00a0Total<br \/>\nSolar<br \/>\nRefl<\/th>\n<th>%\u00a0Total<br \/>\nSolar<br \/>\nAbsrb.<\/th>\n<th>%\u00a0Total<br \/>\nSolar<br \/>\nTrans.<\/th>\n<th>%\u00a0Visible<br \/>\nLight<br \/>\nTrans.<\/th>\n<th>%\u00a0Visible<br \/>\nLight<br \/>\nRefl.(int)<\/th>\n<th>%\u00a0Visible<br \/>\nLight<br \/>\nRefl.(ext)<\/th>\n<th>% Glare<br \/>\nReduct.<\/th>\n<th>Shading<br \/>\nCoeff.<\/th>\n<th>Solar<br \/>\nHeat<br \/>\nGain<br \/>\nCoeff.<\/th>\n<th>% Infrared<br \/>\nReject.<br \/>\n.78-2.5nm<\/th>\n<th>% Total<br \/>\nSolar<br \/>\nEnergy<br \/>\nReject.<\/th>\n<th>NFRC<br \/>\nCert.<\/th>\n<th>Spec<br \/>\nSheet<\/th>\n<\/tr>\n<\/thead>\n<tbody>\n<tr>\n<td>10<\/td>\n<td>37%<\/td>\n<td>48%<\/td>\n<td>16%<\/td>\n<td>10%<\/td>\n<td>6%<\/td>\n<td><strong>10%<\/strong><\/td>\n<td>89%<\/td>\n<td>33%<\/td>\n<td>28%<\/td>\n<td>86%<\/td>\n<td>72%<\/td>\n<td><a href=\"https:\/\/aswf.com\/wp-content\/uploads\/2023\/09\/ERI-M-032-CAR-07-25-23.pdf\" target=\"_blank\" rel=\"noopener\"><img loading=\"lazy\" decoding=\"async\" class=\"alignright wp-image-141 size-full\" src=\"https:\/\/aswf.com\/wp-content\/uploads\/2018\/08\/nfrc-small.jpg\" alt=\"\" width=\"18\" height=\"18\" \/><\/a><\/td>\n<td><a href=\"https:\/\/aswf.com\/wp-content\/uploads\/2024\/10\/twilight-10.pdf\" target=\"_blank\" rel=\"noopener noreferrer\">View<\/a><\/td>\n<\/tr>\n<tr>\n<td>20<\/td>\n<td>31%<\/td>\n<td>44%<\/td>\n<td>25%<\/td>\n<td>20%<\/td>\n<td>8%<\/td>\n<td><strong>9%<\/strong><\/td>\n<td>78%<\/td>\n<td>42%<\/td>\n<td>36%<\/td>\n<td>79%<\/td>\n<td>64%<\/td>\n<td><\/td>\n<td><a href=\"https:\/\/aswf.com\/wp-content\/uploads\/2024\/10\/twilight-20.pdf\" target=\"_blank\" rel=\"noopener noreferrer\">View<\/a><\/td>\n<\/tr>\n<tr>\n<td>35<\/td>\n<td>28%<\/td>\n<td>36%<\/td>\n<td>36%<\/td>\n<td>34%<\/td>\n<td>9%<\/td>\n<td><strong>11%<\/strong><\/td>\n<td>63%<\/td>\n<td>52%<\/td>\n<td>45%<\/td>\n<td>71%<\/td>\n<td>55%<\/td>\n<td><a href=\"https:\/\/aswf.com\/wp-content\/uploads\/2023\/09\/ERI-M-034-CAR-07-25-23.pdf\" target=\"_blank\" rel=\"noopener\"><img loading=\"lazy\" decoding=\"async\" class=\"alignright wp-image-141 size-full\" src=\"https:\/\/aswf.com\/wp-content\/uploads\/2018\/08\/nfrc-small.jpg\" alt=\"\" width=\"18\" height=\"18\" \/><\/a><\/td>\n<td><a href=\"https:\/\/aswf.com\/wp-content\/uploads\/2024\/10\/twilight-35.pdf\" target=\"_blank\" rel=\"noopener noreferrer\">View<\/a><\/td>\n<\/tr>\n<\/tbody>\n<\/table>\n<\/div>\n<p>&nbsp;<br \/>\n<strong><img loading=\"lazy\" decoding=\"async\" class=\"alignleft size-full wp-image-140\" src=\"https:\/\/aswf.com\/wp-content\/uploads\/2023\/08\/nfrc-bottom.jpg\" alt=\"\" width=\"120\" height=\"164\" \/>Importante: <\/strong>Todos os materiais testados foram aplicados em uma superf\u00edcie de vidro transparente de 1\u20444&#8243; de acordo com testes e m\u00e9todos padr\u00e3o da ind\u00fastria.O objetivo dos dados fornecidos \u00e9 estritamente comparativo.<\/p>\n<p>Observa\u00e7\u00e3o: Os filmes que exibem o logotipo do National Fenestration Rating Council <img decoding=\"async\" src=\"https:\/\/aswf.com\/wp-content\/uploads\/2018\/08\/nfrc-small.jpg\" \/> s\u00e3o certificados pelo NFRC usando c\u00e1lculos de teste padr\u00e3o da ind\u00fastria em vidro transparente de 1\u20444 e 1\u20448. Fabricante: Erickson International LLC.<\/p>\n<p><a href=\"http:\/\/aswf.com\/nfrc-certified\">Veja a lista completa de filmes certificados pelo NFRC da ASWF.<\/a>.<\/p>\n<p><strong>Observa\u00e7\u00e3o: Os filmes arquitet\u00f4nicos da ASWF para janelas, solares, de prote\u00e7\u00e3o e design bloqueiam efetivamente 99% dos raios ultravioletas (UV).<\/strong><\/p>\n<p><span style=\"color: #ce343c;\"><b>Apoio de garantia vital\u00edcia de f\u00e1brica!<\/b><\/span><\/p>\n<p>Este filme \u00e9 oferecido apenas em edi\u00e7\u00e3o limitada, ent\u00e3o consulte seu distribuidor <a href=\"http:\/\/aswf.com\/contact-us\/\">local<\/a> ou <a href=\"http:\/\/aswf.com\/contact-us-international\/\">internacional<\/a> mais pr\u00f3ximo da ASWF.<\/p>\n","protected":false},"excerpt":{"rendered":"<p>A magia da tecnologia desafia as leis da f\u00edsica! Um elegante filme escuro para janelas, sem reflexos, que oferece um desempenho incompar\u00e1vel em sua categoria. O Twilight oferece o filme para janelas mais escuro dispon\u00edvel na ind\u00fastria, com baixa reflect\u00e2ncia e baixa absor\u00e7\u00e3o. Um avan\u00e7o inovador em tecnologia que oferece o primeiro e \u00daNICO filme [&hellip;]<\/p>\n","protected":false},"featured_media":0,"template":"","meta":{"_acf_changed":false},"product_brand":[],"product_cat":[62],"product_tag":[],"class_list":{"0":"post-8000","1":"product","2":"type-product","3":"status-publish","5":"product_cat-exclusive-architecture-portugese","7":"first","8":"instock","9":"shipping-taxable","10":"purchasable","11":"product-type-simple"},"acf":[],"_links":{"self":[{"href":"https:\/\/aswf.com\/pt-br\/wp-json\/wp\/v2\/product\/8000","targetHints":{"allow":["GET"]}}],"collection":[{"href":"https:\/\/aswf.com\/pt-br\/wp-json\/wp\/v2\/product"}],"about":[{"href":"https:\/\/aswf.com\/pt-br\/wp-json\/wp\/v2\/types\/product"}],"wp:attachment":[{"href":"https:\/\/aswf.com\/pt-br\/wp-json\/wp\/v2\/media?parent=8000"}],"wp:term":[{"taxonomy":"product_brand","embeddable":true,"href":"https:\/\/aswf.com\/pt-br\/wp-json\/wp\/v2\/product_brand?post=8000"},{"taxonomy":"product_cat","embeddable":true,"href":"https:\/\/aswf.com\/pt-br\/wp-json\/wp\/v2\/product_cat?post=8000"},{"taxonomy":"product_tag","embeddable":true,"href":"https:\/\/aswf.com\/pt-br\/wp-json\/wp\/v2\/product_tag?post=8000"}],"curies":[{"name":"wp","href":"https:\/\/api.w.org\/{rel}","templated":true}]}}