{"id":7997,"date":"2019-06-21T22:00:23","date_gmt":"2019-06-21T22:00:23","guid":{"rendered":"https:\/\/aswf.com\/?post_type=product&#038;p=7997"},"modified":"2024-10-08T21:36:32","modified_gmt":"2024-10-08T21:36:32","slug":"aurora","status":"publish","type":"product","link":"https:\/\/aswf.com\/pt-br\/produto\/aurora\/","title":{"rendered":"Aurora"},"content":{"rendered":"<p>O filme arquitet\u00f4nico mais elegante do mercado, a s\u00e9rie AURORA da ASWF certamente deixar\u00e1 uma impress\u00e3o duradoura. Com tecnologia patenteada de multicamadas e pulveriza\u00e7\u00e3o, a Aurora oferece um desempenho incompar\u00e1vel.<\/p>\n<p>AURORA, com sua clareza HD incompar\u00e1vel, uma rejei\u00e7\u00e3o sem precedentes de 97% de infravermelho (IR) e um excepcional percentual de 60% de rejei\u00e7\u00e3o total de energia solar (TSER), proporciona elegantemente um ambiente fresco e confort\u00e1vel, ao contr\u00e1rio de qualquer outro filme para janelas.<\/p>\n<div class=\"product-table\">\n<h2><span style=\"color: #d13239;\">Dados de desempenho do filme para janelas<\/span><\/h2>\n<table>\n<thead>\n<tr>\n<th><\/th>\n<th>%\u00a0Total<br \/>\nSolar<br \/>\nRefl<\/th>\n<th>%\u00a0Total<br \/>\nSolar<br \/>\nAbsrb.<\/th>\n<th>%\u00a0Total<br \/>\nSolar<br \/>\nTrans.<\/th>\n<th>%\u00a0Visible<br \/>\nLight<br \/>\nTrans.<\/th>\n<th>%\u00a0Visible<br \/>\nLight<br \/>\nRefl.(int)<\/th>\n<th>%\u00a0Visible<br \/>\nLight<br \/>\nRefl.(ext)<\/th>\n<th>% Glare<br \/>\nReduct.<\/th>\n<th>Shading<br \/>\nCoeff.<\/th>\n<th>Solar<br \/>\nHeat<br \/>\nGain<br \/>\nCoeff.<\/th>\n<th>% Infrared<br \/>\nReject.<br \/>\n.78-2.5nm<\/th>\n<th>% Total<br \/>\nSolar<br \/>\nEnergy<br \/>\nReject.<\/th>\n<th>Spec<br \/>\nSheet<\/th>\n<\/tr>\n<\/thead>\n<tbody>\n<tr>\n<td>40<\/td>\n<td>30%<\/td>\n<td>43%<\/td>\n<td>21%<\/td>\n<td>47%<\/td>\n<td>8%<\/td>\n<td>14%<\/td>\n<td>47%<\/td>\n<td>44%<\/td>\n<td>38%<\/td>\n<td>94%<\/td>\n<td>62%<\/td>\n<td><a href=\"https:\/\/aswf.com\/wp-content\/uploads\/2024\/10\/aurora-40.pdf\" target=\"_blank\" rel=\"noopener noreferrer\">View<\/a><\/td>\n<\/tr>\n<tr>\n<td>70<\/td>\n<td>20%<\/td>\n<td>42%<\/td>\n<td>38%<\/td>\n<td>70%<\/td>\n<td>10%<\/td>\n<td>8%<\/td>\n<td>25%<\/td>\n<td>59%<\/td>\n<td>51%<\/td>\n<td>91%<\/td>\n<td>50%<\/td>\n<td><a href=\"https:\/\/aswf.com\/wp-content\/uploads\/2024\/10\/aurora-70.pdf\" target=\"_blank\" rel=\"noopener noreferrer\">View<\/a><\/td>\n<\/tr>\n<\/tbody>\n<\/table>\n<\/div>\n<p>&nbsp;<\/p>\n<p><span style=\"color: #ce343c;\"><b>Amparado por uma garantia vital\u00edcia residencial.<br \/>Amparado por uma garantia comercial de 15 anos.<\/b><\/span><\/p>\n<p>Este filme \u00e9 oferecido apenas em edi\u00e7\u00e3o limitada, ent\u00e3o consulte seu distribuidor <a href=\"http:\/\/aswf.com\/contact-us\/\">local<\/a> ou <a href=\"http:\/\/aswf.com\/contact-us-international\/\">internacional<\/a> mais pr\u00f3ximo da ASWF.<\/p>\n<p><strong>Observa\u00e7\u00e3o: Os filmes arquitet\u00f4nicos da ASWF para janelas, solares, de prote\u00e7\u00e3o e design bloqueiam efetivamente 99% dos raios ultravioletas (UV).<\/strong><\/p>\n","protected":false},"excerpt":{"rendered":"<p>O filme arquitet\u00f4nico mais elegante do mercado, a s\u00e9rie AURORA da ASWF certamente deixar\u00e1 uma impress\u00e3o duradoura. Com tecnologia patenteada de multicamadas e pulveriza\u00e7\u00e3o, a Aurora oferece um desempenho incompar\u00e1vel. AURORA, com sua clareza HD incompar\u00e1vel, uma rejei\u00e7\u00e3o sem precedentes de 97% de infravermelho (IR) e um excepcional percentual de 60% de rejei\u00e7\u00e3o total de [&hellip;]<\/p>\n","protected":false},"featured_media":0,"template":"","meta":{"_acf_changed":false},"product_brand":[],"product_cat":[62],"product_tag":[],"class_list":{"0":"post-7997","1":"product","2":"type-product","3":"status-publish","5":"product_cat-exclusive-architecture-portugese","7":"first","8":"instock","9":"shipping-taxable","10":"purchasable","11":"product-type-simple"},"acf":[],"_links":{"self":[{"href":"https:\/\/aswf.com\/pt-br\/wp-json\/wp\/v2\/product\/7997","targetHints":{"allow":["GET"]}}],"collection":[{"href":"https:\/\/aswf.com\/pt-br\/wp-json\/wp\/v2\/product"}],"about":[{"href":"https:\/\/aswf.com\/pt-br\/wp-json\/wp\/v2\/types\/product"}],"wp:attachment":[{"href":"https:\/\/aswf.com\/pt-br\/wp-json\/wp\/v2\/media?parent=7997"}],"wp:term":[{"taxonomy":"product_brand","embeddable":true,"href":"https:\/\/aswf.com\/pt-br\/wp-json\/wp\/v2\/product_brand?post=7997"},{"taxonomy":"product_cat","embeddable":true,"href":"https:\/\/aswf.com\/pt-br\/wp-json\/wp\/v2\/product_cat?post=7997"},{"taxonomy":"product_tag","embeddable":true,"href":"https:\/\/aswf.com\/pt-br\/wp-json\/wp\/v2\/product_tag?post=7997"}],"curies":[{"name":"wp","href":"https:\/\/api.w.org\/{rel}","templated":true}]}}