{"id":8077,"date":"2018-09-13T20:12:45","date_gmt":"2018-09-13T20:12:45","guid":{"rendered":"https:\/\/aswf.com\/downloads\/"},"modified":"2025-10-29T16:50:52","modified_gmt":"2025-10-29T16:50:52","slug":"transferencias","status":"publish","type":"page","link":"https:\/\/aswf.com\/pt-br\/transferencias\/","title":{"rendered":"Transfer\u00eancias"},"content":{"rendered":"<div id=\"pl-8077\"  class=\"panel-layout\" ><div id=\"pg-8077-0\"  class=\"panel-grid panel-no-style\" ><div id=\"pgc-8077-0-0\"  class=\"panel-grid-cell\" ><div id=\"panel-8077-0-0-0\" class=\"so-panel widget widget_sow-editor panel-first-child\" data-index=\"0\" ><div\n\t\t\t\n\t\t\tclass=\"so-widget-sow-editor so-widget-sow-editor-base\"\n\t\t\t\n\t\t>\n<div class=\"siteorigin-widget-tinymce textwidget\">\n\t<h1 id=\"TextTitle\">Geral<\/h1>\n<div class=\"product-table\">\n<table>\n<tbody>\n<tr>\n<td style=\"text-align: left;\">Solicita\u00e7\u00e3o de aceita\u00e7\u00e3o de cheques<\/td>\n<td><a href=\"http:\/\/aswf.com\/wp-content\/uploads\/2018\/09\/check_acceptance.pdf\" target=\"_blank\" rel=\"noopener\"> Baixar <\/a><\/td>\n<\/tr>\n<tr>\n<td style=\"text-align: left;\">Formul\u00e1rio de configura\u00e7\u00e3o e informa\u00e7\u00f5es de nova conta<\/td>\n<td><a href=\"http:\/\/aswf.com\/wp-content\/uploads\/2018\/09\/new_account.pdf\" target=\"_blank\" rel=\"noopener\">Baixar<\/a><\/td>\n<\/tr>\n<tr>\n<td style=\"text-align: left;\">Formul\u00e1rio de pedido de produtos<\/td>\n<td><a href=\"http:\/\/aswf.com\/wp-content\/uploads\/2018\/09\/product_order_form.pdf\" target=\"_blank\" rel=\"noopener\"> Baixar <\/a><\/td>\n<\/tr>\n<tr>\n<td style=\"text-align: left;\">Tabela de garantias<\/td>\n<td><a href=\"http:\/\/aswf.com\/wp-content\/uploads\/2018\/09\/warranty_chart.pdf\" target=\"_blank\" rel=\"noopener\"> Baixar<\/a><\/td>\n<\/tr>\n<\/tbody>\n<\/table>\n<\/div>\n<\/div>\n<\/div><\/div><div id=\"panel-8077-0-0-1\" class=\"so-panel widget widget_sow-editor panel-last-child\" data-index=\"1\" ><div\n\t\t\t\n\t\t\tclass=\"so-widget-sow-editor so-widget-sow-editor-base\"\n\t\t\t\n\t\t>\n<div class=\"siteorigin-widget-tinymce textwidget\">\n\t<h1 id=\"TextTitle\">Arquitetura<\/h1>\n<div class=\"product-table\">\n<table>\n<tbody>\n<tr>\n<td style=\"text-align: left;\">Folha de especifica\u00e7\u00f5es<\/td>\n<td><a href=\"https:\/\/aswf.com\/wp-content\/uploads\/2025\/04\/specs-architectural-04-25.pdf\" target=\"_blank\" rel=\"noopener\">Baixar<\/a><\/td>\n<\/tr>\n<tr>\n<td style=\"text-align: left;\">Brochura de prote\u00e7\u00e3o contra vandalismo<\/td>\n<td><a href=\"http:\/\/aswf.com\/wp-content\/uploads\/2018\/09\/graffiti.pdf\" target=\"_blank\" rel=\"noopener\">Baixar<\/a><\/td>\n<\/tr>\n<tr>\n<td style=\"text-align: left;\">Garantia<\/td>\n<td><a href=\"https:\/\/aswf.com\/wp-content\/uploads\/2025\/10\/warranty-architectural-10-25.pdf\" target=\"_blank\" rel=\"noopener\">Baixar<\/a><\/td>\n<\/tr>\n<\/tbody>\n<\/table>\n<\/div>\n<\/div>\n<\/div><\/div><\/div><div id=\"pgc-8077-0-1\"  class=\"panel-grid-cell\" ><div id=\"panel-8077-0-1-0\" class=\"so-panel widget widget_sow-editor panel-first-child\" data-index=\"2\" ><div\n\t\t\t\n\t\t\tclass=\"so-widget-sow-editor so-widget-sow-editor-base\"\n\t\t\t\n\t\t>\n<div class=\"siteorigin-widget-tinymce textwidget\">\n\t<h1 id=\"TextTitle\">Automotivo<\/h1>\n<div class=\"product-table\">\n<table>\n<tbody>\n<tr>\n<td style=\"text-align: left;\">Folha de especifica\u00e7\u00f5es<\/td>\n<td><a href=\"https:\/\/aswf.com\/wp-content\/uploads\/2023\/06\/specs-automotive.pdf\" target=\"_blank\" rel=\"noopener\">Baixar<\/a><\/td>\n<\/tr>\n<tr>\n<td style=\"text-align: left;\">Garantia<\/td>\n<td><a href=\"https:\/\/aswf.com\/wp-content\/uploads\/2025\/07\/Warranty-automotive_07-25.pdf\" target=\"_blank\" rel=\"noopener\">Baixar<\/a><\/td>\n<\/tr>\n<\/tbody>\n<\/table>\n<\/div>\n<\/div>\n<\/div><\/div><div id=\"panel-8077-0-1-1\" class=\"so-panel widget widget_sow-editor panel-last-child\" data-index=\"3\" ><div\n\t\t\t\n\t\t\tclass=\"so-widget-sow-editor so-widget-sow-editor-base\"\n\t\t\t\n\t\t>\n<div class=\"siteorigin-widget-tinymce textwidget\">\n\t<h1 id=\"TextTitle\">Guardian<\/h1>\n<div class=\"product-table\">\n<table>\n<tbody>\n<tr>\n<td style=\"text-align: left;\">Garantia de filme de prote\u00e7\u00e3o de pintura<\/td>\n<td><a href=\"https:\/\/aswf.com\/wp-content\/uploads\/2023\/01\/warranty-guardian.pdf\" target=\"_blank\" rel=\"noopener\">Baixar<\/a><\/td>\n<\/tr>\n<\/tbody>\n<\/table>\n<\/div>\n<\/div>\n<\/div><\/div><\/div><\/div><\/div>","protected":false},"excerpt":{"rendered":"<p>Geral Solicita\u00e7\u00e3o de aceita\u00e7\u00e3o de cheques Baixar Formul\u00e1rio de configura\u00e7\u00e3o e informa\u00e7\u00f5es de nova conta Baixar Formul\u00e1rio de pedido de produtos Baixar Tabela de garantias Baixar Arquitetura Folha de especifica\u00e7\u00f5es Baixar Brochura de prote\u00e7\u00e3o contra vandalismo Baixar Garantia Baixar Automotivo Folha de especifica\u00e7\u00f5es Baixar Garantia Baixar Guardian Garantia de filme de prote\u00e7\u00e3o de pintura Baixar<\/p>\n","protected":false},"author":2,"featured_media":7662,"parent":0,"menu_order":0,"comment_status":"closed","ping_status":"closed","template":"page-with-sidebar.php","meta":{"_acf_changed":false,"footnotes":""},"class_list":["post-8077","page","type-page","status-publish","has-post-thumbnail","hentry"],"acf":[],"_links":{"self":[{"href":"https:\/\/aswf.com\/pt-br\/wp-json\/wp\/v2\/pages\/8077","targetHints":{"allow":["GET"]}}],"collection":[{"href":"https:\/\/aswf.com\/pt-br\/wp-json\/wp\/v2\/pages"}],"about":[{"href":"https:\/\/aswf.com\/pt-br\/wp-json\/wp\/v2\/types\/page"}],"author":[{"embeddable":true,"href":"https:\/\/aswf.com\/pt-br\/wp-json\/wp\/v2\/users\/2"}],"replies":[{"embeddable":true,"href":"https:\/\/aswf.com\/pt-br\/wp-json\/wp\/v2\/comments?post=8077"}],"version-history":[{"count":14,"href":"https:\/\/aswf.com\/pt-br\/wp-json\/wp\/v2\/pages\/8077\/revisions"}],"predecessor-version":[{"id":9061,"href":"https:\/\/aswf.com\/pt-br\/wp-json\/wp\/v2\/pages\/8077\/revisions\/9061"}],"wp:featuredmedia":[{"embeddable":true,"href":"https:\/\/aswf.com\/pt-br\/wp-json\/wp\/v2\/media\/7662"}],"wp:attachment":[{"href":"https:\/\/aswf.com\/pt-br\/wp-json\/wp\/v2\/media?parent=8077"}],"curies":[{"name":"wp","href":"https:\/\/api.w.org\/{rel}","templated":true}]}}