{"id":8074,"date":"2018-08-16T21:53:28","date_gmt":"2018-08-16T21:53:28","guid":{"rendered":"https:\/\/aswf.com\/nfrc-certified\/"},"modified":"2024-10-17T17:56:33","modified_gmt":"2024-10-17T17:56:33","slug":"nfrc-certified","status":"publish","type":"page","link":"https:\/\/aswf.com\/pt-br\/nfrc-certified\/","title":{"rendered":"ASWF NFRC Filmes Certificados"},"content":{"rendered":"<div id=\"pl-8074\"  class=\"panel-layout\" ><div id=\"pg-8074-0\"  class=\"panel-grid panel-no-style\" ><div id=\"pgc-8074-0-0\"  class=\"panel-grid-cell\" ><div id=\"panel-8074-0-0-0\" class=\"so-panel widget widget_sow-editor panel-first-child panel-last-child\" data-index=\"0\" ><div\n\t\t\t\n\t\t\tclass=\"so-widget-sow-editor so-widget-sow-editor-base\"\n\t\t\t\n\t\t>\n<div class=\"siteorigin-widget-tinymce textwidget\">\n\t<p><img loading=\"lazy\" decoding=\"async\" class=\"alignnone wp-image-220 size-full\" src=\"http:\/\/aswf.com\/wp-content\/uploads\/2018\/08\/nfrc-logo-min.png\" alt=\"\" width=\"93\" height=\"120\" \/><\/p>\n<p>O <strong>National Fenestration Rating Council<\/strong> \u00e9 uma organiza\u00e7\u00e3o sem fins lucrativos que estabelece classifica\u00e7\u00f5es objetivas de desempenho energ\u00e9tico para janelas, portas e claraboias, a fim de ajud\u00e1- lo a comparar produtos e tomar decis\u00f5es de compra informadas.<\/p>\n<\/div>\n<\/div><\/div><\/div><div id=\"pgc-8074-0-1\"  class=\"panel-grid-cell\" ><div id=\"panel-8074-0-1-0\" class=\"so-panel widget widget_sow-editor panel-first-child panel-last-child\" data-index=\"1\" ><div\n\t\t\t\n\t\t\tclass=\"so-widget-sow-editor so-widget-sow-editor-base\"\n\t\t\t\n\t\t>\n<div class=\"siteorigin-widget-tinymce textwidget\">\n\t<div class=\"product-table\">\n<table>\n<tbody>\n<tr>\n<td style=\"text-align: left;\">Solar Series<\/td>\n<td style=\"text-align: left;\">Aurora 35<\/td>\n<td><a href=\"https:\/\/aswf.com\/wp-content\/uploads\/2024\/07\/ERI-M-022-CAR-07-25-23.pdf\" target=\"_blank\" rel=\"noopener\">View Certificate<\/a><\/td>\n<\/tr>\n<tr>\n<td style=\"text-align: left;\">Solar Series<\/td>\n<td style=\"text-align: left;\">Aurora 45<\/td>\n<td><a href=\"https:\/\/aswf.com\/wp-content\/uploads\/2024\/07\/ERI-M-023-CAR-07-25-23.pdf\" target=\"_blank\" rel=\"noopener\">View Certificate<\/a><\/td>\n<\/tr>\n<tr>\n<td style=\"text-align: left;\">Solar Series<\/td>\n<td style=\"text-align: left;\">Aurora 50<\/td>\n<td><a href=\"https:\/\/aswf.com\/wp-content\/uploads\/2024\/07\/ERI-M-024-CAR-07-25-23.pdf\" target=\"_blank\" rel=\"noopener\">View Certificate<\/a><\/td>\n<\/tr>\n<tr>\n<td style=\"text-align: left;\">Solar Series<\/td>\n<td style=\"text-align: left;\">Twilight 10<\/td>\n<td><a href=\"https:\/\/aswf.com\/wp-content\/uploads\/2023\/09\/ERI-M-032-CAR-07-25-23.pdf\" target=\"_blank\" rel=\"noopener\">View Certificate<\/a><\/td>\n<\/tr>\n<tr>\n<td style=\"text-align: left;\">Solar Series<\/td>\n<td style=\"text-align: left;\">Twilight 25<\/td>\n<td><a href=\"https:\/\/aswf.com\/wp-content\/uploads\/2023\/09\/ERI-M-033-CAR-07-25-23.pdf\" target=\"_blank\" rel=\"noopener\">View Certificate<\/a><\/td>\n<\/tr>\n<tr>\n<td style=\"text-align: left;\">Solar Series<\/td>\n<td style=\"text-align: left;\">Twilight 35<\/td>\n<td><a href=\"https:\/\/aswf.com\/wp-content\/uploads\/2023\/09\/ERI-M-034-CAR-07-25-23.pdf\" target=\"_blank\" rel=\"noopener\">View Certificate<\/a><\/td>\n<\/tr>\n<tr>\n<td style=\"text-align: left;\">Solar Series<\/td>\n<td style=\"text-align: left;\">Legacy 40<\/td>\n<td><a href=\"https:\/\/aswf.com\/wp-content\/uploads\/2024\/10\/ERI-legacy40.pdf\" target=\"_blank\" rel=\"noopener\">View Certificate<\/a><\/td>\n<\/tr>\n<tr>\n<td style=\"text-align: left;\">Solar Series<\/td>\n<td style=\"text-align: left;\">Legacy 70<\/td>\n<td><a href=\"https:\/\/aswf.com\/wp-content\/uploads\/2024\/10\/ERI-legacy70.pdf\" target=\"_blank\" rel=\"noopener\">View Certificate<\/a><\/td>\n<\/tr>\n<tr>\n<td style=\"text-align: left;\">Solar Series<\/td>\n<td style=\"text-align: left;\">Nature 10<\/td>\n<td><a href=\"https:\/\/aswf.com\/wp-content\/uploads\/2024\/02\/ERI-M-011-CAR-02-28-24.pdf\" target=\"_blank\" rel=\"noopener\">View Certificate<\/a><\/td>\n<\/tr>\n<tr>\n<td style=\"text-align: left;\">Solar Series<\/td>\n<td style=\"text-align: left;\">Nature 20<\/td>\n<td><a href=\"https:\/\/aswf.com\/wp-content\/uploads\/2024\/02\/ERI-M-021-CAR-02-28-24.pdf\" target=\"_blank\" rel=\"noopener\">View Certificate<\/a><\/td>\n<\/tr>\n<tr>\n<td style=\"text-align: left;\">Solar Series<\/td>\n<td style=\"text-align: left;\">Nature 30<\/td>\n<td><a href=\"https:\/\/aswf.com\/wp-content\/uploads\/2024\/02\/ERI-M-012-CAR-02-28-24.pdf\" target=\"_blank\" rel=\"noopener\">View Certificate<\/a><\/td>\n<\/tr>\n<tr>\n<td style=\"text-align: left;\">Solar Series<\/td>\n<td style=\"text-align: left;\">Nature 40<\/td>\n<td><a href=\"https:\/\/aswf.com\/wp-content\/uploads\/2024\/02\/ERI-M-013-CAR-02-28-24.pdf\" target=\"_blank\" rel=\"noopener\">View Certificate<\/a><\/td>\n<\/tr>\n<tr>\n<td style=\"text-align: left;\">Solar Series<\/td>\n<td style=\"text-align: left;\">DayDream 15<\/td>\n<td><a href=\"https:\/\/aswf.com\/wp-content\/uploads\/2024\/02\/ERI-M-002-CAR-02-28-24.pdf\" target=\"_blank\" rel=\"noopener\">View Certificate<\/a><\/td>\n<\/tr>\n<tr>\n<td style=\"text-align: left;\">Solar Series<\/td>\n<td style=\"text-align: left;\">DayDream 25<\/td>\n<td><a href=\"https:\/\/aswf.com\/wp-content\/uploads\/2024\/02\/ERI-M-003-CAR-02-28-24.pdf\" target=\"_blank\" rel=\"noopener\">View Certificate<\/a><\/td>\n<\/tr>\n<tr>\n<td style=\"text-align: left;\">Solar Series<\/td>\n<td style=\"text-align: left;\">DayDream 35<\/td>\n<td><a href=\"https:\/\/aswf.com\/wp-content\/uploads\/2024\/02\/ERI-M-001-CAR-02-28-24.pdf\" target=\"_blank\" rel=\"noopener\">View Certificate<\/a><\/td>\n<\/tr>\n<tr>\n<td style=\"text-align: left;\">Solar Series<\/td>\n<td style=\"text-align: left;\">Sky 10<\/td>\n<td><a href=\"https:\/\/aswf.com\/wp-content\/uploads\/2024\/02\/ERI-M-017-CAR-02-28-24.pdf\" target=\"_blank\" rel=\"noopener\">View Certificate<\/a><\/td>\n<\/tr>\n<tr>\n<td style=\"text-align: left;\">Solar Series<\/td>\n<td style=\"text-align: left;\">Sky 20<\/td>\n<td><a href=\"https:\/\/aswf.com\/wp-content\/uploads\/2024\/02\/ERI-M-018-CAR-02-28-24.pdf\" target=\"_blank\" rel=\"noopener\">View Certificate<\/a><\/td>\n<\/tr>\n<tr>\n<td style=\"text-align: left;\">Solar Series<\/td>\n<td style=\"text-align: left;\">Sky 30<\/td>\n<td><a href=\"https:\/\/aswf.com\/wp-content\/uploads\/2024\/02\/ERI-M-019-CAR-02-28-24.pdf\" target=\"_blank\" rel=\"noopener\">View Certificate<\/a><\/td>\n<\/tr>\n<tr>\n<td style=\"text-align: left;\">Solar Series<\/td>\n<td style=\"text-align: left;\">Sky 40<\/td>\n<td><a href=\"https:\/\/aswf.com\/wp-content\/uploads\/2024\/02\/ERI-M-020-CAR-02-28-24.pdf\" target=\"_blank\" rel=\"noopener\">View Certificate<\/a><\/td>\n<\/tr>\n<tr>\n<td style=\"text-align: left;\">Solar Series<\/td>\n<td style=\"text-align: left;\">Illusion<\/td>\n<td><a href=\"https:\/\/aswf.com\/wp-content\/uploads\/2024\/10\/ERI-illusion.pdf\" target=\"_blank\" rel=\"noopener\">View Certificate<\/a><\/td>\n<\/tr>\n<tr>\n<td style=\"text-align: left;\">Solar Series<\/td>\n<td style=\"text-align: left;\">Reflection 20<\/td>\n<td><a href=\"https:\/\/aswf.com\/wp-content\/uploads\/2024\/02\/ERI-M-014-CAR-02-28-24.pdf\" target=\"_blank\" rel=\"noopener\">View Certificate<\/a><\/td>\n<\/tr>\n<tr>\n<td style=\"text-align: left;\">Solar Series<\/td>\n<td style=\"text-align: left;\">Reflection 35<\/td>\n<td><a href=\"https:\/\/aswf.com\/wp-content\/uploads\/2024\/02\/ERI-M-015-CAR-02-28-24.pdf\" target=\"_blank\" rel=\"noopener\">View Certificate<\/a><\/td>\n<\/tr>\n<tr>\n<td style=\"text-align: left;\">Solar Series<\/td>\n<td style=\"text-align: left;\">Reflection50<\/td>\n<td><a href=\"https:\/\/aswf.com\/wp-content\/uploads\/2024\/02\/ERI-M-016-CAR-02-28-24.pdf\" target=\"_blank\" rel=\"noopener\">View Certificate<\/a><\/td>\n<\/tr>\n<tr>\n<td style=\"text-align: left;\">Solar Series<\/td>\n<td style=\"text-align: left;\">Moonlight 5<\/td>\n<td><a href=\"https:\/\/aswf.com\/wp-content\/uploads\/2024\/02\/ERI-M-008-CAR-02-28-24.pdf\" target=\"_blank\" rel=\"noopener\">View Certificate<\/a><\/td>\n<\/tr>\n<tr>\n<td style=\"text-align: left;\">Solar Series<\/td>\n<td style=\"text-align: left;\">Moonlight 10<\/td>\n<td><a href=\"https:\/\/aswf.com\/wp-content\/uploads\/2024\/02\/ERI-M-009-CAR-02-28-24.pdf\" target=\"_blank\" rel=\"noopener\">View Certificate<\/a><\/td>\n<\/tr>\n<tr>\n<td style=\"text-align: left;\">Solar Series<\/td>\n<td style=\"text-align: left;\">Moonlight 25<\/td>\n<td><a href=\"https:\/\/aswf.com\/wp-content\/uploads\/2024\/02\/ERI-M-010-CAR-02-28-24.pdf\" target=\"_blank\" rel=\"noopener\">View Certificate<\/a><\/td>\n<\/tr>\n<tr>\n<td style=\"text-align: left;\">Solar Series<\/td>\n<td style=\"text-align: left;\">Horizon 20<\/td>\n<td><a href=\"https:\/\/aswf.com\/wp-content\/uploads\/2024\/02\/ERI-M-006-CAR-02-28-24.pdf\" target=\"_blank\" rel=\"noopener\">View Certificate<\/a><\/td>\n<\/tr>\n<tr>\n<td style=\"text-align: left;\">Solar Series<\/td>\n<td style=\"text-align: left;\">Horizon\u00a035<\/td>\n<td><a href=\"https:\/\/aswf.com\/wp-content\/uploads\/2024\/02\/ERI-M-007-CAR-02-28-24.pdf\" target=\"_blank\" rel=\"noopener\">View Certificate<\/a><\/td>\n<\/tr>\n<tr>\n<td style=\"text-align: left;\">Solar Series<\/td>\n<td style=\"text-align: left;\">Firewall 70<\/td>\n<td><a href=\"https:\/\/aswf.com\/wp-content\/uploads\/2024\/10\/ERI-firewall70.pdf\" target=\"_blank\" rel=\"noopener\">View Certificate<\/a><\/td>\n<\/tr>\n<tr>\n<td style=\"text-align: left;\">Solar Series<\/td>\n<td style=\"text-align: left;\">Firewall FLR 75<\/td>\n<td><a href=\"https:\/\/aswf.com\/wp-content\/uploads\/2024\/02\/ERI-M-004-CAR-02-28-24.pdf\" target=\"_blank\" rel=\"noopener\">View Certificate<\/a><\/td>\n<\/tr>\n<tr>\n<td style=\"text-align: left;\">Solar Series<\/td>\n<td style=\"text-align: left;\">Dimension X<\/td>\n<td><a href=\"https:\/\/aswf.com\/wp-content\/uploads\/2024\/02\/ERI-M-005-CAR-02-28-24.pdf\" target=\"_blank\" rel=\"noopener\">View Certificate<\/a><\/td>\n<\/tr>\n<\/tbody>\n<\/table>\n<p>&nbsp;<\/p>\n<\/div>\n<\/div>\n<\/div><\/div><\/div><\/div><\/div>","protected":false},"excerpt":{"rendered":"<p>O National Fenestration Rating Council \u00e9 uma organiza\u00e7\u00e3o sem fins lucrativos que estabelece classifica\u00e7\u00f5es objetivas de desempenho energ\u00e9tico para janelas, portas e claraboias, a fim de ajud\u00e1- lo a comparar produtos e tomar decis\u00f5es de compra informadas. Solar Series Aurora 35 View Certificate Solar Series Aurora 45 View Certificate Solar Series Aurora 50 View Certificate [&hellip;]<\/p>\n","protected":false},"author":1,"featured_media":7600,"parent":0,"menu_order":0,"comment_status":"closed","ping_status":"closed","template":"page-certified-films.php","meta":{"_acf_changed":false,"footnotes":""},"class_list":["post-8074","page","type-page","status-publish","has-post-thumbnail","hentry"],"acf":[],"_links":{"self":[{"href":"https:\/\/aswf.com\/pt-br\/wp-json\/wp\/v2\/pages\/8074","targetHints":{"allow":["GET"]}}],"collection":[{"href":"https:\/\/aswf.com\/pt-br\/wp-json\/wp\/v2\/pages"}],"about":[{"href":"https:\/\/aswf.com\/pt-br\/wp-json\/wp\/v2\/types\/page"}],"author":[{"embeddable":true,"href":"https:\/\/aswf.com\/pt-br\/wp-json\/wp\/v2\/users\/1"}],"replies":[{"embeddable":true,"href":"https:\/\/aswf.com\/pt-br\/wp-json\/wp\/v2\/comments?post=8074"}],"version-history":[{"count":8,"href":"https:\/\/aswf.com\/pt-br\/wp-json\/wp\/v2\/pages\/8074\/revisions"}],"predecessor-version":[{"id":8985,"href":"https:\/\/aswf.com\/pt-br\/wp-json\/wp\/v2\/pages\/8074\/revisions\/8985"}],"wp:featuredmedia":[{"embeddable":true,"href":"https:\/\/aswf.com\/pt-br\/wp-json\/wp\/v2\/media\/7600"}],"wp:attachment":[{"href":"https:\/\/aswf.com\/pt-br\/wp-json\/wp\/v2\/media?parent=8074"}],"curies":[{"name":"wp","href":"https:\/\/api.w.org\/{rel}","templated":true}]}}