{"id":7993,"date":"2018-07-24T22:37:43","date_gmt":"2018-07-24T22:37:43","guid":{"rendered":"https:\/\/aswf.com\/home\/"},"modified":"2023-09-29T17:31:20","modified_gmt":"2023-09-29T17:31:20","slug":"home","status":"publish","type":"page","link":"https:\/\/aswf.com\/pt-br\/","title":{"rendered":"Home"},"content":{"rendered":"<div id=\"pl-7993\"  class=\"panel-layout\" ><div id=\"pg-7993-0\"  class=\"panel-grid panel-no-style\" ><div id=\"pgc-7993-0-0\"  class=\"panel-grid-cell\" ><div id=\"panel-7993-0-0-0\" class=\"so-panel widget widget_sow-editor panel-first-child panel-last-child\" data-index=\"0\" ><div\n\t\t\t\n\t\t\tclass=\"so-widget-sow-editor so-widget-sow-editor-base\"\n\t\t\t\n\t\t>\n<div class=\"siteorigin-widget-tinymce textwidget\">\n\t<h1>Bem-vindo \u00e0 ASWF<\/h1>\n<p>A <strong>American Standard Window Film<\/strong> oferece uma linha completa de filmes para janelas para os mercados automotivo, residencial e comercial em nossa nova f\u00e1brica localizada em Las Vegas, Nevada. Com nossa equipe de gest\u00e3o experiente na fabrica\u00e7\u00e3o de filmes para janelas, a nova maquinaria foi personalizada para aumentar a efici\u00eancia de produ\u00e7\u00e3o, reduzir os prazos de entrega e alcan\u00e7ar uma limpeza aprimorada, resultando em produtos de qualidade superior a um pre\u00e7o competitivo. Uma das inova\u00e7\u00f5es \u00fanicas que aumentam a efici\u00eancia de produ\u00e7\u00e3o \u00e9 o nosso sistema de revestimento em linha de tr\u00eas cabe\u00e7as com um sistema automatizado de rebobinamento. A <strong>ASWF<\/strong> \u00e9 o \u00fanico fabricante no mundo com esse tipo de sistema.<\/p>\n<p>&nbsp;<\/p>\n<\/div>\n<\/div><\/div><\/div><div id=\"pgc-7993-0-1\"  class=\"panel-grid-cell\" ><div id=\"panel-7993-0-1-0\" class=\"so-panel widget widget_sow-editor panel-first-child panel-last-child\" data-index=\"1\" ><div\n\t\t\t\n\t\t\tclass=\"so-widget-sow-editor so-widget-sow-editor-base\"\n\t\t\t\n\t\t>\n<div class=\"siteorigin-widget-tinymce textwidget\">\n\t<h1>Visite a ASWF<\/h1>\n<p>Estamos entusiasmados e orgulhosos de nossa f\u00e1brica e incentivamos os clientes a nos visitarem. <a href=\"https:\/\/aswf.com\/contact-us-visit\/\">Clique aqui<\/a> para obter mais informa\u00e7\u00f5es sobre uma visita ao local e para se inscrever em um passeio pela planta. Se uma imagem vale mais que mil palavras, uma visita ao local falar\u00e1 por si mesma sobre a ASWF.<\/p>\n<h1>Torne-se um distribuidor da ASWF<\/h1>\n<p>Os filmes automotivos da ASWF possuem excelentes caracter\u00edsticas de contra\u00e7\u00e3o e s\u00e3o projetados para serem f\u00e1ceis de instalar. A ASWF tamb\u00e9m oferece uma ampla linha de filmes para o mercado arquitet\u00f4nico, incluindo prote\u00e7\u00e3o contra impactos, filmes decorativos e filmes com classifica\u00e7\u00e3o NFRC. <a href=\"http:\/\/aswf.com\/contact-us-try\/\">Clique aqui<\/a> para receber um pacote de dados automotivos, especifica\u00e7\u00f5es e literatura, ou um pacote completo de amostras de filmes arquitet\u00f4nicos, panfletos e especifica\u00e7\u00f5es.<\/p>\n<\/div>\n<\/div><\/div><\/div><\/div><\/div>","protected":false},"excerpt":{"rendered":"<p>Bem-vindo \u00e0 ASWF A American Standard Window Film oferece uma linha completa de filmes para janelas para os mercados automotivo, residencial e comercial em nossa nova f\u00e1brica localizada em Las Vegas, Nevada. Com nossa equipe de gest\u00e3o experiente na fabrica\u00e7\u00e3o de filmes para janelas, a nova maquinaria foi personalizada para aumentar a efici\u00eancia de produ\u00e7\u00e3o, [&hellip;]<\/p>\n","protected":false},"author":1,"featured_media":0,"parent":0,"menu_order":0,"comment_status":"closed","ping_status":"closed","template":"page-home.php","meta":{"_acf_changed":false,"footnotes":""},"class_list":["post-7993","page","type-page","status-publish","hentry"],"acf":[],"_links":{"self":[{"href":"https:\/\/aswf.com\/pt-br\/wp-json\/wp\/v2\/pages\/7993","targetHints":{"allow":["GET"]}}],"collection":[{"href":"https:\/\/aswf.com\/pt-br\/wp-json\/wp\/v2\/pages"}],"about":[{"href":"https:\/\/aswf.com\/pt-br\/wp-json\/wp\/v2\/types\/page"}],"author":[{"embeddable":true,"href":"https:\/\/aswf.com\/pt-br\/wp-json\/wp\/v2\/users\/1"}],"replies":[{"embeddable":true,"href":"https:\/\/aswf.com\/pt-br\/wp-json\/wp\/v2\/comments?post=7993"}],"version-history":[{"count":1,"href":"https:\/\/aswf.com\/pt-br\/wp-json\/wp\/v2\/pages\/7993\/revisions"}],"predecessor-version":[{"id":8335,"href":"https:\/\/aswf.com\/pt-br\/wp-json\/wp\/v2\/pages\/7993\/revisions\/8335"}],"wp:attachment":[{"href":"https:\/\/aswf.com\/pt-br\/wp-json\/wp\/v2\/media?parent=7993"}],"curies":[{"name":"wp","href":"https:\/\/api.w.org\/{rel}","templated":true}]}}