{"id":7991,"date":"2018-07-25T03:01:26","date_gmt":"2018-07-25T03:01:26","guid":{"rendered":"https:\/\/aswf.com\/sobre-a-aswf\/"},"modified":"2023-08-22T17:11:43","modified_gmt":"2023-08-22T17:11:43","slug":"sobre-a-aswf","status":"publish","type":"page","link":"https:\/\/aswf.com\/pt-br\/sobre-a-aswf\/","title":{"rendered":"Sobre a ASWF"},"content":{"rendered":"<h2><span style=\"color: #d13239;\">Liderando a ind\u00fastria em produtos de qualidade e fabrica\u00e7\u00e3o ecol\u00f3gica<\/span><\/h2>\n<p>A Erickson International \u00e9 o fabricante mais eficiente em termos de energia que opera atualmente. Nossas instala\u00e7\u00f5es em Las Vegas levaram v\u00e1rios anos para serem constru\u00eddas, ap\u00f3s extensa pesquisa e desenvolvimento. Elas foram constru\u00eddas do zero, com m\u00e1quinas personalizadas, tecnologia de \u00faltima gera\u00e7\u00e3o e processos exclusivos que aumentam a efici\u00eancia de produ\u00e7\u00e3o, precis\u00e3o e qualidade do produto.<\/p>\n<p>Com uma \u00e1rea de mais de um acre, nossas instala\u00e7\u00f5es lideram a ind\u00fastria em pensamento ecol\u00f3gico, com uma gera\u00e7\u00e3o de res\u00edduos quase nula para respeitar e proteger o meio ambiente.<\/p>\n<p>Nosso processo de revestimento exclusivo \u00e9 o mais avan\u00e7ado do setor. As vantagens incluem uma manipula\u00e7\u00e3o reduzida, minimizando a possibilidade de erros, e uma maior limpeza, que ajuda a garantir a m\u00e1xima qualidade poss\u00edvel do produto. O processo tamb\u00e9m alcan\u00e7a n\u00edveis incompar\u00e1veis de efici\u00eancia, resultando em entrega mais r\u00e1pida e maior lucratividade.<\/p>\n<h2>Suporte de garantia premium<\/h2>\n<p><img loading=\"lazy\" decoding=\"async\" class=\"size-full wp-image-43 alignright\" src=\"https:\/\/aswf.com\/wp-content\/uploads\/2018\/07\/aswf-box.jpg\" alt=\"\" width=\"370\" height=\"314\" srcset=\"https:\/\/aswf.com\/wp-content\/uploads\/2018\/07\/aswf-box.jpg 370w, https:\/\/aswf.com\/wp-content\/uploads\/2018\/07\/aswf-box-300x255.jpg 300w\" sizes=\"auto, (max-width: 370px) 100vw, 370px\" \/>Para garantir os mais altos padr\u00f5es de qualidade, todos os nossos produtos s\u00e3o submetidos a rigorosos testes independentes em laborat\u00f3rios. Al\u00e9m dos testes de acelera\u00e7\u00e3o, nossos produtos devem resistir com sucesso ao calor extremo, ao frio, ao uso anormal e a outras condi\u00e7\u00f5es adversas que v\u00e3o al\u00e9m das demandas t\u00edpicas comerciais e residenciais. Como nossos produtos excedem os padr\u00f5es de acordo com a ind\u00fastria, a ASWF tem a confian\u00e7a para oferecer cobertura respaldada pela f\u00e1brica com uma das melhores prote\u00e7\u00f5es de garantia dispon\u00edveis. Por favor, consulte o seu instalador profissional para obter essas garantias e cobertura de garantia estendida.<\/p>\n","protected":false},"excerpt":{"rendered":"<p>Liderando a ind\u00fastria em produtos de qualidade e fabrica\u00e7\u00e3o ecol\u00f3gica A Erickson International \u00e9 o fabricante mais eficiente em termos de energia que opera atualmente. Nossas instala\u00e7\u00f5es em Las Vegas levaram v\u00e1rios anos para serem constru\u00eddas, ap\u00f3s extensa pesquisa e desenvolvimento. Elas foram constru\u00eddas do zero, com m\u00e1quinas personalizadas, tecnologia de \u00faltima gera\u00e7\u00e3o e processos [&hellip;]<\/p>\n","protected":false},"author":1,"featured_media":7504,"parent":0,"menu_order":0,"comment_status":"closed","ping_status":"closed","template":"","meta":{"_acf_changed":false,"footnotes":""},"class_list":["post-7991","page","type-page","status-publish","has-post-thumbnail","hentry"],"acf":[],"_links":{"self":[{"href":"https:\/\/aswf.com\/pt-br\/wp-json\/wp\/v2\/pages\/7991","targetHints":{"allow":["GET"]}}],"collection":[{"href":"https:\/\/aswf.com\/pt-br\/wp-json\/wp\/v2\/pages"}],"about":[{"href":"https:\/\/aswf.com\/pt-br\/wp-json\/wp\/v2\/types\/page"}],"author":[{"embeddable":true,"href":"https:\/\/aswf.com\/pt-br\/wp-json\/wp\/v2\/users\/1"}],"replies":[{"embeddable":true,"href":"https:\/\/aswf.com\/pt-br\/wp-json\/wp\/v2\/comments?post=7991"}],"version-history":[{"count":3,"href":"https:\/\/aswf.com\/pt-br\/wp-json\/wp\/v2\/pages\/7991\/revisions"}],"predecessor-version":[{"id":8285,"href":"https:\/\/aswf.com\/pt-br\/wp-json\/wp\/v2\/pages\/7991\/revisions\/8285"}],"wp:featuredmedia":[{"embeddable":true,"href":"https:\/\/aswf.com\/pt-br\/wp-json\/wp\/v2\/media\/7504"}],"wp:attachment":[{"href":"https:\/\/aswf.com\/pt-br\/wp-json\/wp\/v2\/media?parent=7991"}],"curies":[{"name":"wp","href":"https:\/\/api.w.org\/{rel}","templated":true}]}}