{"id":383,"date":"2018-09-25T22:54:24","date_gmt":"2018-09-25T22:54:24","guid":{"rendered":"http:\/\/aswf.com\/wholesale-registration-page\/"},"modified":"2018-10-22T16:26:50","modified_gmt":"2018-10-22T16:26:50","slug":"wholesale-registration-page","status":"publish","type":"page","link":"https:\/\/aswf.com\/pt-br\/wholesale-registration-page\/","title":{"rendered":"Become a Dealer"},"content":{"rendered":"\n<div id=\"wwlc-registration-form\" data-redirect=\"\"><div class=\"woocommerce wwlc-form-error\"><\/div><form method=\"post\" class=\"wwlc-register\"><input type=\"hidden\" id=\"wwlc_register_user_nonce_field\" name=\"wwlc_register_user_nonce_field\" value=\"be81c271dd\" \/><input type=\"hidden\" name=\"_wp_http_referer\" value=\"\/pt-br\/wp-json\/wp\/v2\/pages\/383\" \/><div style=\"display: none !important;\" class=\"honeypot\"><label for=\"honeypot-field\">Please Leave This Empty:<\/label><input type=\"text\" id=\"honeypot-field\" name=\"honeypot-field\" val=\"\"><\/div><p class=\"form-row field-set text-field-set first_name wwlc_registration_field form_field validate-required\" id=\"first_name_field\" data-priority=\"\"><label for=\"first_name\" class=\"required_field\">First Name&nbsp;<span class=\"required\" aria-hidden=\"true\">*<\/span><\/label><span class=\"woocommerce-input-wrapper\"><input type=\"text\" class=\"input-text wwlc_form_field\" name=\"first_name\" id=\"first_name\" placeholder=\"\"  value=\"\" data-required=\"yes\" aria-required=\"true\" \/><\/span><\/p><p class=\"form-row field-set text-field-set last_name wwlc_registration_field form_field validate-required\" id=\"last_name_field\" data-priority=\"\"><label for=\"last_name\" class=\"required_field\">Last Name&nbsp;<span class=\"required\" aria-hidden=\"true\">*<\/span><\/label><span class=\"woocommerce-input-wrapper\"><input type=\"text\" class=\"input-text wwlc_form_field\" name=\"last_name\" id=\"last_name\" placeholder=\"\"  value=\"\" data-required=\"yes\" aria-required=\"true\" \/><\/span><\/p><p class=\"form-row field-set phone-field-set wwlc_phone wwlc_registration_field form_field validate-required\" id=\"wwlc_phone_field\" data-priority=\"\"><label for=\"wwlc_phone\" class=\"required_field\">Phone&nbsp;<span class=\"required\" aria-hidden=\"true\">*<\/span><\/label><span class=\"woocommerce-input-wrapper\"><input type=\"tel\" class=\"input-text wwlc_form_field phone\" name=\"wwlc_phone\" id=\"wwlc_phone\" placeholder=\"\"  value=\"\" data-phonemask=\"No format\" data-required=\"yes\" aria-required=\"true\" \/><\/span><\/p><p class=\"form-row field-set email-field-set user_email wwlc_registration_field form_field validate-required\" id=\"user_email_field\" data-priority=\"\"><label for=\"user_email\" class=\"required_field\">Email&nbsp;<span class=\"required\" aria-hidden=\"true\">*<\/span><\/label><span class=\"woocommerce-input-wrapper\"><input type=\"email\" class=\"input-text wwlc_form_field\" name=\"user_email\" id=\"user_email\" placeholder=\"\"  value=\"\" data-required=\"yes\" aria-required=\"true\" \/><\/span><\/p><p class=\"form-row field-set text-field-set wwlc_username wwlc_registration_field form_field validate-required\" id=\"wwlc_username_field\" data-priority=\"\"><label for=\"wwlc_username\" class=\"required_field\">Username&nbsp;<span class=\"required\" aria-hidden=\"true\">*<\/span><\/label><span class=\"woocommerce-input-wrapper\"><input type=\"text\" class=\"input-text wwlc_form_field\" name=\"wwlc_username\" id=\"wwlc_username\" placeholder=\"\"  value=\"\" data-required=\"yes\" aria-required=\"true\" \/><\/span><\/p><p class=\"form-row field-set text-field-set wwlc_company_name wwlc_registration_field form_field validate-required\" id=\"wwlc_company_name_field\" data-priority=\"\"><label for=\"wwlc_company_name\" class=\"required_field\">Company Name&nbsp;<span class=\"required\" aria-hidden=\"true\">*<\/span><\/label><span class=\"woocommerce-input-wrapper\"><input type=\"text\" class=\"input-text wwlc_form_field\" name=\"wwlc_company_name\" id=\"wwlc_company_name\" placeholder=\"\"  value=\"\" data-required=\"yes\" aria-required=\"true\" \/><\/span><\/p><p class=\"form-row field-set select-field-set wwlc_country wwlc_registration_field form_field validate-required\" id=\"wwlc_country_field\" data-priority=\"\"><label for=\"wwlc_country\" class=\"required_field\">Country&nbsp;<span class=\"required\" aria-hidden=\"true\">*<\/span><\/label><span class=\"woocommerce-input-wrapper\"><select name=\"wwlc_country\" id=\"wwlc_country\" class=\"select wwlc_form_field\" data-required=\"yes\" aria-required=\"true\" data-placeholder=\"\">\n\t\t\t\t\t\t\t<option value=\"AF\" >Afeganist\u00e3o<\/option><option value=\"ZA\" >\u00c1frica do Sul<\/option><option value=\"AL\" >Alb\u00e2nia<\/option><option value=\"DE\" >Alemanha<\/option><option value=\"AD\" >Andorra<\/option><option value=\"AO\" >Angola<\/option><option value=\"AI\" >Anguilla<\/option><option value=\"AQ\" >Ant\u00e1rtica<\/option><option value=\"AG\" >Ant\u00edgua e Barbuda<\/option><option value=\"SA\" >Ar\u00e1bia Saudita<\/option><option value=\"DZ\" >Arg\u00e9lia<\/option><option value=\"AR\" >Argentina<\/option><option value=\"AM\" >Arm\u00eania<\/option><option value=\"AW\" >Aruba<\/option><option value=\"AU\" >Austr\u00e1lia<\/option><option value=\"AT\" >\u00c1ustria<\/option><option value=\"AZ\" >Azerbaij\u00e3o<\/option><option value=\"BS\" >Bahamas<\/option><option value=\"BD\" >Bangladesh<\/option><option value=\"BB\" >Barbados<\/option><option value=\"BH\" >Bar\u00e9m<\/option><option value=\"PW\" >Belau<\/option><option value=\"BE\" >B\u00e9lgica<\/option><option value=\"BZ\" >Belize<\/option><option value=\"BJ\" >Benim<\/option><option value=\"BM\" >Bermudas<\/option><option value=\"BY\" >Bielorr\u00fassia<\/option><option value=\"BO\" >Bol\u00edvia<\/option><option value=\"BQ\" >Bonaire, Santo Eust\u00e1quio e Saba<\/option><option value=\"BA\" >B\u00f3snia e Herzegovina<\/option><option value=\"BW\" >Botsuana<\/option><option value=\"BR\" >Brasil<\/option><option value=\"BN\" >Brunei<\/option><option value=\"BG\" >Bulg\u00e1ria<\/option><option value=\"BF\" >Burquina Fasso<\/option><option value=\"BI\" >Bur\u00fandi<\/option><option value=\"BT\" >But\u00e3o<\/option><option value=\"CV\" >Cabo Verde<\/option><option value=\"CM\" >Camar\u00f5es<\/option><option value=\"KH\" >Camboja<\/option><option value=\"CA\" >Canad\u00e1<\/option><option value=\"QA\" >Catar<\/option><option value=\"KZ\" >Cazaquist\u00e3o<\/option><option value=\"TD\" >Chade<\/option><option value=\"CL\" >Chile<\/option><option value=\"CN\" >China<\/option><option value=\"CY\" >Chipre<\/option><option value=\"SG\" >Cingapura<\/option><option value=\"CO\" >Col\u00f4mbia<\/option><option value=\"KM\" >Comores<\/option><option value=\"MP\" >Comunidade das Ilhas Marianas Setentrionais<\/option><option value=\"CG\" >Congo (Brazzaville)<\/option><option value=\"CD\" >Congo (Kinshasa)<\/option><option value=\"KP\" >Cor\u00e9ia do Norte<\/option><option value=\"KR\" >Cor\u00e9ia do Sul<\/option><option value=\"CR\" >Costa Rica<\/option><option value=\"CI\" >Costa do Marfim<\/option><option value=\"HR\" >Cro\u00e1cia<\/option><option value=\"CU\" >Cuba<\/option><option value=\"CW\" >Cura&ccedil;ao<\/option><option value=\"DK\" >Dinamarca<\/option><option value=\"DJ\" >Djibouti<\/option><option value=\"DM\" >Dominica<\/option><option value=\"EG\" >Egito<\/option><option value=\"SV\" >El Salvador<\/option><option value=\"AE\" >Emirados \u00c1rabes Unidos<\/option><option value=\"EC\" >Equador<\/option><option value=\"ER\" >Eritreia<\/option><option value=\"SK\" >Eslov\u00e1quia<\/option><option value=\"SI\" >Eslovenia<\/option><option value=\"ES\" >Espanha<\/option><option value=\"US\" >Estados Unidos<\/option><option value=\"EE\" >Est\u00f4nia<\/option><option value=\"SZ\" >Eswatini<\/option><option value=\"ET\" >Eti\u00f3pia<\/option><option value=\"FJ\" >Fiji<\/option><option value=\"PH\" >Filipinas<\/option><option value=\"FI\" >Finl\u00e2ndia<\/option><option value=\"FR\" >Fran\u00e7a<\/option><option value=\"GA\" >Gab\u00e3o<\/option><option value=\"GM\" >G\u00e2mbia<\/option><option value=\"GH\" >Gana<\/option><option value=\"GE\" >Ge\u00f3rgia<\/option><option value=\"GI\" >Gibraltar<\/option><option value=\"GD\" >Granada<\/option><option value=\"GR\" >Gr\u00e9cia<\/option><option value=\"GL\" >Groenl\u00e2ndia<\/option><option value=\"GP\" >Guadalupe<\/option><option value=\"GU\" >Guam<\/option><option value=\"GT\" >Guatemala<\/option><option value=\"GG\" >Guernsey<\/option><option value=\"GY\" >Guiana<\/option><option value=\"GF\" >Guiana Francesa<\/option><option value=\"GN\" >Guin\u00e9<\/option><option value=\"GQ\" >Guin\u00e9 Equatorial<\/option><option value=\"GW\" >Guin\u00e9-Bissau<\/option><option value=\"HT\" >Haiti<\/option><option value=\"NL\" >Holanda<\/option><option value=\"HN\" >Honduras<\/option><option value=\"HK\" >Hong Kong<\/option><option value=\"HU\" >Hungria<\/option><option value=\"YE\" >I\u00e9men<\/option><option value=\"BV\" >Ilha Bouvet<\/option><option value=\"CX\" >Ilha Christmas<\/option><option value=\"HM\" >Ilha Heard e Ilhas McDonald<\/option><option value=\"NF\" >Ilha Norfolk<\/option><option value=\"IM\" >Ilha de Man<\/option><option value=\"MF\" >Ilha de S\u00e3o Martinho (Rep\u00fablica Francesa)<\/option><option value=\"AX\" >Ilhas Aland<\/option><option value=\"KY\" >Ilhas Cayman<\/option><option value=\"CC\" >Ilhas Cocos<\/option><option value=\"CK\" >Ilhas Cook<\/option><option value=\"FO\" >Ilhas Feroe<\/option><option value=\"GS\" >Ilhas Ge\u00f3rgia do Sul e Sandwich do Sul<\/option><option value=\"FK\" >Ilhas Malvinas<\/option><option value=\"MH\" >Ilhas Marshall<\/option><option value=\"UM\" >Ilhas Menores Distantes, Estados Unidos da Am\u00e9rica (EUA)<\/option><option value=\"PN\" >Ilhas Pitcairn<\/option><option value=\"SB\" >Ilhas Salom\u00e3o<\/option><option value=\"TC\" >Ilhas Turcas e Caicos<\/option><option value=\"VI\" >Ilhas Virgens (EUA)<\/option><option value=\"VG\" >Ilhas Virgens Brit\u00e2nicas<\/option><option value=\"IN\" >\u00cdndia<\/option><option value=\"ID\" >Indon\u00e9sia<\/option><option value=\"IR\" >Ir\u00e3<\/option><option value=\"IQ\" >Iraque<\/option><option value=\"IE\" >Irlanda<\/option><option value=\"IS\" >Isl\u00e2ndia<\/option><option value=\"IL\" >Israel<\/option><option value=\"IT\" >It\u00e1lia<\/option><option value=\"JM\" >Jamaica<\/option><option value=\"JP\" >Jap\u00e3o<\/option><option value=\"JE\" >Jersey<\/option><option value=\"JO\" >Jord\u00e2nia<\/option><option value=\"XK\" >Kosovo<\/option><option value=\"KW\" >Kuweit<\/option><option value=\"LA\" >Laos<\/option><option value=\"LV\" >L\u00e1tvia<\/option><option value=\"LS\" >Lesoto<\/option><option value=\"LB\" >L\u00edbano<\/option><option value=\"LR\" >Lib\u00e9ria<\/option><option value=\"LY\" >L\u00edbia<\/option><option value=\"LI\" >Liechtenstein<\/option><option value=\"LT\" >Litu\u00e2nia<\/option><option value=\"LU\" >Luxemburgo<\/option><option value=\"MO\" >Macao<\/option><option value=\"MK\" >Maced\u00f4nia do Norte<\/option><option value=\"MG\" >Madagascar<\/option><option value=\"MY\" >Mal\u00e1sia<\/option><option value=\"MW\" >Malawi<\/option><option value=\"MV\" >Maldivas<\/option><option value=\"ML\" >Mali<\/option><option value=\"MT\" >Malta<\/option><option value=\"MA\" >Marrocos<\/option><option value=\"MQ\" >Martinica<\/option><option value=\"MU\" >Maur\u00edcio<\/option><option value=\"MR\" >Maurit\u00e2nia<\/option><option value=\"YT\" >Mayotte<\/option><option value=\"MX\" >M\u00e9xico<\/option><option value=\"FM\" >Micron\u00e9sia<\/option><option value=\"MZ\" >Mo\u00e7ambique<\/option><option value=\"MD\" >Mold\u00e1via<\/option><option value=\"MC\" >M\u00f4naco<\/option><option value=\"MN\" >Mong\u00f3lia<\/option><option value=\"ME\" >Montenegro<\/option><option value=\"MS\" >Montserrat<\/option><option value=\"NA\" >Nam\u00edbia<\/option><option value=\"NR\" >Nauru<\/option><option value=\"NP\" >Nepal<\/option><option value=\"NI\" >Nicar\u00e1gua<\/option><option value=\"NE\" >N\u00edger<\/option><option value=\"NG\" >Nig\u00e9ria<\/option><option value=\"NU\" >Niue<\/option><option value=\"NO\" >Noruega<\/option><option value=\"NC\" >Nova Caled\u00f3nia<\/option><option value=\"NZ\" >Nova Zel\u00e2ndia<\/option><option value=\"OM\" >Om\u00e3<\/option><option value=\"PA\" >Panam\u00e1<\/option><option value=\"PG\" >Papua-Nova Guin\u00e9<\/option><option value=\"PK\" >Paquist\u00e3o<\/option><option value=\"PY\" >Paraguai<\/option><option value=\"PE\" >Peru<\/option><option value=\"PF\" >Polin\u00e9sia Francesa<\/option><option value=\"PL\" >Pol\u00f4nia<\/option><option value=\"PR\" >Porto Rico<\/option><option value=\"PT\" >Portugal<\/option><option value=\"KE\" >Qu\u00eania<\/option><option value=\"KG\" >Quirguist\u00e3o<\/option><option value=\"KI\" >Quirib\u00e1ti<\/option><option value=\"GB\" >Reino Unido (UK)<\/option><option value=\"CZ\" >Rep\u00fablica Checa<\/option><option value=\"DO\" >Rep\u00fablica Dominicana<\/option><option value=\"CF\" >Rep\u00fablica da \u00c1frica Central<\/option><option value=\"MM\" >Rep\u00fablica da Uni\u00e3o de Myanmar<\/option><option value=\"RE\" >Reuni\u00e3o<\/option><option value=\"RO\" >Rom\u00eania<\/option><option value=\"RW\" >Ruanda<\/option><option value=\"RU\" >R\u00fassia<\/option><option value=\"EH\" >Saara Ocidental<\/option><option value=\"SX\" >Saint Martin (parte Holandesa)<\/option><option value=\"PM\" >Saint-Pierre e Miquelon<\/option><option value=\"WS\" >Samoa<\/option><option value=\"AS\" >Samoa Americana<\/option><option value=\"SM\" >San Marino<\/option><option value=\"SH\" >Santa Helena<\/option><option value=\"LC\" >Santa L\u00facia<\/option><option value=\"BL\" >S\u00e3o Bartolomeu<\/option><option value=\"KN\" >S\u00e3o Crist\u00f3v\u00e3o e Nevis<\/option><option value=\"ST\" >S&atilde;o Tom&eacute; e Pr&iacute;ncipe<\/option><option value=\"VC\" >S\u00e3o Vicente e Granadinas<\/option><option value=\"SN\" >Senegal<\/option><option value=\"SL\" >Serra Leoa<\/option><option value=\"RS\" >S\u00e9rvia<\/option><option value=\"SC\" >Seychelles<\/option><option value=\"SY\" >S\u00edria<\/option><option value=\"SO\" >Som\u00e1lia<\/option><option value=\"LK\" >Sri Lanka<\/option><option value=\"SD\" >Sud\u00e3o<\/option><option value=\"SS\" >Sud\u00e3o do Sul<\/option><option value=\"SE\" >Su\u00e9cia<\/option><option value=\"CH\" >Sui\u00e7a<\/option><option value=\"SR\" >Suriname<\/option><option value=\"SJ\" >Svalbard e Jan Mayen<\/option><option value=\"TH\" >Tail\u00e2ndia<\/option><option value=\"TW\" >Taiwan<\/option><option value=\"TJ\" >Tajiquist\u00e3o<\/option><option value=\"TZ\" >Tanz\u00e2nia<\/option><option value=\"IO\" >Territ\u00f3rio Brit\u00e2nico do Oceano \u00cdndico<\/option><option value=\"PS\" >Territ\u00f3rio Palestino<\/option><option value=\"TF\" >Territ\u00f3rio das Terras Austrais e Ant\u00e1rcticas Francesas<\/option><option value=\"TL\" >Timor-Leste<\/option><option value=\"TG\" >Togo<\/option><option value=\"TK\" >Tokelau<\/option><option value=\"TO\" >Tonga<\/option><option value=\"TT\" >Trinidad e Tobago<\/option><option value=\"TN\" >Tun\u00edsia<\/option><option value=\"TM\" >Turcomenist\u00e3o<\/option><option value=\"TR\" >T\u00fcrkiye<\/option><option value=\"TV\" >Tuvalu<\/option><option value=\"UA\" >Ucr\u00e2nia<\/option><option value=\"UG\" >Uganda<\/option><option value=\"UY\" >Uruguai<\/option><option value=\"UZ\" >Uzbequist\u00e3o<\/option><option value=\"VU\" >Vanuatu<\/option><option value=\"VA\" >Vaticano<\/option><option value=\"VE\" >Venezuela<\/option><option value=\"VN\" >Vietn\u00e3<\/option><option value=\"WF\" >Wallis e Futuna<\/option><option value=\"ZM\" >Z\u00e2mbia<\/option><option value=\"ZW\" >Zimb\u00e1bue<\/option>\n\t\t\t\t\t\t<\/select><\/span><\/p><p class=\"form-row field-set text-field-set wwlc_address wwlc_registration_field form_field validate-required\" id=\"wwlc_address_field\" data-priority=\"\"><label for=\"wwlc_address\" class=\"required_field\">Address 1&nbsp;<span class=\"required\" aria-hidden=\"true\">*<\/span><\/label><span class=\"woocommerce-input-wrapper\"><input type=\"text\" class=\"input-text wwlc_form_field\" name=\"wwlc_address\" id=\"wwlc_address\" placeholder=\"Street address\"  value=\"\" data-required=\"yes\" aria-required=\"true\" \/><\/span><\/p><p class=\"form-row field-set text-field-set wwlc_address_2 wwlc_registration_field form_field\" id=\"wwlc_address_2_field\" data-priority=\"\"><label for=\"wwlc_address_2\" class=\"\">Address Line 2&nbsp;<span class=\"optional\">(opcional)<\/span><\/label><span class=\"woocommerce-input-wrapper\"><input type=\"text\" class=\"input-text wwlc_form_field\" name=\"wwlc_address_2\" id=\"wwlc_address_2\" placeholder=\"Apartment, suite, unit etc. (optional)\"  value=\"\"  \/><\/span><\/p><p class=\"form-row field-set text-field-set wwlc_city wwlc_registration_field form_field validate-required\" id=\"wwlc_city_field\" data-priority=\"\"><label for=\"wwlc_city\" class=\"required_field\">City&nbsp;<span class=\"required\" aria-hidden=\"true\">*<\/span><\/label><span class=\"woocommerce-input-wrapper\"><input type=\"text\" class=\"input-text wwlc_form_field\" name=\"wwlc_city\" id=\"wwlc_city\" placeholder=\"Town \/ City\"  value=\"\" data-required=\"yes\" aria-required=\"true\" \/><\/span><\/p><p class=\"form-row field-set text-field-set wwlc_state wwlc_registration_field form_field validate-required\" id=\"wwlc_state_field\" data-priority=\"\"><label for=\"wwlc_state\" class=\"required_field\">State&nbsp;<span class=\"required\" aria-hidden=\"true\">*<\/span><\/label><span class=\"woocommerce-input-wrapper\"><input type=\"text\" class=\"input-text wwlc_form_field\" name=\"wwlc_state\" id=\"wwlc_state\" placeholder=\"State \/ County\"  value=\"\" data-required=\"yes\" aria-required=\"true\" \/><\/span><\/p><p class=\"form-row field-set text-field-set wwlc_postcode wwlc_registration_field form_field validate-required\" id=\"wwlc_postcode_field\" data-priority=\"\"><label for=\"wwlc_postcode\" class=\"required_field\">Postcode&nbsp;<span class=\"required\" aria-hidden=\"true\">*<\/span><\/label><span class=\"woocommerce-input-wrapper\"><input type=\"text\" class=\"input-text wwlc_form_field\" name=\"wwlc_postcode\" id=\"wwlc_postcode\" placeholder=\"Postcode \/ Zip\"  value=\"\" data-required=\"yes\" aria-required=\"true\" \/><\/span><\/p><p class=\"form-row field-set wwlc_password-field-set wwlc_password wwlc_registration_field form_field validate-required\" id=\"wwlc_password\" data-sort=\"\"><label for=\"wwlc_password\" class=\"required_field\">Password <abbr class=\"required\" title=\"required\">*<\/abbr><\/label><input type=\"password\" class=\"input-text wwlc_form_field\" name=\"wwlc_password\" id=\"wwlc_password\" placeholder=\"\"  value=\"\" data-required=\"yes\" aria-required=\"true\" \/><span id=\"wwlc-password-strength\" class=\"wwlc-password-strength\"><\/span><\/p><p class=\"form-row wwlc_password_confirm-field-set wwlc_password_confirm form_field\"><label for=\"wwlc_password_confirm\" class=\"required_field\">Confirm password<\/label><input type=\"password\" class=\"input-text wwlc_form_field\" id=\"wwlc_password_confirm\" placeholder=\"\"><\/p>\t<div class=\"field-set form-controls-section\">\n\t\t<p class=\"register-button-container\"><input type=\"submit\" class=\"form-control button button-primary\" id=\"wwlc-register\" value=\"Register\" ><span class=\"wwlc-loader\"><\/span><\/p><a class=\"form-control\" id=\"log-in\" href=\"https:\/\/aswf.com\/pt-br\/wholesale-log-in-page\/\" >Log In<\/a> <a class=\"form-control\" id=\"lost-password\" href=\"https:\/\/aswf.com\/pt-br\/minha-conta\/lost-password\/\" >Lost Password<\/a>\t<\/div>\n\n\t<\/form>\n<\/div><!--#wwlc-registration-form-->\n\n","protected":false},"excerpt":{"rendered":"","protected":false},"author":1,"featured_media":574,"parent":0,"menu_order":0,"comment_status":"closed","ping_status":"closed","template":"page-woocommerce.php","meta":{"_acf_changed":false,"footnotes":""},"class_list":["post-383","page","type-page","status-publish","has-post-thumbnail","hentry"],"acf":[],"_links":{"self":[{"href":"https:\/\/aswf.com\/pt-br\/wp-json\/wp\/v2\/pages\/383","targetHints":{"allow":["GET"]}}],"collection":[{"href":"https:\/\/aswf.com\/pt-br\/wp-json\/wp\/v2\/pages"}],"about":[{"href":"https:\/\/aswf.com\/pt-br\/wp-json\/wp\/v2\/types\/page"}],"author":[{"embeddable":true,"href":"https:\/\/aswf.com\/pt-br\/wp-json\/wp\/v2\/users\/1"}],"replies":[{"embeddable":true,"href":"https:\/\/aswf.com\/pt-br\/wp-json\/wp\/v2\/comments?post=383"}],"version-history":[{"count":3,"href":"https:\/\/aswf.com\/pt-br\/wp-json\/wp\/v2\/pages\/383\/revisions"}],"predecessor-version":[{"id":556,"href":"https:\/\/aswf.com\/pt-br\/wp-json\/wp\/v2\/pages\/383\/revisions\/556"}],"wp:featuredmedia":[{"embeddable":true,"href":"https:\/\/aswf.com\/pt-br\/wp-json\/wp\/v2\/media\/574"}],"wp:attachment":[{"href":"https:\/\/aswf.com\/pt-br\/wp-json\/wp\/v2\/media?parent=383"}],"curies":[{"name":"wp","href":"https:\/\/api.w.org\/{rel}","templated":true}]}}