{"id":9073,"date":"2026-01-28T19:38:42","date_gmt":"2026-01-28T19:38:42","guid":{"rendered":"https:\/\/aswf.com\/?post_type=product&#038;p=9073"},"modified":"2026-01-28T19:53:37","modified_gmt":"2026-01-28T19:53:37","slug":"carbon-sir","status":"publish","type":"product","link":"https:\/\/aswf.com\/es\/producto\/carbon-sir\/","title":{"rendered":"Carbon SIR"},"content":{"rendered":"<p><span style=\"font-size:24px; color:#ffc233;\"><strong>INCREASED COMFORT<\/strong><\/span><br \/>\n<span style=\"font-size:18px;\">UP TO 63% IR REJECTION<br \/>\n99% UV PROTECTION<br \/>\nCOLOR STABLE<br \/>\nLIFETIME WARRANTY<\/span><\/p>\n<div class=\"product-table\">\n<div class=\"product-table\">\n<h2><span style=\"color: #d13239;\">Datos de rendimiento de la pel\u00edcula para ventanas<\/span><\/h2>\n<table>\n<thead>\n<tr>\n<th><\/th>\n<th>\nVLT<\/th>\n<th>IR<br \/>\n0.9-1.0<\/th>\n<th>IR<br \/>\nRejected<\/th>\n<th>VLR<br \/>\nInterior<\/th>\n<th>VLR<br \/>\nExterior<\/th>\n<th>\nThickness<\/th>\n<th>U\/V<br \/>\nRejected<\/th>\n<th>Solar Energy<br \/>\nRejected<\/th>\n<\/tr>\n<\/thead>\n<tbody>\n<tr>\n<td>03<\/td>\n<td>3%<\/td>\n<td>64%<\/td>\n<td>63%<\/td>\n<td>4%<\/td>\n<td>4%<\/td>\n<td>2.0 M<\/td>\n<td>99%<\/td>\n<td>59.0%<\/td>\n<\/tr>\n<tr>\n<td>05<\/td>\n<td>6%<\/td>\n<td>60%<\/td>\n<td>63%<\/td>\n<td>4%<\/td>\n<td>4%<\/td>\n<td>2.0 M<\/td>\n<td>99%<\/td>\n<td>56.0%<\/td>\n<\/tr>\n<tr>\n<td>15<\/td>\n<td>14%<\/td>\n<td>60%<\/td>\n<td>63%<\/td>\n<td>4%<\/td>\n<td>4%<\/td>\n<td>2.0 M<\/td>\n<td>99%<\/td>\n<td>54.0%<\/td>\n<\/tr>\n<tr>\n<td>20<\/td>\n<td>20%<\/td>\n<td>60%<\/td>\n<td>63%<\/td>\n<td>4%<\/td>\n<td>4%<\/td>\n<td>2.0 M<\/td>\n<td>99%<\/td>\n<td>52.0%<\/td>\n<\/tr>\n<tr>\n<td>35<\/td>\n<td>35%<\/td>\n<td>60%<\/td>\n<td>63%<\/td>\n<td>4%<\/td>\n<td>4%<\/td>\n<td>2.0 M<\/td>\n<td>99%<\/td>\n<td>57%<\/td>\n<\/tr>\n<tr>\n<td>40<\/td>\n<td>40%<\/td>\n<td>60%<\/td>\n<td>63%<\/td>\n<td>4%<\/td>\n<td>4%<\/td>\n<td>2.0 M<\/td>\n<td>99%<\/td>\n<td>44%<\/td>\n<\/tr>\n<tr>\n<td>50<\/td>\n<td>48%<\/td>\n<td>60%<\/td>\n<td>63%<\/td>\n<td>5%<\/td>\n<td>5%<\/td>\n<td>2.0 M<\/td>\n<td>99%<\/td>\n<td>42%<\/td>\n<\/tr>\n<tr>\n<td>60<\/td>\n<td>60%<\/td>\n<td>60%<\/td>\n<td>63%<\/td>\n<td>6%<\/td>\n<td>6%<\/td>\n<td>2.0 M<\/td>\n<td>99%<\/td>\n<td>39%<\/td>\n<\/tr>\n<tr>\n<td>70<\/td>\n<td>80%<\/td>\n<td>60%<\/td>\n<td>63%<\/td>\n<td>7%<\/td>\n<td>7%<\/td>\n<td>2.0 M<\/td>\n<td>99%<\/td>\n<td>33%<\/td>\n<\/tr>\n<\/tbody>\n<\/table>\n<\/div>\n<p><strong>Importante:\u00a0<\/strong>Todos los materiales probados se aplicaron en una superficie de vidrio transparente de \u00bc\u00bb de acuerdo con pruebas est\u00e1ndar de la industria. El prop\u00f3sito previsto de los datos proporcionados es \u00fanicamente comparativo. NIR: 900-1000 nm range<\/p>\n","protected":false},"excerpt":{"rendered":"<p>INCREASED COMFORT UP TO 63% IR REJECTION 99% UV PROTECTION COLOR STABLE LIFETIME WARRANTY Datos de rendimiento de la pel\u00edcula para ventanas VLT IR 0.9-1.0 IR Rejected VLR Interior VLR Exterior Thickness U\/V Rejected Solar Energy Rejected 03 3% 64% 63% 4% 4% 2.0 M 99% 59.0% 05 6% 60% 63% 4% 4% 2.0 M [&hellip;]<\/p>\n","protected":false},"featured_media":0,"template":"","meta":{"_acf_changed":false},"product_brand":[],"product_cat":[80],"product_tag":[],"class_list":{"0":"post-9073","1":"product","2":"type-product","3":"status-publish","5":"product_cat-ir-performance-nano-ceramic-spanish","7":"first","8":"instock","9":"shipping-taxable","10":"purchasable","11":"product-type-simple"},"acf":[],"_links":{"self":[{"href":"https:\/\/aswf.com\/es\/wp-json\/wp\/v2\/product\/9073","targetHints":{"allow":["GET"]}}],"collection":[{"href":"https:\/\/aswf.com\/es\/wp-json\/wp\/v2\/product"}],"about":[{"href":"https:\/\/aswf.com\/es\/wp-json\/wp\/v2\/types\/product"}],"wp:attachment":[{"href":"https:\/\/aswf.com\/es\/wp-json\/wp\/v2\/media?parent=9073"}],"wp:term":[{"taxonomy":"product_brand","embeddable":true,"href":"https:\/\/aswf.com\/es\/wp-json\/wp\/v2\/product_brand?post=9073"},{"taxonomy":"product_cat","embeddable":true,"href":"https:\/\/aswf.com\/es\/wp-json\/wp\/v2\/product_cat?post=9073"},{"taxonomy":"product_tag","embeddable":true,"href":"https:\/\/aswf.com\/es\/wp-json\/wp\/v2\/product_tag?post=9073"}],"curies":[{"name":"wp","href":"https:\/\/api.w.org\/{rel}","templated":true}]}}