{"id":8535,"date":"2018-08-07T04:31:55","date_gmt":"2018-08-07T04:31:55","guid":{"rendered":"https:\/\/aswf.com\/product\/performer\/"},"modified":"2023-10-02T02:36:16","modified_gmt":"2023-10-02T02:36:16","slug":"performer","status":"publish","type":"product","link":"https:\/\/aswf.com\/es\/producto\/performer\/","title":{"rendered":"Performer"},"content":{"rendered":"<p>La serie Performer hace precisamente eso: realiza. Una pel\u00edcula de autom\u00f3vil de alto rendimiento con una pel\u00edcula te\u00f1ida no reflectante de color estable y una capa de pel\u00edcula metalizada, esta serie ofrece una apariencia atractiva y una alta reducci\u00f3n de calor.<\/p>\n<div class=\"product-table\">\n<h2><span style=\"color: #d13239;\">Datos de rendimiento de la pel\u00edcula para ventanas<\/span><\/h2>\n<table>\n<thead>\n<tr>\n<th><\/th>\n<th>Light<br \/>\nTransmission<\/th>\n<th><\/th>\n<th><\/th>\n<th>VLR<br \/>\nInterior<\/th>\n<th>VLR<br \/>\nExterior<\/th>\n<th>Construction<br \/>\nThickness<\/th>\n<th>Solar Energy<br \/>\nRejected<\/th>\n<th>U\/V<br \/>\nRejected<\/th>\n<\/tr>\n<\/thead>\n<tbody>\n<tr>\n<td>3<\/td>\n<td>4%<\/td>\n<td><\/td>\n<td><\/td>\n<td>9%<\/td>\n<td>6%<\/td>\n<td>1.5 M<\/td>\n<td>66%<\/td>\n<td>99%<\/td>\n<\/tr>\n<tr>\n<td>5<\/td>\n<td>6%<\/td>\n<td><\/td>\n<td><\/td>\n<td>8%<\/td>\n<td>6%<\/td>\n<td>1.5 M<\/td>\n<td>54%<\/td>\n<td>99%<\/td>\n<\/tr>\n<tr>\n<td>15<\/td>\n<td>16%<\/td>\n<td><\/td>\n<td><\/td>\n<td>11%<\/td>\n<td>8%<\/td>\n<td>1.5 M<\/td>\n<td>52%<\/td>\n<td>99%<\/td>\n<\/tr>\n<tr>\n<td>20<\/td>\n<td>19%<\/td>\n<td><\/td>\n<td><\/td>\n<td>11%<\/td>\n<td>8%<\/td>\n<td>1.5 M<\/td>\n<td>51%<\/td>\n<td>99%<\/td>\n<\/tr>\n<tr>\n<td>30<\/td>\n<td>30%<\/td>\n<td><\/td>\n<td><\/td>\n<td>11%<\/td>\n<td>8%<\/td>\n<td>1.5 M<\/td>\n<td>50%<\/td>\n<td>99%<\/td>\n<\/tr>\n<tr>\n<td>35<\/td>\n<td>37%<\/td>\n<td><\/td>\n<td><\/td>\n<td>11%<\/td>\n<td>8%<\/td>\n<td>1.5 M<\/td>\n<td>47%<\/td>\n<td>99%<\/td>\n<\/tr>\n<tr>\n<td>50<\/td>\n<td>55%<\/td>\n<td><\/td>\n<td><\/td>\n<td>11%<\/td>\n<td>8%<\/td>\n<td>1.5 M<\/td>\n<td>40%<\/td>\n<td>99%<\/td>\n<\/tr>\n<tr>\n<td>60<\/td>\n<td>65%<\/td>\n<td><\/td>\n<td><\/td>\n<td>11%<\/td>\n<td>8%<\/td>\n<td>1.5 M<\/td>\n<td>35%<\/td>\n<td>99%<\/td>\n<\/tr>\n<\/tbody>\n<\/table>\n<\/div>\n<p><strong>Importante:\u00a0<\/strong>Todos los materiales probados se aplicaron en una superficie de vidrio transparente de \u00bc\u00bb de acuerdo con pruebas est\u00e1ndar de la industria. El prop\u00f3sito previsto de los datos proporcionados es \u00fanicamente comparativo. NIR: 900-1000 nm range<\/p>\n","protected":false},"excerpt":{"rendered":"<p>La serie Performer hace precisamente eso: realiza. Una pel\u00edcula de autom\u00f3vil de alto rendimiento con una pel\u00edcula te\u00f1ida no reflectante de color estable y una capa de pel\u00edcula metalizada, esta serie ofrece una apariencia atractiva y una alta reducci\u00f3n de calor. Datos de rendimiento de la pel\u00edcula para ventanas Light Transmission VLR Interior VLR Exterior [&hellip;]<\/p>\n","protected":false},"featured_media":0,"template":"","meta":{"_acf_changed":false},"product_brand":[],"product_cat":[79],"product_tag":[],"class_list":{"0":"post-8535","1":"product","2":"type-product","3":"status-publish","5":"product_cat-high-performance-hp-spanish","7":"first","8":"instock","9":"shipping-taxable","10":"purchasable","11":"product-type-variable"},"acf":[],"_links":{"self":[{"href":"https:\/\/aswf.com\/es\/wp-json\/wp\/v2\/product\/8535","targetHints":{"allow":["GET"]}}],"collection":[{"href":"https:\/\/aswf.com\/es\/wp-json\/wp\/v2\/product"}],"about":[{"href":"https:\/\/aswf.com\/es\/wp-json\/wp\/v2\/types\/product"}],"wp:attachment":[{"href":"https:\/\/aswf.com\/es\/wp-json\/wp\/v2\/media?parent=8535"}],"wp:term":[{"taxonomy":"product_brand","embeddable":true,"href":"https:\/\/aswf.com\/es\/wp-json\/wp\/v2\/product_brand?post=8535"},{"taxonomy":"product_cat","embeddable":true,"href":"https:\/\/aswf.com\/es\/wp-json\/wp\/v2\/product_cat?post=8535"},{"taxonomy":"product_tag","embeddable":true,"href":"https:\/\/aswf.com\/es\/wp-json\/wp\/v2\/product_tag?post=8535"}],"curies":[{"name":"wp","href":"https:\/\/api.w.org\/{rel}","templated":true}]}}