{"id":8517,"date":"2018-08-07T04:27:33","date_gmt":"2018-08-07T04:27:33","guid":{"rendered":"https:\/\/aswf.com\/product\/excel\/"},"modified":"2024-03-19T16:35:03","modified_gmt":"2024-03-19T16:35:03","slug":"excel","status":"publish","type":"product","link":"https:\/\/aswf.com\/es\/producto\/excel\/","title":{"rendered":"Excel"},"content":{"rendered":"<p>La serie Excel se destaca como una pel\u00edcula no reflectante. Una pel\u00edcula te\u00f1ida de color negro estable que brinda al consumidor y al profesional una opci\u00f3n duradera respaldada por una garant\u00eda limitada de estabilidad de color de por vida.<\/p>\n<div class=\"product-table\">\n<h2><span style=\"color: #d13239;\">Datos de rendimiento de la pel\u00edcula para ventanas<\/span><\/h2>\n<table>\n<thead>\n<tr>\n<th><\/th>\n<th>Light<br \/>\nTransmission<\/th>\n<th><\/th>\n<th><\/th>\n<th>VLR<br \/>\nInterior<\/th>\n<th>VLR<br \/>\nExterior<\/th>\n<th>Construction<br \/>\nThickness<\/th>\n<th>Solar Energy<br \/>\nRejected<\/th>\n<th>U\/V<br \/>\nRejected<\/th>\n<\/tr>\n<\/thead>\n<tbody>\n<tr>\n<td>5<\/td>\n<td>7%<\/td>\n<td><\/td>\n<td><\/td>\n<td>5%<\/td>\n<td>5%<\/td>\n<td>1.5 M<\/td>\n<td>48%<\/td>\n<td>99%<\/td>\n<\/tr>\n<tr>\n<td>15<\/td>\n<td>16%<\/td>\n<td><\/td>\n<td><\/td>\n<td>5%<\/td>\n<td>5%<\/td>\n<td>1.5 M<\/td>\n<td>44%<\/td>\n<td>99%<\/td>\n<\/tr>\n<tr>\n<td>20<\/td>\n<td>22%<\/td>\n<td><\/td>\n<td><\/td>\n<td>5%<\/td>\n<td>5%<\/td>\n<td>1.5 M<\/td>\n<td>40%<\/td>\n<td>99%<\/td>\n<\/tr>\n<tr>\n<td>30<\/td>\n<td>30%<\/td>\n<td><\/td>\n<td><\/td>\n<td>5%<\/td>\n<td>5%<\/td>\n<td>1.5 M<\/td>\n<td>38%<\/td>\n<td>99%<\/td>\n<\/tr>\n<tr>\n<td>35<\/td>\n<td>35%<\/td>\n<td><\/td>\n<td><\/td>\n<td>5%<\/td>\n<td>5%<\/td>\n<td>1.5 M<\/td>\n<td>37%<\/td>\n<td>99%<\/td>\n<\/tr>\n<tr>\n<td>45<\/td>\n<td>43%<\/td>\n<td><\/td>\n<td><\/td>\n<td>5%<\/td>\n<td>5%<\/td>\n<td>1.5 M<\/td>\n<td>36%<\/td>\n<td>99%<\/td>\n<\/tr>\n<tr>\n<td>50<\/td>\n<td>50%<\/td>\n<td><\/td>\n<td><\/td>\n<td>5%<\/td>\n<td>5%<\/td>\n<td>1.5 M<\/td>\n<td>35%<\/td>\n<td>99%<\/td>\n<\/tr>\n<tr>\n<td>60<\/td>\n<td>61%<\/td>\n<td><\/td>\n<td><\/td>\n<td>5%<\/td>\n<td>5%<\/td>\n<td>1.5 M<\/td>\n<td>29%<\/td>\n<td>99%<\/td>\n<\/tr>\n<tr>\n<td>70<\/td>\n<td>68%<\/td>\n<td><\/td>\n<td><\/td>\n<td>5%<\/td>\n<td>5%<\/td>\n<td>1.5 M<\/td>\n<td>25%<\/td>\n<td>99%<\/td>\n<\/tr>\n<tr>\n<td>88<\/td>\n<td>88%<\/td>\n<td><\/td>\n<td><\/td>\n<td>5%<\/td>\n<td>5%<\/td>\n<td>1.5 M<\/td>\n<td>20%<\/td>\n<td>99%<\/td>\n<\/tr>\n<\/tbody>\n<\/table>\n<\/div>\n<p><strong>Importante:\u00a0<\/strong>Todos los materiales probados se aplicaron en una superficie de vidrio transparente de \u00bc\u00bb de acuerdo con pruebas est\u00e1ndar de la industria. El prop\u00f3sito previsto de los datos proporcionados es \u00fanicamente comparativo. NIR: 900-1000 nm range<\/p>\n","protected":false},"excerpt":{"rendered":"<p>La serie Excel se destaca como una pel\u00edcula no reflectante. Una pel\u00edcula te\u00f1ida de color negro estable que brinda al consumidor y al profesional una opci\u00f3n duradera respaldada por una garant\u00eda limitada de estabilidad de color de por vida. Datos de rendimiento de la pel\u00edcula para ventanas Light Transmission VLR Interior VLR Exterior Construction Thickness [&hellip;]<\/p>\n","protected":false},"featured_media":0,"template":"","meta":{"_acf_changed":false},"product_brand":[],"product_cat":[81],"product_tag":[],"class_list":{"0":"post-8517","1":"product","2":"type-product","3":"status-publish","5":"product_cat-non-metalized-non-reflective-spanish","7":"first","8":"instock","9":"shipping-taxable","10":"purchasable","11":"product-type-variable"},"acf":[],"_links":{"self":[{"href":"https:\/\/aswf.com\/es\/wp-json\/wp\/v2\/product\/8517","targetHints":{"allow":["GET"]}}],"collection":[{"href":"https:\/\/aswf.com\/es\/wp-json\/wp\/v2\/product"}],"about":[{"href":"https:\/\/aswf.com\/es\/wp-json\/wp\/v2\/types\/product"}],"wp:attachment":[{"href":"https:\/\/aswf.com\/es\/wp-json\/wp\/v2\/media?parent=8517"}],"wp:term":[{"taxonomy":"product_brand","embeddable":true,"href":"https:\/\/aswf.com\/es\/wp-json\/wp\/v2\/product_brand?post=8517"},{"taxonomy":"product_cat","embeddable":true,"href":"https:\/\/aswf.com\/es\/wp-json\/wp\/v2\/product_cat?post=8517"},{"taxonomy":"product_tag","embeddable":true,"href":"https:\/\/aswf.com\/es\/wp-json\/wp\/v2\/product_tag?post=8517"}],"curies":[{"name":"wp","href":"https:\/\/api.w.org\/{rel}","templated":true}]}}