{"id":8508,"date":"2018-08-07T04:27:53","date_gmt":"2018-08-07T04:27:53","guid":{"rendered":"https:\/\/aswf.com\/product\/retro-charcoal\/"},"modified":"2023-10-02T02:32:09","modified_gmt":"2023-10-02T02:32:09","slug":"retro-charcoal","status":"publish","type":"product","link":"https:\/\/aswf.com\/es\/producto\/retro-charcoal\/","title":{"rendered":"Retro Charcoal"},"content":{"rendered":"<p>La serie Retro celebra el estilo nost\u00e1lgico del pasado, con avances para hoy en d\u00eda. Una pel\u00edcula no reflectante con un aspecto cl\u00e1sico, que ofrece mejoras tecnol\u00f3gicas de vanguardia para una mayor claridad y facilidad de uso.<\/p>\n<div class=\"product-table\">\n<h2><span style=\"color: #d13239;\">Datos de rendimiento de la pel\u00edcula para ventanas<\/span><\/h2>\n<table>\n<thead>\n<tr>\n<th><\/th>\n<th>Light<br \/>\nTransmission<\/th>\n<th><\/th>\n<th><\/th>\n<th>VLR<br \/>\nInterior<\/th>\n<th>VLR<br \/>\nExterior<\/th>\n<th>Construction<br \/>\nThickness<\/th>\n<th>Solar Energy<br \/>\nRejected<\/th>\n<th>U\/V<br \/>\nRejected<\/th>\n<\/tr>\n<\/thead>\n<tbody>\n<tr>\n<td>5<\/td>\n<td>5%<\/td>\n<td><\/td>\n<td><\/td>\n<td>5%<\/td>\n<td>5%<\/td>\n<td>1.5 M<\/td>\n<td>45%<\/td>\n<td>99%<\/td>\n<\/tr>\n<tr>\n<td>15<\/td>\n<td>18%<\/td>\n<td><\/td>\n<td><\/td>\n<td>5%<\/td>\n<td>5%<\/td>\n<td>1.5 M<\/td>\n<td>41%<\/td>\n<td>99%<\/td>\n<\/tr>\n<tr>\n<td>20<\/td>\n<td>22%<\/td>\n<td><\/td>\n<td><\/td>\n<td>5%<\/td>\n<td>5%<\/td>\n<td>1.5 M<\/td>\n<td>39%<\/td>\n<td>99%<\/td>\n<\/tr>\n<tr>\n<td>35<\/td>\n<td>35%<\/td>\n<td><\/td>\n<td><\/td>\n<td>5%<\/td>\n<td>5%<\/td>\n<td>1.5 M<\/td>\n<td>35%<\/td>\n<td>99%<\/td>\n<\/tr>\n<tr>\n<td>40<\/td>\n<td>43%<\/td>\n<td><\/td>\n<td><\/td>\n<td>5%<\/td>\n<td>5%<\/td>\n<td>1.5 M<\/td>\n<td>33%<\/td>\n<td>99%<\/td>\n<\/tr>\n<tr>\n<td>50<\/td>\n<td>52%<\/td>\n<td><\/td>\n<td><\/td>\n<td>5%<\/td>\n<td>5%<\/td>\n<td>1.5 M<\/td>\n<td>30%<\/td>\n<td>99%<\/td>\n<\/tr>\n<\/tbody>\n<\/table>\n<\/div>\n<p><strong>Importante:\u00a0<\/strong>Todos los materiales probados se aplicaron en una superficie de vidrio transparente de \u00bc\u00bb de acuerdo con pruebas est\u00e1ndar de la industria. El prop\u00f3sito previsto de los datos proporcionados es \u00fanicamente comparativo. NIR: 900-1000 nm range<\/p>\n","protected":false},"excerpt":{"rendered":"<p>La serie Retro celebra el estilo nost\u00e1lgico del pasado, con avances para hoy en d\u00eda. Una pel\u00edcula no reflectante con un aspecto cl\u00e1sico, que ofrece mejoras tecnol\u00f3gicas de vanguardia para una mayor claridad y facilidad de uso. Datos de rendimiento de la pel\u00edcula para ventanas Light Transmission VLR Interior VLR Exterior Construction Thickness Solar Energy [&hellip;]<\/p>\n","protected":false},"featured_media":0,"template":"","meta":{"_acf_changed":false},"product_brand":[],"product_cat":[81],"product_tag":[],"class_list":{"0":"post-8508","1":"product","2":"type-product","3":"status-publish","5":"product_cat-non-metalized-non-reflective-spanish","7":"first","8":"instock","9":"shipping-taxable","10":"purchasable","11":"product-type-variable"},"acf":[],"_links":{"self":[{"href":"https:\/\/aswf.com\/es\/wp-json\/wp\/v2\/product\/8508","targetHints":{"allow":["GET"]}}],"collection":[{"href":"https:\/\/aswf.com\/es\/wp-json\/wp\/v2\/product"}],"about":[{"href":"https:\/\/aswf.com\/es\/wp-json\/wp\/v2\/types\/product"}],"wp:attachment":[{"href":"https:\/\/aswf.com\/es\/wp-json\/wp\/v2\/media?parent=8508"}],"wp:term":[{"taxonomy":"product_brand","embeddable":true,"href":"https:\/\/aswf.com\/es\/wp-json\/wp\/v2\/product_brand?post=8508"},{"taxonomy":"product_cat","embeddable":true,"href":"https:\/\/aswf.com\/es\/wp-json\/wp\/v2\/product_cat?post=8508"},{"taxonomy":"product_tag","embeddable":true,"href":"https:\/\/aswf.com\/es\/wp-json\/wp\/v2\/product_tag?post=8508"}],"curies":[{"name":"wp","href":"https:\/\/api.w.org\/{rel}","templated":true}]}}