{"id":8482,"date":"2023-06-16T21:05:34","date_gmt":"2023-06-16T21:05:34","guid":{"rendered":"https:\/\/aswf.com\/product\/dimension-irp-2\/"},"modified":"2026-01-28T19:01:51","modified_gmt":"2026-01-28T19:01:51","slug":"dimension-irp-2","status":"publish","type":"product","link":"https:\/\/aswf.com\/es\/producto\/dimension-irp-2\/","title":{"rendered":"Dimension IRP"},"content":{"rendered":"<p>La serie Dimension IRP de ASWF ofrece tecnolog\u00eda de Nano-Cer\u00e1mica de bloqueo de calor de \u00faltima generaci\u00f3n que supera a la competencia en rendimiento y rechazo de calor. Dimension IRP cuenta con la garant\u00eda limitada de por vida respaldada por el fabricante y la estabilidad del color.<\/p>\n<div class=\"product-table\">\n<h2><span style=\"color: #d13239;\">Datos de rendimiento de la pel\u00edcula para ventanas<\/span><\/h2>\n<table>\n<thead>\n<tr>\n<th style=\"width: 23px;\"><\/th>\n<th style=\"width: 117px;\">Light<br \/>\nTransmission<\/th>\n<th style=\"width: 60px;\">IR<br \/>\n.78-2.5<\/th>\n<th style=\"width: 61px;\">IR<br \/>\n0.9-1.0<\/th>\n<th style=\"width: 70px;\">VLR<br \/>\nInterior<\/th>\n<th style=\"width: 73px;\">VLR<br \/>\nExterior<\/th>\n<th style=\"width: 112px;\">Construction<br \/>\nThickness<\/th>\n<th style=\"width: 75px;\">Solar Energy<br \/>\nRejected<\/th>\n<th style=\"width: 75px;\">U\/V<br \/>\nRejected<\/th>\n<\/tr>\n<\/thead>\n<tbody>\n<tr>\n<td style=\"width: 23px;\">5<\/td>\n<td style=\"width: 117px;\">4%<\/td>\n<td style=\"width: 60px;\">90%<\/td>\n<td style=\"width: 61px;\">94%<\/td>\n<td style=\"width: 70px;\">4%<\/td>\n<td style=\"width: 73px;\">5%<\/td>\n<td style=\"width: 112px;\">2.0 M<\/td>\n<td style=\"width: 75px;\">79%<\/td>\n<td style=\"width: 75px;\">99%<\/td>\n<\/tr>\n<tr>\n<td style=\"width: 23px;\">15<\/td>\n<td style=\"width: 117px;\">15%<\/td>\n<td style=\"width: 60px;\">90%<\/td>\n<td style=\"width: 61px;\">94%<\/td>\n<td style=\"width: 70px;\">4%<\/td>\n<td style=\"width: 73px;\">4%<\/td>\n<td style=\"width: 112px;\">1.5 M<\/td>\n<td style=\"width: 75px;\">65%<\/td>\n<td style=\"width: 75px;\">99%<\/td>\n<\/tr>\n<tr>\n<td style=\"width: 23px;\">20<\/td>\n<td style=\"width: 117px;\">20%<\/td>\n<td style=\"width: 60px;\">90%<\/td>\n<td style=\"width: 61px;\">94%<\/td>\n<td style=\"width: 70px;\">4%<\/td>\n<td style=\"width: 73px;\">4%<\/td>\n<td style=\"width: 112px;\">1.5 M<\/td>\n<td style=\"width: 75px;\">64%<\/td>\n<td style=\"width: 75px;\">99%<\/td>\n<\/tr>\n<tr>\n<td style=\"width: 23px;\">35<\/td>\n<td style=\"width: 117px;\">38%<\/td>\n<td style=\"width: 60px;\">90%<\/td>\n<td style=\"width: 61px;\">94%<\/td>\n<td style=\"width: 70px;\">5%<\/td>\n<td style=\"width: 73px;\">4%<\/td>\n<td style=\"width: 112px;\">1.5 M<\/td>\n<td style=\"width: 75px;\">58%<\/td>\n<td style=\"width: 75px;\">99%<\/td>\n<\/tr>\n<tr>\n<td style=\"width: 23px;\">50<\/td>\n<td style=\"width: 117px;\">49%<\/td>\n<td style=\"width: 60px;\">90%<\/td>\n<td style=\"width: 61px;\">94%<\/td>\n<td style=\"width: 70px;\">5%<\/td>\n<td style=\"width: 73px;\">5%<\/td>\n<td style=\"width: 112px;\">1.5 M<\/td>\n<td style=\"width: 75px;\">56%<\/td>\n<td style=\"width: 75px;\">99%<\/td>\n<\/tr>\n<tr>\n<td style=\"width: 23px;\">70<\/td>\n<td style=\"width: 117px;\">70%<\/td>\n<td style=\"width: 60px;\">90%<\/td>\n<td style=\"width: 61px;\">94%<\/td>\n<td style=\"width: 70px;\">6%<\/td>\n<td style=\"width: 73px;\">6%<\/td>\n<td style=\"width: 112px;\">1.5 M<\/td>\n<td style=\"width: 75px;\">49%<\/td>\n<td style=\"width: 75px;\">99%<\/td>\n<\/tr>\n<tr>\n<td style=\"width: 23px;\">80<\/td>\n<td style=\"width: 117px;\">77%<\/td>\n<td style=\"width: 60px;\">77%<\/td>\n<td style=\"width: 61px;\">82%<\/td>\n<td style=\"width: 70px;\">6%<\/td>\n<td style=\"width: 73px;\">6%<\/td>\n<td style=\"width: 112px;\">1.5 M<\/td>\n<td style=\"width: 75px;\">42%<\/td>\n<td style=\"width: 75px;\">99%<\/td>\n<\/tr>\n<\/tbody>\n<\/table>\n<\/div>\n<p><strong>Importante:\u00a0<\/strong>Todos los materiales probados se aplicaron en una superficie de vidrio transparente de \u00bc\u00bb de acuerdo con pruebas est\u00e1ndar de la industria. El prop\u00f3sito previsto de los datos proporcionados es \u00fanicamente comparativo. NIR: 900-1000 nm range<\/p>\n","protected":false},"excerpt":{"rendered":"<p>La serie Dimension IRP de ASWF ofrece tecnolog\u00eda de Nano-Cer\u00e1mica de bloqueo de calor de \u00faltima generaci\u00f3n que supera a la competencia en rendimiento y rechazo de calor. Dimension IRP cuenta con la garant\u00eda limitada de por vida respaldada por el fabricante y la estabilidad del color. Datos de rendimiento de la pel\u00edcula para ventanas [&hellip;]<\/p>\n","protected":false},"featured_media":0,"template":"","meta":{"_acf_changed":false},"product_brand":[],"product_cat":[80],"product_tag":[],"class_list":{"0":"post-8482","1":"product","2":"type-product","3":"status-publish","5":"product_cat-ir-performance-nano-ceramic-spanish","7":"first","8":"instock","9":"shipping-taxable","10":"purchasable","11":"product-type-variable"},"acf":[],"_links":{"self":[{"href":"https:\/\/aswf.com\/es\/wp-json\/wp\/v2\/product\/8482","targetHints":{"allow":["GET"]}}],"collection":[{"href":"https:\/\/aswf.com\/es\/wp-json\/wp\/v2\/product"}],"about":[{"href":"https:\/\/aswf.com\/es\/wp-json\/wp\/v2\/types\/product"}],"wp:attachment":[{"href":"https:\/\/aswf.com\/es\/wp-json\/wp\/v2\/media?parent=8482"}],"wp:term":[{"taxonomy":"product_brand","embeddable":true,"href":"https:\/\/aswf.com\/es\/wp-json\/wp\/v2\/product_brand?post=8482"},{"taxonomy":"product_cat","embeddable":true,"href":"https:\/\/aswf.com\/es\/wp-json\/wp\/v2\/product_cat?post=8482"},{"taxonomy":"product_tag","embeddable":true,"href":"https:\/\/aswf.com\/es\/wp-json\/wp\/v2\/product_tag?post=8482"}],"curies":[{"name":"wp","href":"https:\/\/api.w.org\/{rel}","templated":true}]}}