{"id":8467,"date":"2018-08-01T21:57:11","date_gmt":"2018-08-01T21:57:11","guid":{"rendered":"https:\/\/aswf.com\/product\/excel-irp\/"},"modified":"2026-01-28T18:38:11","modified_gmt":"2026-01-28T18:38:11","slug":"excel-irp","status":"publish","type":"product","link":"https:\/\/aswf.com\/es\/producto\/excel-irp\/","title":{"rendered":"Excel IRP"},"content":{"rendered":"<p>La \u00faltima mejora de nuestro producto insignia Excel, Excel IRP (Rendimiento de IR) incorpora un revestimiento de nano part\u00edculas Infrarrojos que maximiza la claridad \u00f3ptica al tiempo que crea una protecci\u00f3n integral contra el calor, el deslumbramiento y los da\u00f1inos rayos UV e Infrarrojo. El control solar notable y la estabilidad del color de Excel IRP, sin metales, junto con su est\u00e9tica intransigente, lo sit\u00faa por encima de otras pel\u00edculas que bloquean los rayos Infrarrojos. Como todos los dem\u00e1s productos de ASWF, cuenta con una garant\u00eda de f\u00e1brica de por vida respaldada por la estabilidad del color.<\/p>\n<div class=\"product-table\">\n<h2><span style=\"color: #d13239;\">Datos de rendimiento de la pel\u00edcula para ventanas<\/span><\/h2>\n<table>\n<thead>\n<tr>\n<th style=\"width: 22px;\"><\/th>\n<th style=\"width: 117px;\">Light<br \/>\nTransmission<\/th>\n<th style=\"width: 60px;\">IR<br \/>\n.78-2.5<\/th>\n<th style=\"width: 61px;\">IR<br \/>\n0.9-1.0<\/th>\n<th style=\"width: 70px;\">VLR<br \/>\nInterior<\/th>\n<th style=\"width: 73px;\">VLR<br \/>\nExterior<\/th>\n<th style=\"width: 112px;\">Construction<br \/>\nThickness<\/th>\n<th style=\"width: 110px;\">Solar Energy<br \/>\nRejected<\/th>\n<th style=\"width: 75px;\">U\/V<br \/>\nRejected<\/th>\n<\/tr>\n<\/thead>\n<tbody>\n<tr>\n<td style=\"width: 22px;\">5<\/td>\n<td style=\"width: 117px;\">5%<\/td>\n<td style=\"width: 60px;\">83%<\/td>\n<td style=\"width: 61px;\">85%<\/td>\n<td style=\"width: 70px;\">4%<\/td>\n<td style=\"width: 73px;\">4%<\/td>\n<td style=\"width: 112px;\">2.0 M<\/td>\n<td style=\"width: 110px;\">66%<\/td>\n<td style=\"width: 75px;\">99%<\/td>\n<\/tr>\n<tr>\n<td style=\"width: 22px;\">15<\/td>\n<td style=\"width: 117px;\">16%<\/td>\n<td style=\"width: 60px;\">78%<\/td>\n<td style=\"width: 61px;\">83%<\/td>\n<td style=\"width: 70px;\">4%<\/td>\n<td style=\"width: 73px;\">4%<\/td>\n<td style=\"width: 112px;\">1.5 M<\/td>\n<td style=\"width: 110px;\">62%<\/td>\n<td style=\"width: 75px;\">99%<\/td>\n<\/tr>\n<tr>\n<td style=\"width: 22px;\">20<\/td>\n<td style=\"width: 117px;\">22%<\/td>\n<td style=\"width: 60px;\">78%<\/td>\n<td style=\"width: 61px;\">83%<\/td>\n<td style=\"width: 70px;\">4%<\/td>\n<td style=\"width: 73px;\">4%<\/td>\n<td style=\"width: 112px;\">1.5 M<\/td>\n<td style=\"width: 110px;\">60%<\/td>\n<td style=\"width: 75px;\">99%<\/td>\n<\/tr>\n<tr>\n<td style=\"width: 22px;\">35<\/td>\n<td style=\"width: 117px;\">35%<\/td>\n<td style=\"width: 60px;\">78%<\/td>\n<td style=\"width: 61px;\">83%<\/td>\n<td style=\"width: 70px;\">5%<\/td>\n<td style=\"width: 73px;\">5%<\/td>\n<td style=\"width: 112px;\">1.5 M<\/td>\n<td style=\"width: 110px;\">56%<\/td>\n<td style=\"width: 75px;\">99%<\/td>\n<\/tr>\n<tr>\n<td style=\"width: 22px;\">40<\/td>\n<td style=\"width: 117px;\">42%<\/td>\n<td style=\"width: 60px;\">78%<\/td>\n<td style=\"width: 61px;\">83%<\/td>\n<td style=\"width: 70px;\">5%<\/td>\n<td style=\"width: 73px;\">5%<\/td>\n<td style=\"width: 112px;\">1.5 M<\/td>\n<td style=\"width: 110px;\">53%<\/td>\n<td style=\"width: 75px;\">99%<\/td>\n<\/tr>\n<tr>\n<td style=\"width: 22px;\">50<\/td>\n<td style=\"width: 117px;\">53%<\/td>\n<td style=\"width: 60px;\">78%<\/td>\n<td style=\"width: 61px;\">83%<\/td>\n<td style=\"width: 70px;\">5%<\/td>\n<td style=\"width: 73px;\">5%<\/td>\n<td style=\"width: 112px;\">1.5 M<\/td>\n<td style=\"width: 110px;\">50%<\/td>\n<td style=\"width: 75px;\">99%<\/td>\n<\/tr>\n<tr>\n<td style=\"width: 22px;\">70<\/td>\n<td style=\"width: 117px;\">75%<\/td>\n<td style=\"width: 60px;\">78%<\/td>\n<td style=\"width: 61px;\">83%<\/td>\n<td style=\"width: 70px;\">6%<\/td>\n<td style=\"width: 73px;\">6%<\/td>\n<td style=\"width: 112px;\">1.5 M<\/td>\n<td style=\"width: 110px;\">42%<\/td>\n<td style=\"width: 75px;\">99%<\/td>\n<\/tr>\n<tr>\n<td style=\"width: 22px;\">80<\/td>\n<td style=\"width: 117px;\">79%<\/td>\n<td style=\"width: 60px;\">75%<\/td>\n<td style=\"width: 61px;\">76%<\/td>\n<td style=\"width: 70px;\">6%<\/td>\n<td style=\"width: 73px;\">6%<\/td>\n<td style=\"width: 112px;\">1.5 M<\/td>\n<td style=\"width: 110px;\">40%<\/td>\n<td style=\"width: 75px;\">99%<\/td>\n<\/tr>\n<\/tbody>\n<\/table>\n<\/div>\n<p><strong>Importante:\u00a0<\/strong>Todos los materiales probados se aplicaron en una superficie de vidrio transparente de \u00bc\u00bb de acuerdo con pruebas est\u00e1ndar de la industria. El prop\u00f3sito previsto de los datos proporcionados es \u00fanicamente comparativo. NIR: 900-1000 nm range<\/p>\n","protected":false},"excerpt":{"rendered":"<p>La \u00faltima mejora de nuestro producto insignia Excel, Excel IRP (Rendimiento de IR) incorpora un revestimiento de nano part\u00edculas Infrarrojos que maximiza la claridad \u00f3ptica al tiempo que crea una protecci\u00f3n integral contra el calor, el deslumbramiento y los da\u00f1inos rayos UV e Infrarrojo. El control solar notable y la estabilidad del color de Excel [&hellip;]<\/p>\n","protected":false},"featured_media":0,"template":"","meta":{"_acf_changed":false},"product_brand":[],"product_cat":[80],"product_tag":[],"class_list":{"0":"post-8467","1":"product","2":"type-product","3":"status-publish","5":"product_cat-ir-performance-nano-ceramic-spanish","7":"first","8":"instock","9":"shipping-taxable","10":"purchasable","11":"product-type-variable"},"acf":[],"_links":{"self":[{"href":"https:\/\/aswf.com\/es\/wp-json\/wp\/v2\/product\/8467","targetHints":{"allow":["GET"]}}],"collection":[{"href":"https:\/\/aswf.com\/es\/wp-json\/wp\/v2\/product"}],"about":[{"href":"https:\/\/aswf.com\/es\/wp-json\/wp\/v2\/types\/product"}],"wp:attachment":[{"href":"https:\/\/aswf.com\/es\/wp-json\/wp\/v2\/media?parent=8467"}],"wp:term":[{"taxonomy":"product_brand","embeddable":true,"href":"https:\/\/aswf.com\/es\/wp-json\/wp\/v2\/product_brand?post=8467"},{"taxonomy":"product_cat","embeddable":true,"href":"https:\/\/aswf.com\/es\/wp-json\/wp\/v2\/product_cat?post=8467"},{"taxonomy":"product_tag","embeddable":true,"href":"https:\/\/aswf.com\/es\/wp-json\/wp\/v2\/product_tag?post=8467"}],"curies":[{"name":"wp","href":"https:\/\/api.w.org\/{rel}","templated":true}]}}