{"id":8450,"date":"2019-01-18T21:00:16","date_gmt":"2019-01-18T21:00:16","guid":{"rendered":"https:\/\/aswf.com\/product\/solara\/"},"modified":"2023-10-01T23:25:26","modified_gmt":"2023-10-01T23:25:26","slug":"solara","status":"publish","type":"product","link":"https:\/\/aswf.com\/es\/producto\/solara\/","title":{"rendered":"Solara"},"content":{"rendered":"<p>Nuestra pel\u00edcula m\u00e1s nueva y \u00fanica en el mercado, con una elegancia inconfundible y una claridad \u00f3ptica HD superior para el conductor \u00fanico en su clase.<\/p>\n<p>SOLARA, lo \u00faltimo en innovaci\u00f3n de pel\u00edculas para ventanas, utiliza tecnolog\u00eda de vanguardia para ofrecer un rendimiento sin igual al bloquear el 99% de los da\u00f1inos rayos ultravioleta (UV) y el 97% de las longitudes de onda del calor infrarrojo (IR).<\/p>\n<div class=\"product-table\">\n<table style=\"height: 192px; width: 44.296563329052994%; border-collapse: collapse; border-style: none; border-color: #000000;\" border=\"0\">\n<tbody>\n<tr style=\"height: 24px;\">\n<td style=\"width: 366.3125px; height: 24px; text-align: left;\"><b>Transmitancia de luz visible (VLT)<\/b><\/td>\n<td style=\"width: 72.3125px; height: 24px;\"><strong>50%<\/strong><\/td>\n<\/tr>\n<tr style=\"height: 24px;\">\n<td style=\"width: 366.3125px; height: 24px; text-align: left;\"><b>Rechazo de rayos ultravioleta (UV)<\/b><\/td>\n<td style=\"width: 72.3125px; height: 24px;\"><strong>99.9%<\/strong><\/td>\n<\/tr>\n<tr style=\"height: 24px;\">\n<td style=\"width: 366.3125px; height: 24px; text-align: left;\"><b>Rechazo de calor infrarrojo (IR) .78-2.5nm<\/b><\/td>\n<td style=\"width: 72.3125px; height: 24px;\"><strong>97%<\/strong><\/td>\n<\/tr>\n<tr style=\"height: 24px;\">\n<td style=\"width: 366.3125px; height: 24px; text-align: left;\"><b>Reflectancia de luz visible<\/b><\/td>\n<td style=\"width: 72.3125px; height: 24px;\"><\/td>\n<\/tr>\n<tr style=\"height: 24px;\">\n<td style=\"width: 366.3125px; height: 24px; text-align: left;\"><b>\u00a0&#8211; Interior<\/b><\/td>\n<td style=\"width: 72.3125px; height: 24px;\"><strong>10%<\/strong><\/td>\n<\/tr>\n<tr style=\"height: 24px;\">\n<td style=\"width: 366.3125px; height: 24px; text-align: left;\"><b>\u00a0&#8211; Exterior<\/b><\/td>\n<td style=\"width: 72.3125px; height: 24px;\"><strong>11%<\/strong><\/td>\n<\/tr>\n<tr style=\"height: 24px;\">\n<td style=\"width: 366.3125px; height: 24px; text-align: left;\"><b>Reducci\u00f3n de deslumbramiento<\/b><\/td>\n<td style=\"width: 72.3125px; height: 24px;\"><strong>44%<\/strong><\/td>\n<\/tr>\n<tr style=\"height: 24px;\">\n<td style=\"width: 366.3125px; height: 24px; text-align: left;\"><b>Energ\u00eda solar total rechazada (TSER)\u00a0<\/b><\/td>\n<td style=\"width: 72.3125px; height: 24px;\"><strong>60%<\/strong><\/td>\n<\/tr>\n<\/tbody>\n<\/table>\n<p>&nbsp;<\/p>\n<p><span style=\"color: #ce343c;\"><b>\u00a1Respaldado por una garant\u00eda de f\u00e1brica DE POR VIDA!<\/b><\/span><\/p>\n<p>Esta pel\u00edcula solo se ofrece en edici\u00f3n limitada, as\u00ed que consulte con su distribuidor <a href=\"http:\/\/aswf.com\/contact-us\/\">local<\/a> o <a href=\"http:\/\/aswf.com\/contact-us-international\/\">internacional<\/a> de ASWF m\u00e1s cercano.\n<\/div>\n","protected":false},"excerpt":{"rendered":"<p>Nuestra pel\u00edcula m\u00e1s nueva y \u00fanica en el mercado, con una elegancia inconfundible y una claridad \u00f3ptica HD superior para el conductor \u00fanico en su clase. SOLARA, lo \u00faltimo en innovaci\u00f3n de pel\u00edculas para ventanas, utiliza tecnolog\u00eda de vanguardia para ofrecer un rendimiento sin igual al bloquear el 99% de los da\u00f1inos rayos ultravioleta (UV) [&hellip;]<\/p>\n","protected":false},"featured_media":0,"template":"","meta":{"_acf_changed":false},"product_brand":[],"product_cat":[16],"product_tag":[],"class_list":{"0":"post-8450","1":"product","2":"type-product","3":"status-publish","5":"product_cat-uncategorized","7":"first","8":"instock","9":"shipping-taxable","10":"purchasable","11":"product-type-variable"},"acf":[],"_links":{"self":[{"href":"https:\/\/aswf.com\/es\/wp-json\/wp\/v2\/product\/8450","targetHints":{"allow":["GET"]}}],"collection":[{"href":"https:\/\/aswf.com\/es\/wp-json\/wp\/v2\/product"}],"about":[{"href":"https:\/\/aswf.com\/es\/wp-json\/wp\/v2\/types\/product"}],"wp:attachment":[{"href":"https:\/\/aswf.com\/es\/wp-json\/wp\/v2\/media?parent=8450"}],"wp:term":[{"taxonomy":"product_brand","embeddable":true,"href":"https:\/\/aswf.com\/es\/wp-json\/wp\/v2\/product_brand?post=8450"},{"taxonomy":"product_cat","embeddable":true,"href":"https:\/\/aswf.com\/es\/wp-json\/wp\/v2\/product_cat?post=8450"},{"taxonomy":"product_tag","embeddable":true,"href":"https:\/\/aswf.com\/es\/wp-json\/wp\/v2\/product_tag?post=8450"}],"curies":[{"name":"wp","href":"https:\/\/api.w.org\/{rel}","templated":true}]}}