{"id":8416,"date":"2018-08-13T22:35:16","date_gmt":"2018-08-13T22:35:16","guid":{"rendered":"https:\/\/aswf.com\/product\/black-out\/"},"modified":"2023-10-01T17:48:13","modified_gmt":"2023-10-01T17:48:13","slug":"black-out","status":"publish","type":"product","link":"https:\/\/aswf.com\/es\/producto\/black-out\/","title":{"rendered":"Black Out"},"content":{"rendered":"<p>Un color ultra oscuro para bloquear la luz y maximizar la privacidad.<\/p>\n<div class=\"product-table\">\n<h2><span style=\"color: #d13239;\">Datos de rendimiento de la pel\u00edcula para ventanas<\/span><\/h2>\n<table>\n<thead>\n<tr>\n<th><\/th>\n<th>%\u00a0Total<br \/>\nSolar<br \/>\nRefl<\/th>\n<th>%\u00a0Total<br \/>\nSolar<br \/>\nAbsrb.<\/th>\n<th>%\u00a0Total<br \/>\nSolar<br \/>\nTrans.<\/th>\n<th>%\u00a0Visible<br \/>\nLight<br \/>\nTrans.<\/th>\n<th>%\u00a0Visible<br \/>\nLight<br \/>\nRefl.(int)<\/th>\n<th>%\u00a0Visible<br \/>\nLight<br \/>\nRefl.(ext)<\/th>\n<th>% Glare<br \/>\nReduct.<\/th>\n<th>Shading<br \/>\nCoeff.<\/th>\n<th>Solar<br \/>\nHeat<br \/>\nGain<br \/>\nCoeff.<\/th>\n<th>% Total<br \/>\nSolar<br \/>\nEnergy<br \/>\nReject.<\/th>\n<th>Spec<br \/>\nSheet<\/th>\n<\/tr>\n<\/thead>\n<tbody>\n<tr>\n<td><\/td>\n<td>11%<\/td>\n<td>89%<\/td>\n<td>0%<\/td>\n<td>0%<\/td>\n<td>13%<\/td>\n<td>8%<\/td>\n<td>100%<\/td>\n<td>34%<\/td>\n<td>29%<\/td>\n<td>71%<\/td>\n<td><a href=\"https:\/\/aswf.com\/wp-content\/uploads\/2019\/01\/specs-blackout.pdf\" target=\"_blank\" rel=\"noopener\">View<\/a><\/td>\n<\/tr>\n<\/tbody>\n<\/table>\n<p><strong><br \/>\nImportante:\u00a0<\/strong>Todos los materiales probados se aplicaron en una superficie de vidrio transparente de \u00bc\u00bb de acuerdo con pruebas y m\u00e9todos est\u00e1ndar de la industria. El prop\u00f3sito previsto de los datos roporcionados es \u00fanicamente comparativo.<\/p>\n<\/div>\n","protected":false},"excerpt":{"rendered":"<p>Un color ultra oscuro para bloquear la luz y maximizar la privacidad. Datos de rendimiento de la pel\u00edcula para ventanas %\u00a0Total Solar Refl %\u00a0Total Solar Absrb. %\u00a0Total Solar Trans. %\u00a0Visible Light Trans. %\u00a0Visible Light Refl.(int) %\u00a0Visible Light Refl.(ext) % Glare Reduct. Shading Coeff. Solar Heat Gain Coeff. % Total Solar Energy Reject. Spec Sheet 11% [&hellip;]<\/p>\n","protected":false},"featured_media":0,"template":"","meta":{"_acf_changed":false},"product_brand":[],"product_cat":[73],"product_tag":[],"class_list":{"0":"post-8416","1":"product","2":"type-product","3":"status-publish","5":"product_cat-design-series-spanish","7":"first","8":"instock","9":"shipping-taxable","10":"product-type-simple"},"acf":[],"_links":{"self":[{"href":"https:\/\/aswf.com\/es\/wp-json\/wp\/v2\/product\/8416","targetHints":{"allow":["GET"]}}],"collection":[{"href":"https:\/\/aswf.com\/es\/wp-json\/wp\/v2\/product"}],"about":[{"href":"https:\/\/aswf.com\/es\/wp-json\/wp\/v2\/types\/product"}],"wp:attachment":[{"href":"https:\/\/aswf.com\/es\/wp-json\/wp\/v2\/media?parent=8416"}],"wp:term":[{"taxonomy":"product_brand","embeddable":true,"href":"https:\/\/aswf.com\/es\/wp-json\/wp\/v2\/product_brand?post=8416"},{"taxonomy":"product_cat","embeddable":true,"href":"https:\/\/aswf.com\/es\/wp-json\/wp\/v2\/product_cat?post=8416"},{"taxonomy":"product_tag","embeddable":true,"href":"https:\/\/aswf.com\/es\/wp-json\/wp\/v2\/product_tag?post=8416"}],"curies":[{"name":"wp","href":"https:\/\/api.w.org\/{rel}","templated":true}]}}