{"id":8399,"date":"2023-06-20T20:39:14","date_gmt":"2023-06-20T20:39:14","guid":{"rendered":"https:\/\/aswf.com\/product\/reflect-guard\/"},"modified":"2024-10-09T00:36:42","modified_gmt":"2024-10-09T00:36:42","slug":"solar-safety","status":"publish","type":"product","link":"https:\/\/aswf.com\/es\/producto\/solar-safety\/","title":{"rendered":"Solar Safety"},"content":{"rendered":"<p>Dise\u00f1ado para reducir reflejo de calor exterior, c\u00e9sped potencialmente da\u00f1ino, c\u00e9sped natural, revestimiento de vinilo y muebles. Una pel\u00edcula espec\u00edficamente dise\u00f1ada para proteger tu propiedad de reflejo da\u00f1ino y resplandor y deslumbramiento.<\/p>\n<div class=\"product-table\">\n<h2><span style=\"color: #d13239;\">Datos de rendimiento de la pel\u00edcula para ventanas<\/span><\/h2>\n<table>\n<thead>\n<tr>\n<th><\/th>\n<th>%\u00a0Total<br \/>\nSolar<br \/>\nRefl<\/th>\n<th>%\u00a0Total<br \/>\nSolar<br \/>\nAbsrb.<\/th>\n<th>%\u00a0Total<br \/>\nSolar<br \/>\nTrans.<\/th>\n<th>%\u00a0Visible<br \/>\nLight<br \/>\nTrans.<\/th>\n<th>%\u00a0Visible<br \/>\nLight<br \/>\nRefl.(int)<\/th>\n<th>%\u00a0Visible<br \/>\nLight<br \/>\nRefl.(ext)<\/th>\n<th>% Glare<br \/>\nReduct.<\/th>\n<th>Shading<br \/>\nCoeff.<\/th>\n<th>Solar<br \/>\nHeat<br \/>\nGain<br \/>\nCoeff.<\/th>\n<th>% Total<br \/>\nSolar<br \/>\nEnergy<br \/>\nReject.<\/th>\n<\/tr>\n<\/thead>\n<tbody>\n<tr>\n<td style=\"text-align: left;\">Aurora 8 mil 70<\/td>\n<td>13%<\/td>\n<td>34%<\/td>\n<td>41%<\/td>\n<td>71%<\/td>\n<td>7%<\/td>\n<td>13%<\/td>\n<td>25%<\/td>\n<td>57%<\/td>\n<td>50%<\/td>\n<td>40%<\/td>\n<\/tr>\n<tr>\n<td style=\"text-align: left;\">Daydream 9 mil 25<\/td>\n<td>32%<\/td>\n<td>43%<\/td>\n<td>25%<\/td>\n<td>28%<\/td>\n<td>18%<\/td>\n<td>31%<\/td>\n<td>68%<\/td>\n<td>35%<\/td>\n<td>36%<\/td>\n<td>64%<\/td>\n<\/tr>\n<tr>\n<td style=\"text-align: left;\">Nature 8 mil 20<\/td>\n<td>23%<\/td>\n<td>55%<\/td>\n<td>22%<\/td>\n<td>24%<\/td>\n<td>25%<\/td>\n<td>28%<\/td>\n<td>73%<\/td>\n<td>44%<\/td>\n<td>38%<\/td>\n<td>62%<\/td>\n<\/tr>\n<tr>\n<td style=\"text-align: left;\">Nature 8 mil 40<\/td>\n<td>16%<\/td>\n<td>46%<\/td>\n<td>38%<\/td>\n<td>43%<\/td>\n<td>14%<\/td>\n<td>17%<\/td>\n<td>51%<\/td>\n<td>58%<\/td>\n<td>50%<\/td>\n<td>50%<\/td>\n<\/tr>\n<tr>\n<td style=\"text-align: left;\">Reflection 8 mil 20<\/td>\n<td>60%<\/td>\n<td>30%<\/td>\n<td>10%<\/td>\n<td>14%<\/td>\n<td>64%<\/td>\n<td>64%<\/td>\n<td>84%<\/td>\n<td>21%<\/td>\n<td>18%<\/td>\n<td>82%<\/td>\n<\/tr>\n<\/tbody>\n<\/table>\n<p><strong>Importante:\u00a0<\/strong>Todos los materiales probados se aplicaron en una superficie de vidrio transparente de \u00bc\u00bb de acuerdo con pruebas y m\u00e9todos est\u00e1ndar de la industria. El prop\u00f3sito previsto de los datos roporcionados es \u00fanicamente comparativo.<\/p>\n<\/div>\n","protected":false},"excerpt":{"rendered":"<p>Dise\u00f1ado para reducir reflejo de calor exterior, c\u00e9sped potencialmente da\u00f1ino, c\u00e9sped natural, revestimiento de vinilo y muebles. Una pel\u00edcula espec\u00edficamente dise\u00f1ada para proteger tu propiedad de reflejo da\u00f1ino y resplandor y deslumbramiento. Datos de rendimiento de la pel\u00edcula para ventanas %\u00a0Total Solar Refl %\u00a0Total Solar Absrb. %\u00a0Total Solar Trans. %\u00a0Visible Light Trans. %\u00a0Visible Light Refl.(int) [&hellip;]<\/p>\n","protected":false},"featured_media":0,"template":"","meta":{"_acf_changed":false},"product_brand":[],"product_cat":[76],"product_tag":[],"class_list":{"0":"post-8399","1":"product","2":"type-product","3":"status-publish","5":"product_cat-safety-series-spanish","7":"first","8":"instock","9":"shipping-taxable","10":"purchasable","11":"product-type-variable"},"acf":[],"_links":{"self":[{"href":"https:\/\/aswf.com\/es\/wp-json\/wp\/v2\/product\/8399","targetHints":{"allow":["GET"]}}],"collection":[{"href":"https:\/\/aswf.com\/es\/wp-json\/wp\/v2\/product"}],"about":[{"href":"https:\/\/aswf.com\/es\/wp-json\/wp\/v2\/types\/product"}],"wp:attachment":[{"href":"https:\/\/aswf.com\/es\/wp-json\/wp\/v2\/media?parent=8399"}],"wp:term":[{"taxonomy":"product_brand","embeddable":true,"href":"https:\/\/aswf.com\/es\/wp-json\/wp\/v2\/product_brand?post=8399"},{"taxonomy":"product_cat","embeddable":true,"href":"https:\/\/aswf.com\/es\/wp-json\/wp\/v2\/product_cat?post=8399"},{"taxonomy":"product_tag","embeddable":true,"href":"https:\/\/aswf.com\/es\/wp-json\/wp\/v2\/product_tag?post=8399"}],"curies":[{"name":"wp","href":"https:\/\/api.w.org\/{rel}","templated":true}]}}