{"id":8384,"date":"2018-08-13T21:42:42","date_gmt":"2018-08-13T21:42:42","guid":{"rendered":"https:\/\/aswf.com\/product\/moonlight\/"},"modified":"2024-02-28T23:53:17","modified_gmt":"2024-02-28T23:53:17","slug":"moonlight","status":"publish","type":"product","link":"https:\/\/aswf.com\/es\/producto\/moonlight\/","title":{"rendered":"Moonlight"},"content":{"rendered":"<p>Para maximizar la privacidad y minimizar la luz abrumadora, simplemente agregue Luz de luna. Esta pel\u00edcula proporciona un nivel ultra de bloqueo de la luz solar.<\/p>\n<div class=\"product-table\">\n<h2><span style=\"color: #d13239;\">Datos de rendimiento de la pel\u00edcula para ventanas<\/span><\/h2>\n<table>\n<thead>\n<tr>\n<th><\/th>\n<th>%\u00a0Total<br \/>\nSolar<br \/>\nRefl<\/th>\n<th>%\u00a0Total<br \/>\nSolar<br \/>\nAbsrb.<\/th>\n<th>%\u00a0Total<br \/>\nSolar<br \/>\nTrans.<\/th>\n<th>%\u00a0Visible<br \/>\nLight<br \/>\nTrans.<\/th>\n<th>%\u00a0Visible<br \/>\nLight<br \/>\nRefl.(int)<\/th>\n<th>%\u00a0Visible<br \/>\nLight<br \/>\nRefl.(ext)<\/th>\n<th>% Glare<br \/>\nReduct.<\/th>\n<th>Shading<br \/>\nCoeff.<\/th>\n<th>Solar<br \/>\nHeat<br \/>\nGain<br \/>\nCoeff.<\/th>\n<th>% Total<br \/>\nSolar<br \/>\nEnergy<br \/>\nReject.<\/th>\n<th>NFRC<br \/>\nCert.<\/th>\n<th>Spec<br \/>\nSheet<\/th>\n<\/tr>\n<\/thead>\n<tbody>\n<tr>\n<td>5<\/td>\n<td>25%<\/td>\n<td>61%<\/td>\n<td>14%<\/td>\n<td>6%<\/td>\n<td>7%<\/td>\n<td>13%<\/td>\n<td>93%<\/td>\n<td>35%<\/td>\n<td>30%<\/td>\n<td>70%<\/td>\n<td><a href=\"https:\/\/aswf.com\/wp-content\/uploads\/2024\/02\/ERI-M-008-CAR-02-28-24.pdf\" target=\"_blank\" rel=\"noopener\"><img loading=\"lazy\" decoding=\"async\" class=\"alignright wp-image-141 size-full\" src=\"https:\/\/aswf.com\/wp-content\/uploads\/2018\/08\/nfrc-small.jpg\" alt=\"\" width=\"18\" height=\"18\" \/><\/a><\/td>\n<td><a href=\"https:\/\/aswf.com\/wp-content\/uploads\/2019\/01\/specs-moonlight5.pdf\" target=\"_blank\" rel=\"noopener\">View<\/a><\/td>\n<\/tr>\n<tr>\n<td>10<\/td>\n<td>21%<\/td>\n<td>59%<\/td>\n<td>20%<\/td>\n<td>10%<\/td>\n<td>13%<\/td>\n<td>12%<\/td>\n<td>89%<\/td>\n<td>41%<\/td>\n<td>36%<\/td>\n<td>64%<\/td>\n<td><a href=\"https:\/\/aswf.com\/wp-content\/uploads\/2024\/02\/ERI-M-009-CAR-02-28-24.pdf\" target=\"_blank\" rel=\"noopener\"><img loading=\"lazy\" decoding=\"async\" class=\"alignright wp-image-141 size-full\" src=\"https:\/\/aswf.com\/wp-content\/uploads\/2018\/08\/nfrc-small.jpg\" alt=\"\" width=\"18\" height=\"18\" \/><\/a><\/td>\n<td><a href=\"https:\/\/aswf.com\/wp-content\/uploads\/2019\/01\/specs-moonlight10.pdf\" target=\"_blank\" rel=\"noopener\">View<\/a><\/td>\n<\/tr>\n<tr>\n<td>25<\/td>\n<td>23%<\/td>\n<td>50%<\/td>\n<td>27%<\/td>\n<td>24%<\/td>\n<td>17%<\/td>\n<td>12%<\/td>\n<td>73%<\/td>\n<td>46%<\/td>\n<td>40%<\/td>\n<td>60%<\/td>\n<td><a href=\"https:\/\/aswf.com\/wp-content\/uploads\/2024\/02\/ERI-M-010-CAR-02-28-24.pdf\" target=\"_blank\" rel=\"noopener\"><img loading=\"lazy\" decoding=\"async\" class=\"alignright wp-image-141 size-full\" src=\"https:\/\/aswf.com\/wp-content\/uploads\/2018\/08\/nfrc-small.jpg\" alt=\"\" width=\"18\" height=\"18\" \/><\/a><\/td>\n<td><a href=\"https:\/\/aswf.com\/wp-content\/uploads\/2019\/01\/specs-moonlight25.pdf\" target=\"_blank\" rel=\"noopener\">View<\/a><\/td>\n<\/tr>\n<\/tbody>\n<\/table>\n<\/div>\n<p><strong><img loading=\"lazy\" decoding=\"async\" class=\"alignleft size-full wp-image-140\" src=\"https:\/\/aswf.com\/wp-content\/uploads\/2018\/08\/nfrc.jpg\" alt=\"\" width=\"120\" height=\"164\" \/>Importante:\u00a0<\/strong>Todos los materiales probados se aplicaron en una superficie de vidrio transparente de \u00bc\u00bb de acuerdo con pruebas y m\u00e9todos est\u00e1ndar de la industria. El prop\u00f3sito previsto de los datos proporcionados es \u00fanicamente comparativo.<\/p>\n<p>Nota: Las pel\u00edculas que muestran el logotipo del National Fenestration Rating Council est\u00e1n certificadas a trav\u00e9s de la NFRC utilizando c\u00e1lculos de prueba est\u00e1ndar de la industria en vidrio transparente de \u00bc y \u215b. Fabricante: Erickson International LLC.<\/p>\n<p><a href=\"http:\/\/aswf.com\/nfrc-certified\">Ver lista completa de pel\u00edculas certificadas por el NFRC de ASWF.<\/a><\/p>\n<p><strong>Nota: Las pel\u00edculas arquitect\u00f3nicas para ventanas de ASWF, series solares de protecci\u00f3n y dise\u00f1o, bloquean eficazmente el 99% de los rayos ultravioleta (UV).<\/strong><\/p>\n","protected":false},"excerpt":{"rendered":"<p>Para maximizar la privacidad y minimizar la luz abrumadora, simplemente agregue Luz de luna. Esta pel\u00edcula proporciona un nivel ultra de bloqueo de la luz solar. Datos de rendimiento de la pel\u00edcula para ventanas %\u00a0Total Solar Refl %\u00a0Total Solar Absrb. %\u00a0Total Solar Trans. %\u00a0Visible Light Trans. %\u00a0Visible Light Refl.(int) %\u00a0Visible Light Refl.(ext) % Glare Reduct. [&hellip;]<\/p>\n","protected":false},"featured_media":0,"template":"","meta":{"_acf_changed":false},"product_brand":[],"product_cat":[77],"product_tag":[],"class_list":{"0":"post-8384","1":"product","2":"type-product","3":"status-publish","5":"product_cat-solar-series-spanish","7":"first","8":"instock","9":"shipping-taxable","10":"purchasable","11":"product-type-variable"},"acf":[],"_links":{"self":[{"href":"https:\/\/aswf.com\/es\/wp-json\/wp\/v2\/product\/8384","targetHints":{"allow":["GET"]}}],"collection":[{"href":"https:\/\/aswf.com\/es\/wp-json\/wp\/v2\/product"}],"about":[{"href":"https:\/\/aswf.com\/es\/wp-json\/wp\/v2\/types\/product"}],"wp:attachment":[{"href":"https:\/\/aswf.com\/es\/wp-json\/wp\/v2\/media?parent=8384"}],"wp:term":[{"taxonomy":"product_brand","embeddable":true,"href":"https:\/\/aswf.com\/es\/wp-json\/wp\/v2\/product_brand?post=8384"},{"taxonomy":"product_cat","embeddable":true,"href":"https:\/\/aswf.com\/es\/wp-json\/wp\/v2\/product_cat?post=8384"},{"taxonomy":"product_tag","embeddable":true,"href":"https:\/\/aswf.com\/es\/wp-json\/wp\/v2\/product_tag?post=8384"}],"curies":[{"name":"wp","href":"https:\/\/api.w.org\/{rel}","templated":true}]}}