{"id":8361,"date":"2018-08-13T20:42:35","date_gmt":"2018-08-13T20:42:35","guid":{"rendered":"https:\/\/aswf.com\/product\/nature\/"},"modified":"2024-10-09T16:07:41","modified_gmt":"2024-10-09T16:07:41","slug":"nature","status":"publish","type":"product","link":"https:\/\/aswf.com\/es\/producto\/nature\/","title":{"rendered":"Nature"},"content":{"rendered":"<div class=\"product-table\">\n<h2><span style=\"color: #d13239;\">Datos de rendimiento de la pel\u00edcula para ventanas<\/span><\/h2>\n<table>\n<thead>\n<tr>\n<th><\/th>\n<th>%\u00a0Total<br \/>\nSolar<br \/>\nRefl<\/th>\n<th>%\u00a0Total<br \/>\nSolar<br \/>\nAbsrb.<\/th>\n<th>%\u00a0Total<br \/>\nSolar<br \/>\nTrans.<\/th>\n<th>%\u00a0Visible<br \/>\nLight<br \/>\nTrans.<\/th>\n<th>%\u00a0Visible<br \/>\nLight<br \/>\nRefl.(int)<\/th>\n<th>%\u00a0Visible<br \/>\nLight<br \/>\nRefl.(ext)<\/th>\n<th>% Glare<br \/>\nReduct.<\/th>\n<th>Shading<br \/>\nCoeff.<\/th>\n<th>Solar<br \/>\nHeat<br \/>\nGain<br \/>\nCoeff.<\/th>\n<th>% Total<br \/>\nSolar<br \/>\nEnergy<br \/>\nReject.<\/th>\n<th>NFRC<br \/>\nCert.<\/th>\n<th>Spec<br \/>\nSheet<\/th>\n<\/tr>\n<\/thead>\n<tbody>\n<tr>\n<td style=\"text-align:left;\">10<\/td>\n<td>37%<\/td>\n<td>55%<\/td>\n<td>8%<\/td>\n<td>9%<\/td>\n<td>42%<\/td>\n<td>43%<\/td>\n<td>89%<\/td>\n<td>29%<\/td>\n<td>25%<\/td>\n<td>75%<\/td>\n<td><a href=\"https:\/\/aswf.com\/wp-content\/uploads\/2024\/02\/ERI-M-011-CAR-02-28-24.pdf\" target=\"_blank\" rel=\"noopener\"><img loading=\"lazy\" decoding=\"async\" class=\"alignright wp-image-141 size-full\" src=\"https:\/\/aswf.com\/wp-content\/uploads\/2018\/08\/nfrc-small.jpg\" alt=\"\" width=\"18\" height=\"18\" \/><\/a><\/td>\n<td><a href=\"https:\/\/aswf.com\/wp-content\/uploads\/2019\/01\/specs-nature10.pdf\" target=\"_blank\" rel=\"noopener\">View<\/a><\/td>\n<\/tr>\n<tr>\n<td style=\"text-align:left;\">20*<\/td>\n<td>23%<\/td>\n<td>55%<\/td>\n<td>22%<\/td>\n<td>24%<\/td>\n<td>25%<\/td>\n<td>28%<\/td>\n<td>73%<\/td>\n<td>44%<\/td>\n<td>35%<\/td>\n<td>65%<\/td>\n<td><a href=\"https:\/\/aswf.com\/wp-content\/uploads\/2024\/02\/ERI-M-021-CAR-02-28-24.pdf\" target=\"_blank\" rel=\"noopener\"><img loading=\"lazy\" decoding=\"async\" class=\"alignright wp-image-141 size-full\" src=\"https:\/\/aswf.com\/wp-content\/uploads\/2018\/08\/nfrc-small.jpg\" alt=\"\" width=\"18\" height=\"18\" \/><\/a><\/td>\n<td><a href=\"https:\/\/aswf.com\/wp-content\/uploads\/2019\/01\/specs-nature20.pdf\" target=\"_blank\" rel=\"noopener\">View<\/a><\/td>\n<\/tr>\n<tr>\n<td style=\"text-align:left;\">30*<\/td>\n<td>23%<\/td>\n<td>51%<\/td>\n<td>26%<\/td>\n<td>30%<\/td>\n<td>20%<\/td>\n<td>25%<\/td>\n<td>65%<\/td>\n<td>45%<\/td>\n<td>39%<\/td>\n<td>61%<\/td>\n<td><a href=\"https:\/\/aswf.com\/wp-content\/uploads\/2024\/02\/ERI-M-012-CAR-02-28-24.pdf\" target=\"_blank\" rel=\"noopener\"><img loading=\"lazy\" decoding=\"async\" class=\"alignright wp-image-141 size-full\" src=\"https:\/\/aswf.com\/wp-content\/uploads\/2018\/08\/nfrc-small.jpg\" alt=\"\" width=\"18\" height=\"18\" \/><\/a><\/td>\n<td><a href=\"https:\/\/aswf.com\/wp-content\/uploads\/2019\/01\/specs-nature30.pdf\" target=\"_blank\" rel=\"noopener\">View<\/a><\/td>\n<\/tr>\n<tr>\n<td style=\"text-align:left;\">40<\/td>\n<td>16%<\/td>\n<td>46%<\/td>\n<td>38%<\/td>\n<td>43%<\/td>\n<td>14%<\/td>\n<td>17%<\/td>\n<td>51%<\/td>\n<td>58%<\/td>\n<td>50%<\/td>\n<td>50%<\/td>\n<td><a href=\"https:\/\/aswf.com\/wp-content\/uploads\/2024\/02\/ERI-M-013-CAR-02-28-24.pdf\" target=\"_blank\" rel=\"noopener\"><img loading=\"lazy\" decoding=\"async\" class=\"alignright wp-image-141 size-full\" src=\"https:\/\/aswf.com\/wp-content\/uploads\/2018\/08\/nfrc-small.jpg\" alt=\"\" width=\"18\" height=\"18\" \/><\/a><\/td>\n<td><a href=\"https:\/\/aswf.com\/wp-content\/uploads\/2019\/01\/specs-nature40.pdf\" target=\"_blank\" rel=\"noopener\">View<\/a><\/td>\n<\/tr>\n<tr>\n<td style=\"text-align:left;\">50<\/td>\n<td>13%<\/td>\n<td>43%<\/td>\n<td>44%<\/td>\n<td>49%<\/td>\n<td>12%<\/td>\n<td>14%<\/td>\n<td>46%<\/td>\n<td>67%<\/td>\n<td>60%<\/td>\n<td>40%<\/td>\n<td><\/td>\n<td><a href=\"https:\/\/aswf.com\/wp-content\/uploads\/2019\/01\/specs-nature50.pdf\" target=\"_blank\" rel=\"noopener\">View<\/a><\/td>\n<\/tr>\n<\/tbody>\n<\/table>\n<p>*Also available in exterior\n<\/p><\/div>\n<p><strong><img loading=\"lazy\" decoding=\"async\" class=\"alignleft size-full wp-image-140\" src=\"https:\/\/aswf.com\/wp-content\/uploads\/2018\/08\/nfrc.jpg\" alt=\"\" width=\"120\" height=\"164\" \/>Importante:\u00a0<\/strong>Todos los materiales probados se aplicaron en una superficie de vidrio transparente de \u00bc\u00bb de acuerdo con pruebas y m\u00e9todos est\u00e1ndar de la industria. El prop\u00f3sito previsto de los datos proporcionados es \u00fanicamente comparativo.<\/p>\n<p>Nota: Las pel\u00edculas que muestran el logotipo del National Fenestration Rating Council est\u00e1n certificadas a trav\u00e9s de la NFRC utilizando c\u00e1lculos de prueba est\u00e1ndar de la industria en vidrio transparente de \u00bc y \u215b. Fabricante: Erickson International LLC.<\/p>\n<p><a href=\"http:\/\/aswf.com\/nfrc-certified\">Ver lista completa de pel\u00edculas certificadas por el NFRC de ASWF.<\/a><\/p>\n<p><strong>Nota: Las pel\u00edculas arquitect\u00f3nicas para ventanas de ASWF, series solares de protecci\u00f3n y dise\u00f1o, bloquean eficazmente el 99% de los rayos ultravioleta (UV).<\/strong><\/p>\n","protected":false},"excerpt":{"rendered":"<p>Datos de rendimiento de la pel\u00edcula para ventanas %\u00a0Total Solar Refl %\u00a0Total Solar Absrb. %\u00a0Total Solar Trans. %\u00a0Visible Light Trans. %\u00a0Visible Light Refl.(int) %\u00a0Visible Light Refl.(ext) % Glare Reduct. Shading Coeff. Solar Heat Gain Coeff. % Total Solar Energy Reject. NFRC Cert. Spec Sheet 10 37% 55% 8% 9% 42% 43% 89% 29% 25% 75% [&hellip;]<\/p>\n","protected":false},"featured_media":0,"template":"","meta":{"_acf_changed":false},"product_brand":[],"product_cat":[77],"product_tag":[],"class_list":{"0":"post-8361","1":"product","2":"type-product","3":"status-publish","5":"product_cat-solar-series-spanish","7":"first","8":"instock","9":"shipping-taxable","10":"purchasable","11":"product-type-variable"},"acf":[],"_links":{"self":[{"href":"https:\/\/aswf.com\/es\/wp-json\/wp\/v2\/product\/8361","targetHints":{"allow":["GET"]}}],"collection":[{"href":"https:\/\/aswf.com\/es\/wp-json\/wp\/v2\/product"}],"about":[{"href":"https:\/\/aswf.com\/es\/wp-json\/wp\/v2\/types\/product"}],"wp:attachment":[{"href":"https:\/\/aswf.com\/es\/wp-json\/wp\/v2\/media?parent=8361"}],"wp:term":[{"taxonomy":"product_brand","embeddable":true,"href":"https:\/\/aswf.com\/es\/wp-json\/wp\/v2\/product_brand?post=8361"},{"taxonomy":"product_cat","embeddable":true,"href":"https:\/\/aswf.com\/es\/wp-json\/wp\/v2\/product_cat?post=8361"},{"taxonomy":"product_tag","embeddable":true,"href":"https:\/\/aswf.com\/es\/wp-json\/wp\/v2\/product_tag?post=8361"}],"curies":[{"name":"wp","href":"https:\/\/api.w.org\/{rel}","templated":true}]}}