{"id":8354,"date":"2022-10-15T14:49:20","date_gmt":"2022-10-15T14:49:20","guid":{"rendered":"https:\/\/aswf.com\/product\/twilight\/"},"modified":"2024-10-08T22:45:12","modified_gmt":"2024-10-08T22:45:12","slug":"twilight","status":"publish","type":"product","link":"https:\/\/aswf.com\/es\/producto\/twilight\/","title":{"rendered":"Twilight"},"content":{"rendered":"<p>\u00a1La magia de la tecnolog\u00eda desaf\u00eda las leyes de la f\u00edsica! Una pel\u00edcula para ventanas elegante, oscura, y sin reflejos que ofrece un rendimiento sin igual en su categor\u00eda. Twilight ofrece la pel\u00edcula para ventanas m\u00e1s oscura disponible en la industria, con baja reflectividad y baja absorci\u00f3n. Un avance tecnol\u00f3gico innovador que ofrece la primera de su tipo y la \u00daNICA pel\u00edcula para ventanas oscura, no reflectante y de baja absorci\u00f3n, desarrollada espec\u00edficamente para aplicaciones arquitect\u00f3nicas de pel\u00edculas para ventanas.<\/p>\n<div class=\"product-table\">\n<h2><span style=\"color: #d13239;\">Datos de rendimiento de la pel\u00edcula para ventanas<\/span><\/h2>\n<table>\n<thead>\n<tr>\n<th><\/th>\n<th>%\u00a0Total<br \/>\nSolar<br \/>\nRefl<\/th>\n<th>%\u00a0Total<br \/>\nSolar<br \/>\nAbsrb.<\/th>\n<th>%\u00a0Total<br \/>\nSolar<br \/>\nTrans.<\/th>\n<th>%\u00a0Visible<br \/>\nLight<br \/>\nTrans.<\/th>\n<th>%\u00a0Visible<br \/>\nLight<br \/>\nRefl.(int)<\/th>\n<th>%\u00a0Visible<br \/>\nLight<br \/>\nRefl.(ext)<\/th>\n<th>% Glare<br \/>\nReduct.<\/th>\n<th>Shading<br \/>\nCoeff.<\/th>\n<th>Solar<br \/>\nHeat<br \/>\nGain<br \/>\nCoeff.<\/th>\n<th>% Infrared<br \/>\nReject.<br \/>\n.78-2.5nm<\/th>\n<th>% Total<br \/>\nSolar<br \/>\nEnergy<br \/>\nReject.<\/th>\n<th>NFRC<br \/>\nCert.<\/th>\n<th>Spec<br \/>\nSheet<\/th>\n<\/tr>\n<\/thead>\n<tbody>\n<tr>\n<td>10<\/td>\n<td>37%<\/td>\n<td>48%<\/td>\n<td>16%<\/td>\n<td>10%<\/td>\n<td>6%<\/td>\n<td><strong>10%<\/strong><\/td>\n<td>89%<\/td>\n<td>33%<\/td>\n<td>28%<\/td>\n<td>86%<\/td>\n<td>72%<\/td>\n<td><a href=\"https:\/\/aswf.com\/wp-content\/uploads\/2023\/09\/ERI-M-032-CAR-07-25-23.pdf\" target=\"_blank\" rel=\"noopener\"><img loading=\"lazy\" decoding=\"async\" class=\"alignright wp-image-141 size-full\" src=\"https:\/\/aswf.com\/wp-content\/uploads\/2018\/08\/nfrc-small.jpg\" alt=\"\" width=\"18\" height=\"18\" \/><\/a><\/td>\n<td><a href=\"https:\/\/aswf.com\/wp-content\/uploads\/2024\/10\/twilight-10.pdf\" target=\"_blank\" rel=\"noopener noreferrer\">View<\/a><\/td>\n<\/tr>\n<tr>\n<td>20<\/td>\n<td>31%<\/td>\n<td>44%<\/td>\n<td>25%<\/td>\n<td>20%<\/td>\n<td>8%<\/td>\n<td><strong>9%<\/strong><\/td>\n<td>78%<\/td>\n<td>42%<\/td>\n<td>36%<\/td>\n<td>79%<\/td>\n<td>64%<\/td>\n<td><\/td>\n<td><a href=\"https:\/\/aswf.com\/wp-content\/uploads\/2024\/10\/twilight-20.pdf\" target=\"_blank\" rel=\"noopener noreferrer\">View<\/a><\/td>\n<\/tr>\n<tr>\n<td>35<\/td>\n<td>28%<\/td>\n<td>36%<\/td>\n<td>36%<\/td>\n<td>34%<\/td>\n<td>9%<\/td>\n<td><strong>11%<\/strong><\/td>\n<td>63%<\/td>\n<td>52%<\/td>\n<td>45%<\/td>\n<td>71%<\/td>\n<td>55%<\/td>\n<td><a href=\"https:\/\/aswf.com\/wp-content\/uploads\/2023\/09\/ERI-M-034-CAR-07-25-23.pdf\" target=\"_blank\" rel=\"noopener\"><img loading=\"lazy\" decoding=\"async\" class=\"alignright wp-image-141 size-full\" src=\"https:\/\/aswf.com\/wp-content\/uploads\/2018\/08\/nfrc-small.jpg\" alt=\"\" width=\"18\" height=\"18\" \/><\/a><\/td>\n<td><a href=\"https:\/\/aswf.com\/wp-content\/uploads\/2024\/10\/twilight-35.pdf\" target=\"_blank\" rel=\"noopener noreferrer\">View<\/a><\/td>\n<\/tr>\n<\/tbody>\n<\/table>\n<\/div>\n<p><strong><img loading=\"lazy\" decoding=\"async\" class=\"alignleft size-full wp-image-140\" src=\"https:\/\/aswf.com\/wp-content\/uploads\/2018\/08\/nfrc.jpg\" alt=\"\" width=\"120\" height=\"164\" \/>Importante:\u00a0<\/strong>Todos los materiales probados se aplicaron en una superficie de vidrio transparente de \u00bc\u00bb de acuerdo con pruebas y m\u00e9todos est\u00e1ndar de la industria. El prop\u00f3sito previsto de los datos proporcionados es \u00fanicamente comparativo.<\/p>\n<p>Nota: Las pel\u00edculas que muestran el logotipo del National Fenestration Rating Council est\u00e1n certificadas a trav\u00e9s de la NFRC utilizando c\u00e1lculos de prueba est\u00e1ndar de la industria en vidrio transparente de \u00bc y \u215b. Fabricante: Erickson International LLC.<\/p>\n<p><a href=\"http:\/\/aswf.com\/nfrc-certified\">Ver lista completa de pel\u00edculas certificadas por el NFRC de ASWF.<\/a><\/p>\n<p><strong>Nota: Las pel\u00edculas arquitect\u00f3nicas para ventanas de ASWF, series solares de protecci\u00f3n y dise\u00f1o, bloquean eficazmente el 99% de los rayos ultravioleta (UV).<\/strong><br \/>\n&nbsp;<br \/>\n<span style=\"color: #ce343c;\"><b>\u00a1Respaldado por una garant\u00eda de f\u00e1brica DE POR VIDA!<\/b><\/span><\/p>\n<p>Esta pel\u00edcula solo se ofrece en edici\u00f3n limitada, as\u00ed que consulte con su distribuidor <a href=\"http:\/\/aswf.com\/contact-us\/\">local<\/a> o <a href=\"http:\/\/aswf.com\/contact-us-international\/\">internacional<\/a> de ASWF m\u00e1s cercano.<\/p>\n","protected":false},"excerpt":{"rendered":"<p>\u00a1La magia de la tecnolog\u00eda desaf\u00eda las leyes de la f\u00edsica! Una pel\u00edcula para ventanas elegante, oscura, y sin reflejos que ofrece un rendimiento sin igual en su categor\u00eda. Twilight ofrece la pel\u00edcula para ventanas m\u00e1s oscura disponible en la industria, con baja reflectividad y baja absorci\u00f3n. Un avance tecnol\u00f3gico innovador que ofrece la primera [&hellip;]<\/p>\n","protected":false},"featured_media":0,"template":"","meta":{"_acf_changed":false},"product_brand":[],"product_cat":[75],"product_tag":[],"class_list":{"0":"post-8354","1":"product","2":"type-product","3":"status-publish","5":"product_cat-exclusive-architectural-spanish","7":"first","8":"instock","9":"shipping-taxable","10":"purchasable","11":"product-type-simple"},"acf":[],"_links":{"self":[{"href":"https:\/\/aswf.com\/es\/wp-json\/wp\/v2\/product\/8354","targetHints":{"allow":["GET"]}}],"collection":[{"href":"https:\/\/aswf.com\/es\/wp-json\/wp\/v2\/product"}],"about":[{"href":"https:\/\/aswf.com\/es\/wp-json\/wp\/v2\/types\/product"}],"wp:attachment":[{"href":"https:\/\/aswf.com\/es\/wp-json\/wp\/v2\/media?parent=8354"}],"wp:term":[{"taxonomy":"product_brand","embeddable":true,"href":"https:\/\/aswf.com\/es\/wp-json\/wp\/v2\/product_brand?post=8354"},{"taxonomy":"product_cat","embeddable":true,"href":"https:\/\/aswf.com\/es\/wp-json\/wp\/v2\/product_cat?post=8354"},{"taxonomy":"product_tag","embeddable":true,"href":"https:\/\/aswf.com\/es\/wp-json\/wp\/v2\/product_tag?post=8354"}],"curies":[{"name":"wp","href":"https:\/\/api.w.org\/{rel}","templated":true}]}}