{"id":8340,"date":"2019-06-21T22:00:23","date_gmt":"2019-06-21T22:00:23","guid":{"rendered":"https:\/\/aswf.com\/?post_type=product&#038;p=8340"},"modified":"2024-10-08T21:37:29","modified_gmt":"2024-10-08T21:37:29","slug":"aurora","status":"publish","type":"product","link":"https:\/\/aswf.com\/es\/producto\/aurora\/","title":{"rendered":"Aurora"},"content":{"rendered":"<p>La pel\u00edcula arquitect\u00f3nica m\u00e1s elegante del mercado, la serie AURORA de ASWF seguramente dejar\u00e1 una impresi\u00f3n duradera. Con una tecnolog\u00eda patentada, multicapa y pulverizada, Aurora ofrece un rendimiento sin igual.<\/p>\n<p>AURORA, con su claridad HD inigualable, un rechazo de infrarrojos (IR) sin precedentes del 97% y un porcentaje excepcional del 60% de rechazo total de energ\u00eda solar (TSER), proporciona de manera elegante un ambiente c\u00f3modo y refrescante, incomparable con otras pel\u00edculas<\/p>\n<div class=\"product-table\">\n<h2><span style=\"color: #d13239;\">Datos de rendimiento de la pel\u00edcula para ventanas<\/span><\/h2>\n<table>\n<thead>\n<tr>\n<th><\/th>\n<th>%\u00a0Total<br \/>\nSolar<br \/>\nRefl<\/th>\n<th>%\u00a0Total<br \/>\nSolar<br \/>\nAbsrb.<\/th>\n<th>%\u00a0Total<br \/>\nSolar<br \/>\nTrans.<\/th>\n<th>%\u00a0Visible<br \/>\nLight<br \/>\nTrans.<\/th>\n<th>%\u00a0Visible<br \/>\nLight<br \/>\nRefl.(int)<\/th>\n<th>%\u00a0Visible<br \/>\nLight<br \/>\nRefl.(ext)<\/th>\n<th>% Glare<br \/>\nReduct.<\/th>\n<th>Shading<br \/>\nCoeff.<\/th>\n<th>Solar<br \/>\nHeat<br \/>\nGain<br \/>\nCoeff.<\/th>\n<th>% Infrared<br \/>\nReject.<br \/>\n.78-2.5nm<\/th>\n<th>% Total<br \/>\nSolar<br \/>\nEnergy<br \/>\nReject.<\/th>\n<th>Spec<br \/>\nSheet<\/th>\n<\/tr>\n<\/thead>\n<tbody>\n<tr>\n<td>40<\/td>\n<td>30%<\/td>\n<td>43%<\/td>\n<td>21%<\/td>\n<td>47%<\/td>\n<td>8%<\/td>\n<td>14%<\/td>\n<td>47%<\/td>\n<td>44%<\/td>\n<td>38%<\/td>\n<td>94%<\/td>\n<td>62%<\/td>\n<td><a href=\"https:\/\/aswf.com\/wp-content\/uploads\/2024\/10\/aurora-40.pdf\" target=\"_blank\" rel=\"noopener noreferrer\">View<\/a><\/td>\n<\/tr>\n<tr>\n<td>70<\/td>\n<td>20%<\/td>\n<td>42%<\/td>\n<td>38%<\/td>\n<td>70%<\/td>\n<td>10%<\/td>\n<td>8%<\/td>\n<td>25%<\/td>\n<td>59%<\/td>\n<td>51%<\/td>\n<td>91%<\/td>\n<td>50%<\/td>\n<td><a href=\"https:\/\/aswf.com\/wp-content\/uploads\/2024\/10\/aurora-70.pdf\" target=\"_blank\" rel=\"noopener noreferrer\">View<\/a><\/td>\n<\/tr>\n<\/tbody>\n<\/table>\n<\/div>\n<p>&nbsp;<\/p>\n<p><span style=\"color: #ce343c;\"><b>Respaldado por una garant\u00eda de por vida para residencias.<br \/>Respaldado por una garant\u00eda de 15 a\u00f1os para comercios.<\/b><\/span><\/p>\n<p>Esta pel\u00edcula solo se ofrece en edici\u00f3n limitada, as\u00ed que consulte con su distribuidor <a href=\"http:\/\/aswf.com\/contact-us\/\">local<\/a> o <a href=\"http:\/\/aswf.com\/contact-us-international\/\">internacional<\/a> de ASWF m\u00e1s cercano.<\/p>\n<p><strong>Nota: Las pel\u00edculas arquitect\u00f3nicas de ASWF para ventanas, solares, de protecci\u00f3n y dise\u00f1o bloquean eficazmente el 99% de los rayos ultravioleta (UV).<\/strong>\n<\/div>\n","protected":false},"excerpt":{"rendered":"<p>La pel\u00edcula arquitect\u00f3nica m\u00e1s elegante del mercado, la serie AURORA de ASWF seguramente dejar\u00e1 una impresi\u00f3n duradera. Con una tecnolog\u00eda patentada, multicapa y pulverizada, Aurora ofrece un rendimiento sin igual. AURORA, con su claridad HD inigualable, un rechazo de infrarrojos (IR) sin precedentes del 97% y un porcentaje excepcional del 60% de rechazo total de [&hellip;]<\/p>\n","protected":false},"featured_media":0,"template":"","meta":{"_acf_changed":false},"product_brand":[],"product_cat":[75],"product_tag":[],"class_list":{"0":"post-8340","1":"product","2":"type-product","3":"status-publish","5":"product_cat-exclusive-architectural-spanish","7":"first","8":"instock","9":"shipping-taxable","10":"purchasable","11":"product-type-simple"},"acf":[],"_links":{"self":[{"href":"https:\/\/aswf.com\/es\/wp-json\/wp\/v2\/product\/8340","targetHints":{"allow":["GET"]}}],"collection":[{"href":"https:\/\/aswf.com\/es\/wp-json\/wp\/v2\/product"}],"about":[{"href":"https:\/\/aswf.com\/es\/wp-json\/wp\/v2\/types\/product"}],"wp:attachment":[{"href":"https:\/\/aswf.com\/es\/wp-json\/wp\/v2\/media?parent=8340"}],"wp:term":[{"taxonomy":"product_brand","embeddable":true,"href":"https:\/\/aswf.com\/es\/wp-json\/wp\/v2\/product_brand?post=8340"},{"taxonomy":"product_cat","embeddable":true,"href":"https:\/\/aswf.com\/es\/wp-json\/wp\/v2\/product_cat?post=8340"},{"taxonomy":"product_tag","embeddable":true,"href":"https:\/\/aswf.com\/es\/wp-json\/wp\/v2\/product_tag?post=8340"}],"curies":[{"name":"wp","href":"https:\/\/api.w.org\/{rel}","templated":true}]}}