{"id":8593,"date":"2023-01-16T20:41:26","date_gmt":"2023-01-16T20:41:26","guid":{"rendered":"https:\/\/aswf.com\/frequently-asked-questions\/"},"modified":"2023-11-14T01:12:22","modified_gmt":"2023-11-14T01:12:22","slug":"terminologia-comun-de-instalacion","status":"publish","type":"page","link":"https:\/\/aswf.com\/es\/terminologia-comun-de-instalacion\/","title":{"rendered":"Terminolog\u00eda com\u00fan de instalaci\u00f3n"},"content":{"rendered":"<div id=\"pl-8593\"  class=\"panel-layout\" ><div id=\"pg-8593-0\"  class=\"panel-grid panel-no-style\" ><div id=\"pgc-8593-0-0\"  class=\"panel-grid-cell\" ><div id=\"panel-8593-0-0-0\" class=\"so-panel widget widget_sow-editor panel-first-child panel-last-child\" data-index=\"0\" ><div\n\t\t\t\n\t\t\tclass=\"so-widget-sow-editor so-widget-sow-editor-base\"\n\t\t\t\n\t\t>\n<div class=\"siteorigin-widget-tinymce textwidget\">\n\t<h1>Terminolog\u00eda com\u00fan de instalaci\u00f3n<\/h1>\n<\/div>\n<\/div><\/div><\/div><\/div><div id=\"pg-8593-1\"  class=\"panel-grid panel-no-style\" ><div id=\"pgc-8593-1-0\"  class=\"panel-grid-cell\" ><div id=\"panel-8593-1-0-0\" class=\"so-panel widget widget_sow-editor panel-first-child panel-last-child\" data-index=\"1\" ><div\n\t\t\t\n\t\t\tclass=\"so-widget-sow-editor so-widget-sow-editor-base\"\n\t\t\t\n\t\t>\n<div class=\"siteorigin-widget-tinymce textwidget\">\n\t<p><em><strong>Colocaci\u00f3n a mano:<\/strong> <\/em>utilizar el calor de la mano para fijar la adherencia inicial durante la instalaci\u00f3n.<\/p>\n<p><strong><em>Deslizamiento:<\/em><\/strong> cuando la pel\u00edcula se desprende despu\u00e9s de la adherencia inicial durante la instalaci\u00f3n.<\/p>\n<p><em><strong>Despegue:<\/strong> <\/em>cuando la pel\u00edcula se levanta de la superficie despu\u00e9s de la instalaci\u00f3n.<\/p>\n<p><strong><em>Efecto fantasma:<\/em> <\/strong>cuando se ve una mancha similar a un fantasma despu\u00e9s de la instalaci\u00f3n.<\/p>\n<p><strong><em>Fractura:<\/em><\/strong> esto ocurre cuando la pel\u00edcula se estira demasiado, lo que provoca que el recubrimiento superior se fracture.<\/p>\n<p><strong><em>Modelado:<\/em><\/strong> la pel\u00edcula se vuelve turbia, generalmente causada por el roce de la pel\u00edcula consigo misma.<\/p>\n<p><em><strong>Plateado:<\/strong> <\/em>una decoloraci\u00f3n de la pel\u00edcula cuando se da\u00f1a el recubrimiento superior.<\/p>\n<\/div>\n<\/div><\/div><\/div><div id=\"pgc-8593-1-1\"  class=\"panel-grid-cell\" ><div id=\"panel-8593-1-1-0\" class=\"so-panel widget widget_sow-editor panel-first-child panel-last-child\" data-index=\"2\" ><div\n\t\t\t\n\t\t\tclass=\"so-widget-sow-editor so-widget-sow-editor-base\"\n\t\t\t\n\t\t>\n<div class=\"siteorigin-widget-tinymce textwidget\">\n\t<p><em><strong>Piel de pollo:<\/strong><\/em> un aspecto rugoso similar a la piel de naranja en el adhesivo una vez que la instalaci\u00f3n est\u00e1 completa, generalmente causado por t\u00e9cnicas de instalaci\u00f3n agresivas.<\/p>\n<p><em><strong>Senderos de caracol:<\/strong><\/em> burbujas de agua o aire atrapadas que pueden dejar una marca debajo de la pel\u00edcula durante la instalaci\u00f3n.<\/p>\n<p><em><strong>Fruncimiento:<\/strong><\/em> los dedos o arrugas se levantan debido a una instalaci\u00f3n incorrecta o a una tensi\u00f3n excesiva acumulada en una \u00e1rea en particular. Esto suele ocurrir el primer d\u00eda despu\u00e9s de la instalaci\u00f3n y se puede solucionar.<\/p>\n<p><em><strong>L\u00edneas de reposicionamiento:<\/strong> <\/em>una l\u00ednea adhesiva que se forma cuando la pel\u00edcula se instala, luego se levanta y vuelve a instalarse o reposicionarse.<\/p>\n<\/div>\n<\/div><\/div><\/div><\/div><div id=\"pg-8593-2\"  class=\"panel-grid panel-no-style\" ><div id=\"pgc-8593-2-0\"  class=\"panel-grid-cell\" ><div id=\"panel-8593-2-0-0\" class=\"so-panel widget widget_sow-editor panel-first-child panel-last-child\" data-index=\"3\" ><div\n\t\t\t\n\t\t\tclass=\"so-widget-sow-editor so-widget-sow-editor-base\"\n\t\t\t\n\t\t>\n<div class=\"siteorigin-widget-tinymce textwidget\">\n\t<h1>Preguntas frecuentes<\/h1>\n<\/div>\n<\/div><\/div><\/div><\/div><div id=\"pg-8593-3\"  class=\"panel-grid panel-no-style\" ><div id=\"pgc-8593-3-0\"  class=\"panel-grid-cell\" ><div id=\"panel-8593-3-0-0\" class=\"so-panel widget widget_sow-editor panel-first-child panel-last-child\" data-index=\"4\" ><div\n\t\t\t\n\t\t\tclass=\"so-widget-sow-editor so-widget-sow-editor-base\"\n\t\t\t\n\t\t>\n<div class=\"siteorigin-widget-tinymce textwidget\">\n\t<p><strong>\u00bfViene la pel\u00edcula con una l\u00e1mina protectora?<\/strong><\/p>\n<p>No. Sin embargo, se fabrica con una l\u00e1mina protectora. Esto protege la pel\u00edcula durante el proceso de fabricaci\u00f3n y en varios puntos de manipulaci\u00f3n. La l\u00e1mina protectora se retira antes de que el producto terminado sea enviado.<\/p>\n<p>&nbsp;<\/p>\n<p><strong>\u00bfCu\u00e1l es la garant\u00eda?<\/strong><\/p>\n<p>Garant\u00eda limitada de 10 a\u00f1os si es instalada por un instalador certificado de ASWF.<\/p>\n<p>&nbsp;<\/p>\n<p><strong>\u00bfQu\u00e9 cubre la garant\u00eda?<\/strong><\/p>\n<p>Amarilleo o decoloraci\u00f3n del producto, as\u00ed como agrietamiento y burbujas. Pueden aplicarse ciertas restricciones y la garant\u00eda solo es aplicable y v\u00e1lida si el producto fue instalado por un instalador certificado de ASWF para Pel\u00edcula Protectora de Pintura (tambi\u00e9n conocido como PPF).<\/p>\n<p>&nbsp;<\/p>\n<p><strong>\u00bfSe puede aplicar un recubrimiento cer\u00e1mico a la PPF?<\/strong><\/p>\n<p>S\u00ed, sin embargo, cabe se\u00f1alar que dependiendo del producto de recubrimiento cer\u00e1mico, podr\u00edan surgir ciertas complicaciones, como el despegue o la decoloraci\u00f3n de la PPF. Tambi\u00e9n se debe tener en cuenta que la aplicaci\u00f3n de un recubrimiento cer\u00e1mico a la PPF anular\u00e1 las propiedades hidrof\u00f3bicas y de autorreparaci\u00f3n del recubrimiento superior de la PPF, lo que anular\u00e1 la garant\u00eda. Se prefieren los recubrimientos cer\u00e1micos en aerosol r\u00e1pido.<\/p>\n<p>&nbsp;<\/p>\n<p><strong>\u00bfC\u00f3mo limpio y mantengo la pel\u00edcula?<\/strong><\/p>\n<p>Despu\u00e9s de esperar a que la pel\u00edcula se cure por completo despu\u00e9s de la instalaci\u00f3n, limpie y mantenga la pel\u00edcula de la misma manera que lo har\u00eda con su autom\u00f3vil. Mantener el autom\u00f3vil y la pel\u00edcula limpios puede aumentar la vida \u00fatil de la pel\u00edcula. Si se encera, utilice una cera transparente.<\/p>\n<p>&nbsp;<\/p>\n<p><strong>\u00bfPuedo usar una hidrolavadora a presi\u00f3n en la pel\u00edcula?<\/strong><\/p>\n<p>Puede hacerlo si ha esperado al menos 30 d\u00edas desde la fecha de instalaci\u00f3n por un instalador certificado de PPF de ASWF. Si utiliza una hidrolavadora a presi\u00f3n, aseg\u00farese de mantener la boquilla de pulverizaci\u00f3n al menos a 3 pies de distancia de la pel\u00edcula y los bordes de la misma.<\/p>\n<p>&nbsp;<\/p>\n<p><strong>\u00bfC\u00f3mo puedo eliminar la l\u00ednea de suciedad del borde?<\/strong><\/p>\n<p>Mantener adecuadamente su autom\u00f3vil ayudar\u00e1 a prevenir esto, sin embargo, usar un cepillo de dientes de cerdas suaves y agua tibia con jab\u00f3n ayudar\u00e1 a eliminar la l\u00ednea de suciedad. Se debe tener en cuenta que una limpieza incorrecta puede provocar el desprendimiento del borde o da\u00f1os permanentes en la pel\u00edcula.<\/p>\n<p>&nbsp;<\/p>\n<p><strong>\u00bfC\u00f3mo puedo quitar la pel\u00edcula?<\/strong><\/p>\n<p>Comience encontrando un borde y tire en un \u00e1ngulo de 45 grados. Use ambas manos para deslizar la pel\u00edcula de un lado a otro, aprovechando el impulso para ayudar a quitar la pel\u00edcula. Si la pel\u00edcula es antigua, tenga cuidado, ya que dependiendo de la condici\u00f3n de la pintura debajo, quitar la pel\u00edcula podr\u00eda da\u00f1ar la pintura o la capa transparente.<\/p>\n<p>El alcohol se puede usar para ayudar a eliminar los residuos de adhesivo. Quitar la pel\u00edcula siempre es mejor en d\u00edas c\u00e1lidos o calurosos.<\/p>\n<p>&nbsp;<\/p>\n<p><strong>\u00bfSe puede instalar la pel\u00edcula en superficies repintadas?<\/strong><\/p>\n<p>S\u00ed, sin embargo, en estos casos no habr\u00e1 garant\u00eda del fabricante. Adem\u00e1s, la instalaci\u00f3n de PPF en una superficie repintada debe realizarse como m\u00ednimo 60 d\u00edas despu\u00e9s de la pintura, o hasta que la pintura haya liberado completamente los gases y haya curado.<\/p>\n<p>&nbsp;<\/p>\n<p><strong>\u00bfLa pintura se desvanecer\u00e1 de manera diferente en mi autom\u00f3vil donde hay y no hay PPF?<\/strong><\/p>\n<p>Muchos factores influyen en esto, como la exposici\u00f3n al sol, el mantenimiento del autom\u00f3vil y la pel\u00edcula, as\u00ed como el estado de la pintura cuando se instal\u00f3 originalmente la pel\u00edcula. Dicho esto, las \u00e1reas protegidas por la PPF se desvanecer\u00e1n a un ritmo m\u00e1s lento debido a las propiedades protectoras de la PPF.<\/p>\n<p>&nbsp;<\/p>\n<p><strong>\u00bfCu\u00e1l es su recomendaci\u00f3n de soluci\u00f3n de mezcla?<\/strong><\/p>\n<p>Recomendamos usar el shampoo Johnson Baby. La soluci\u00f3n de deslizamiento es una cuesti\u00f3n de preferencia, lo que genera diferentes opiniones entre los instaladores. Una regla general para comenzar es de 2 a 5 gotas por botella de 32 oz. El clima y la humedad jugar\u00e1n un papel en determinar la soluci\u00f3n de deslizamiento m\u00e1s efectiva.<\/p>\n<p>&nbsp;<\/p>\n<p><strong>\u00bfPodemos usar alcohol durante el proceso de instalaci\u00f3n?<\/strong><\/p>\n<p>No se recomienda el uso de alcohol, ya que puede anular cualquier garant\u00eda.<\/p>\n<p>&nbsp;<\/p>\n<p><strong>\u00bfPuedo usar una pistola de calor durante el proceso de instalaci\u00f3n?<\/strong><\/p>\n<p>S\u00ed, sin embargo, se debe tener precauci\u00f3n. El uretano puede quemarse o derretirse f\u00e1cilmente con el uso de calor intenso.<\/p>\n<p>&nbsp;<\/p>\n<p><strong>\u00bfPuedo usar mi plotter para cortar patrones?<\/strong><\/p>\n<p>Absolutamente. Es probable que se requieran diferentes ajustes en comparaci\u00f3n con el corte de pel\u00edculas.<\/p>\n<\/div>\n<\/div><\/div><\/div><\/div><\/div>","protected":false},"excerpt":{"rendered":"<p>Terminolog\u00eda com\u00fan de instalaci\u00f3n Colocaci\u00f3n a mano: utilizar el calor de la mano para fijar la adherencia inicial durante la instalaci\u00f3n. Deslizamiento: cuando la pel\u00edcula se desprende despu\u00e9s de la adherencia inicial durante la instalaci\u00f3n. Despegue: cuando la pel\u00edcula se levanta de la superficie despu\u00e9s de la instalaci\u00f3n. Efecto fantasma: cuando se ve una mancha [&hellip;]<\/p>\n","protected":false},"author":2,"featured_media":7933,"parent":0,"menu_order":0,"comment_status":"closed","ping_status":"closed","template":"page-with-sidebar.php","meta":{"_acf_changed":false,"footnotes":""},"class_list":["post-8593","page","type-page","status-publish","has-post-thumbnail","hentry"],"acf":[],"_links":{"self":[{"href":"https:\/\/aswf.com\/es\/wp-json\/wp\/v2\/pages\/8593","targetHints":{"allow":["GET"]}}],"collection":[{"href":"https:\/\/aswf.com\/es\/wp-json\/wp\/v2\/pages"}],"about":[{"href":"https:\/\/aswf.com\/es\/wp-json\/wp\/v2\/types\/page"}],"author":[{"embeddable":true,"href":"https:\/\/aswf.com\/es\/wp-json\/wp\/v2\/users\/2"}],"replies":[{"embeddable":true,"href":"https:\/\/aswf.com\/es\/wp-json\/wp\/v2\/comments?post=8593"}],"version-history":[{"count":6,"href":"https:\/\/aswf.com\/es\/wp-json\/wp\/v2\/pages\/8593\/revisions"}],"predecessor-version":[{"id":8639,"href":"https:\/\/aswf.com\/es\/wp-json\/wp\/v2\/pages\/8593\/revisions\/8639"}],"wp:featuredmedia":[{"embeddable":true,"href":"https:\/\/aswf.com\/es\/wp-json\/wp\/v2\/media\/7933"}],"wp:attachment":[{"href":"https:\/\/aswf.com\/es\/wp-json\/wp\/v2\/media?parent=8593"}],"curies":[{"name":"wp","href":"https:\/\/api.w.org\/{rel}","templated":true}]}}