{"id":8349,"date":"2018-09-13T20:12:45","date_gmt":"2018-09-13T20:12:45","guid":{"rendered":"https:\/\/aswf.com\/downloads\/"},"modified":"2025-10-29T16:51:23","modified_gmt":"2025-10-29T16:51:23","slug":"descargas","status":"publish","type":"page","link":"https:\/\/aswf.com\/es\/descargas\/","title":{"rendered":"Descargas"},"content":{"rendered":"<div id=\"pl-8349\"  class=\"panel-layout\" ><div id=\"pg-8349-0\"  class=\"panel-grid panel-no-style\" ><div id=\"pgc-8349-0-0\"  class=\"panel-grid-cell\" ><div id=\"panel-8349-0-0-0\" class=\"so-panel widget widget_sow-editor panel-first-child\" data-index=\"0\" ><div\n\t\t\t\n\t\t\tclass=\"so-widget-sow-editor so-widget-sow-editor-base\"\n\t\t\t\n\t\t>\n<div class=\"siteorigin-widget-tinymce textwidget\">\n\t<h1 id=\"TextTitle\">General<\/h1>\n<div class=\"product-table\">\n<table>\n<tbody>\n<tr>\n<td style=\"text-align: left;\">Solicitud de aceptaci\u00f3n de cheques<\/td>\n<td><a href=\"http:\/\/aswf.com\/wp-content\/uploads\/2018\/09\/check_acceptance.pdf\" target=\"_blank\" rel=\"noopener\">Descargar<\/a><\/td>\n<\/tr>\n<tr>\n<td style=\"text-align: left;\">Formulario de configuraci\u00f3n e informaci\u00f3n de nueva cuenta<\/td>\n<td><a href=\"http:\/\/aswf.com\/wp-content\/uploads\/2018\/09\/new_account.pdf\" target=\"_blank\" rel=\"noopener\">Descargar<\/a><\/td>\n<\/tr>\n<tr>\n<td style=\"text-align: left;\">Formulario de pedido de productos<\/td>\n<td><a href=\"http:\/\/aswf.com\/wp-content\/uploads\/2018\/09\/product_order_form.pdf\" target=\"_blank\" rel=\"noopener\"> Descargar <\/a><\/td>\n<\/tr>\n<tr>\n<td style=\"text-align: left;\">Tabla de garant\u00edas<\/td>\n<td><a href=\"http:\/\/aswf.com\/wp-content\/uploads\/2018\/09\/warranty_chart.pdf\" target=\"_blank\" rel=\"noopener\">Descargar<\/a><\/td>\n<\/tr>\n<\/tbody>\n<\/table>\n<\/div>\n<\/div>\n<\/div><\/div><div id=\"panel-8349-0-0-1\" class=\"so-panel widget widget_sow-editor panel-last-child\" data-index=\"1\" ><div\n\t\t\t\n\t\t\tclass=\"so-widget-sow-editor so-widget-sow-editor-base\"\n\t\t\t\n\t\t>\n<div class=\"siteorigin-widget-tinymce textwidget\">\n\t<h1 id=\"TextTitle\">Arquitectura<\/h1>\n<div class=\"product-table\">\n<table>\n<tbody>\n<tr>\n<td style=\"text-align: left;\">Hoja de especificaciones<\/td>\n<td><a href=\"https:\/\/aswf.com\/wp-content\/uploads\/2025\/04\/specs-architectural-04-25.pdf\" target=\"_blank\" rel=\"noopener\">Descargar<\/a><\/td>\n<\/tr>\n<tr>\n<td style=\"text-align: left;\">Folleto de venta de protecci\u00f3n contra graffiti<\/td>\n<td><a href=\"http:\/\/aswf.com\/wp-content\/uploads\/2018\/09\/graffiti.pdf\" target=\"_blank\" rel=\"noopener\">Descargar<\/a><\/td>\n<\/tr>\n<tr>\n<td style=\"text-align: left;\">Garant\u00eda<\/td>\n<td><a href=\"https:\/\/aswf.com\/wp-content\/uploads\/2025\/10\/warranty-architectural-10-25.pdf\" target=\"_blank\" rel=\"noopener\">Descargar<\/a><\/td>\n<\/tr>\n<\/tbody>\n<\/table>\n<\/div>\n<\/div>\n<\/div><\/div><\/div><div id=\"pgc-8349-0-1\"  class=\"panel-grid-cell\" ><div id=\"panel-8349-0-1-0\" class=\"so-panel widget widget_sow-editor panel-first-child\" data-index=\"2\" ><div\n\t\t\t\n\t\t\tclass=\"so-widget-sow-editor so-widget-sow-editor-base\"\n\t\t\t\n\t\t>\n<div class=\"siteorigin-widget-tinymce textwidget\">\n\t<h1 id=\"TextTitle\">Automoci\u00f3n<\/h1>\n<div class=\"product-table\">\n<table>\n<tbody>\n<tr>\n<td style=\"text-align: left;\">Hoja de especificaciones<\/td>\n<td><a href=\"https:\/\/aswf.com\/wp-content\/uploads\/2023\/06\/specs-automotive.pdf\" target=\"_blank\" rel=\"noopener\">Descargar<\/a><\/td>\n<\/tr>\n<tr>\n<td style=\"text-align: left;\">Garant\u00eda<\/td>\n<td><a href=\"https:\/\/aswf.com\/wp-content\/uploads\/2025\/07\/Warranty-automotive_07-25.pdf\" target=\"_blank\" rel=\"noopener\">Descargar<\/a><\/td>\n<\/tr>\n<\/tbody>\n<\/table>\n<\/div>\n<\/div>\n<\/div><\/div><div id=\"panel-8349-0-1-1\" class=\"so-panel widget widget_sow-editor panel-last-child\" data-index=\"3\" ><div\n\t\t\t\n\t\t\tclass=\"so-widget-sow-editor so-widget-sow-editor-base\"\n\t\t\t\n\t\t>\n<div class=\"siteorigin-widget-tinymce textwidget\">\n\t<h1 id=\"TextTitle\">Guardian<\/h1>\n<div class=\"product-table\">\n<table>\n<tbody>\n<tr>\n<td style=\"text-align: left;\">Garant\u00eda de pel\u00edcula de protecci\u00f3n de pintura<\/td>\n<td><a href=\"https:\/\/aswf.com\/wp-content\/uploads\/2023\/01\/warranty-guardian.pdf\" target=\"_blank\" rel=\"noopener\">Descargar<\/a><\/td>\n<\/tr>\n<\/tbody>\n<\/table>\n<\/div>\n<\/div>\n<\/div><\/div><\/div><\/div><\/div>","protected":false},"excerpt":{"rendered":"<p>General Solicitud de aceptaci\u00f3n de cheques Descargar Formulario de configuraci\u00f3n e informaci\u00f3n de nueva cuenta Descargar Formulario de pedido de productos Descargar Tabla de garant\u00edas Descargar Arquitectura Hoja de especificaciones Descargar Folleto de venta de protecci\u00f3n contra graffiti Descargar Garant\u00eda Descargar Automoci\u00f3n Hoja de especificaciones Descargar Garant\u00eda Descargar Guardian Garant\u00eda de pel\u00edcula de protecci\u00f3n de [&hellip;]<\/p>\n","protected":false},"author":2,"featured_media":7663,"parent":0,"menu_order":0,"comment_status":"closed","ping_status":"closed","template":"page-with-sidebar.php","meta":{"_acf_changed":false,"footnotes":""},"class_list":["post-8349","page","type-page","status-publish","has-post-thumbnail","hentry"],"acf":[],"_links":{"self":[{"href":"https:\/\/aswf.com\/es\/wp-json\/wp\/v2\/pages\/8349","targetHints":{"allow":["GET"]}}],"collection":[{"href":"https:\/\/aswf.com\/es\/wp-json\/wp\/v2\/pages"}],"about":[{"href":"https:\/\/aswf.com\/es\/wp-json\/wp\/v2\/types\/page"}],"author":[{"embeddable":true,"href":"https:\/\/aswf.com\/es\/wp-json\/wp\/v2\/users\/2"}],"replies":[{"embeddable":true,"href":"https:\/\/aswf.com\/es\/wp-json\/wp\/v2\/comments?post=8349"}],"version-history":[{"count":13,"href":"https:\/\/aswf.com\/es\/wp-json\/wp\/v2\/pages\/8349\/revisions"}],"predecessor-version":[{"id":9062,"href":"https:\/\/aswf.com\/es\/wp-json\/wp\/v2\/pages\/8349\/revisions\/9062"}],"wp:featuredmedia":[{"embeddable":true,"href":"https:\/\/aswf.com\/es\/wp-json\/wp\/v2\/media\/7663"}],"wp:attachment":[{"href":"https:\/\/aswf.com\/es\/wp-json\/wp\/v2\/media?parent=8349"}],"curies":[{"name":"wp","href":"https:\/\/api.w.org\/{rel}","templated":true}]}}