{"id":8337,"date":"2018-07-25T03:01:26","date_gmt":"2018-07-25T03:01:26","guid":{"rendered":"https:\/\/aswf.com\/about-aswf\/"},"modified":"2023-11-14T00:40:16","modified_gmt":"2023-11-14T00:40:16","slug":"sobre-aswf","status":"publish","type":"page","link":"https:\/\/aswf.com\/es\/sobre-aswf\/","title":{"rendered":"Sobre ASWF"},"content":{"rendered":"<h2><span style=\"color: #d13239;\">Liderando la industria en productos de calidad y fabricaci\u00f3n ecol\u00f3gica<\/span><\/h2>\n<p>Erickson International es el fabricante m\u00e1s eficiente, en t\u00e9rminos de energ\u00eda, que opera en la actualidad. Nuestras instalaciones en Las Vegas tardaron varios a\u00f1os en ser construidas, despu\u00e9s de una extensa investigaci\u00f3n y desarrollo. Fueron construidas desde cero, con m\u00e1quinas personalizadas, tecnolog\u00eda de \u00faltima generaci\u00f3n y procesos exclusivos que aumentan la eficiencia de producci\u00f3n, precisi\u00f3n y calidad del producto. Con una extensi\u00f3n de m\u00e1s de un acre, nuestras instalaciones lideran la industria en pensamiento ecol\u00f3gico, con una generaci\u00f3n de residuos casi nula para respetar y proteger el medio ambiente.<\/p>\n<p>Nuestro proceso de revestimiento exclusivo es el m\u00e1s avanzado de la industria. Entre las ventajas se incluye: una manipulaci\u00f3n reducida, lo que minimiza la posibilidad de errores, y una mayor limpieza, que ayuda a garantizar la m\u00e1xima calidad posible del producto. El proceso tambi\u00e9n logra niveles incomparables de eficiencia, lo que se traduce en una entrega m\u00e1s r\u00e1pida y una mayor rentabilidad.<\/p>\n<h2>Soporte de garant\u00eda premium<\/h2>\n<p><img loading=\"lazy\" decoding=\"async\" class=\"size-full wp-image-43 alignright\" src=\"https:\/\/aswf.com\/wp-content\/uploads\/2018\/07\/aswf-box.jpg\" alt=\"\" width=\"370\" height=\"314\" srcset=\"https:\/\/aswf.com\/wp-content\/uploads\/2018\/07\/aswf-box.jpg 370w, https:\/\/aswf.com\/wp-content\/uploads\/2018\/07\/aswf-box-300x255.jpg 300w\" sizes=\"auto, (max-width: 370px) 100vw, 370px\" \/>Para garantizar los m\u00e1s altos est\u00e1ndares de calidad, sometemos todos nuestros productos a rigurosas pruebas independientes en laboratorios. Adem\u00e1s de las pruebas de aceleraci\u00f3n, nuestros productos deben resistir con \u00e9xito el calor extremo, el fr\u00edo, el uso excesivo y otras condiciones adversas que van m\u00e1s all\u00e1 de las demandas t\u00edpicas comerciales y residenciales. Debido a que nuestros productos superan los est\u00e1ndares de la industria, ASWF tiene la confianza para ofrecer cobertura respaldada por f\u00e1brica con una de las mejores protecciones de garant\u00eda disponibles. Por favor, consulte a su instalador profesional para obtener estas garant\u00edas y cobertura de garant\u00eda extendida.<\/p>\n","protected":false},"excerpt":{"rendered":"<p>Liderando la industria en productos de calidad y fabricaci\u00f3n ecol\u00f3gica Erickson International es el fabricante m\u00e1s eficiente, en t\u00e9rminos de energ\u00eda, que opera en la actualidad. Nuestras instalaciones en Las Vegas tardaron varios a\u00f1os en ser construidas, despu\u00e9s de una extensa investigaci\u00f3n y desarrollo. Fueron construidas desde cero, con m\u00e1quinas personalizadas, tecnolog\u00eda de \u00faltima generaci\u00f3n [&hellip;]<\/p>\n","protected":false},"author":1,"featured_media":7505,"parent":0,"menu_order":0,"comment_status":"closed","ping_status":"closed","template":"","meta":{"_acf_changed":false,"footnotes":""},"class_list":["post-8337","page","type-page","status-publish","has-post-thumbnail","hentry"],"acf":[],"_links":{"self":[{"href":"https:\/\/aswf.com\/es\/wp-json\/wp\/v2\/pages\/8337","targetHints":{"allow":["GET"]}}],"collection":[{"href":"https:\/\/aswf.com\/es\/wp-json\/wp\/v2\/pages"}],"about":[{"href":"https:\/\/aswf.com\/es\/wp-json\/wp\/v2\/types\/page"}],"author":[{"embeddable":true,"href":"https:\/\/aswf.com\/es\/wp-json\/wp\/v2\/users\/1"}],"replies":[{"embeddable":true,"href":"https:\/\/aswf.com\/es\/wp-json\/wp\/v2\/comments?post=8337"}],"version-history":[{"count":3,"href":"https:\/\/aswf.com\/es\/wp-json\/wp\/v2\/pages\/8337\/revisions"}],"predecessor-version":[{"id":8635,"href":"https:\/\/aswf.com\/es\/wp-json\/wp\/v2\/pages\/8337\/revisions\/8635"}],"wp:featuredmedia":[{"embeddable":true,"href":"https:\/\/aswf.com\/es\/wp-json\/wp\/v2\/media\/7505"}],"wp:attachment":[{"href":"https:\/\/aswf.com\/es\/wp-json\/wp\/v2\/media?parent=8337"}],"curies":[{"name":"wp","href":"https:\/\/api.w.org\/{rel}","templated":true}]}}