{"id":8312,"date":"2018-07-24T22:37:43","date_gmt":"2018-07-24T22:37:43","guid":{"rendered":"https:\/\/aswf.com\/home\/"},"modified":"2023-09-29T17:33:27","modified_gmt":"2023-09-29T17:33:27","slug":"home","status":"publish","type":"page","link":"https:\/\/aswf.com\/es\/","title":{"rendered":"Home"},"content":{"rendered":"<div id=\"pl-8312\"  class=\"panel-layout\" ><div id=\"pg-8312-0\"  class=\"panel-grid panel-no-style\" ><div id=\"pgc-8312-0-0\"  class=\"panel-grid-cell\" ><div id=\"panel-8312-0-0-0\" class=\"so-panel widget widget_sow-editor panel-first-child panel-last-child\" data-index=\"0\" ><div\n\t\t\t\n\t\t\tclass=\"so-widget-sow-editor so-widget-sow-editor-base\"\n\t\t\t\n\t\t>\n<div class=\"siteorigin-widget-tinymce textwidget\">\n\t<h1>Bienvenido a ASWF<\/h1>\n<p><strong>American Standard Window Film<\/strong> ofrece una l\u00ednea completa de pel\u00edculas para ventanas para el mercado automotriz, residencial y comercial en nuestra nueva f\u00e1brica ubicada en Las Vegas, Nevada. Con nuestro equipo directivo que cuenta con una vasta experiencia en la fabricaci\u00f3n de pel\u00edculas para ventanas, la nueva maquinaria ha sido personalizada para aumentar la eficiencia de la producci\u00f3n, reducir los tiempos de entrega y lograr una mayor limpieza, lo que se traduce en una calidad de producto superior ofrecida a un precio competitivo. Una de las innovaciones \u00fanicas que aumentan la eficiencia de la producci\u00f3n es nuestro sistema de recubrimiento en l\u00ednea de tres cabezales con un sistema automatizado de rebobinado. <strong>ASWF<\/strong> es el \u00fanico fabricante en el mundo con este tipo de sistema.<\/p>\n<p>&nbsp;<\/p>\n<\/div>\n<\/div><\/div><\/div><div id=\"pgc-8312-0-1\"  class=\"panel-grid-cell\" ><div id=\"panel-8312-0-1-0\" class=\"so-panel widget widget_sow-editor panel-first-child panel-last-child\" data-index=\"1\" ><div\n\t\t\t\n\t\t\tclass=\"so-widget-sow-editor so-widget-sow-editor-base\"\n\t\t\t\n\t\t>\n<div class=\"siteorigin-widget-tinymce textwidget\">\n\t<h1>Visite ASWF<\/h1>\n<p>Estamos emocionados y orgullosos de nuestra f\u00e1brica, y animamos a los clientes a visitarnos. Haga <a href=\"https:\/\/aswf.com\/pt-br\/contact-us-visit\/\">clic aqu\u00ed<\/a> para obtener m\u00e1s informaci\u00f3n sobre una visita al sitio y para registrarse en un recorrido por la planta. Si una imagen vale m\u00e1s que mil palabras, una visita al sitio hablar\u00e1 por s\u00ed misma sobre ASWF.<\/p>\n<h1>Convi\u00e9rtase en distribuidor de ASWF<\/h1>\n<p>Las pel\u00edculas automotrices de ASWF tienen excelentes caracter\u00edsticas de contracci\u00f3n y est\u00e1n dise\u00f1adas para ser f\u00e1ciles de instalar. ASWF tambi\u00e9n ofrece una amplia l\u00ednea de pel\u00edculas para el mercado arquitect\u00f3nico, que van desde protecci\u00f3n contra impactos, pel\u00edculas decorativas y pel\u00edculas con clasificaci\u00f3n NFRC. Haga <a href=\"https:\/\/aswf.com\/contact-us-try\/\">clic aqu\u00ed<\/a> para recibir un paquete de datos automotrices, especificaciones y literatura, o un paquete completo de muestras de pel\u00edculas arquitect\u00f3nicas, folletos y especificaciones.<\/p>\n<\/div>\n<\/div><\/div><\/div><\/div><\/div>","protected":false},"excerpt":{"rendered":"<p>Bienvenido a ASWF American Standard Window Film ofrece una l\u00ednea completa de pel\u00edculas para ventanas para el mercado automotriz, residencial y comercial en nuestra nueva f\u00e1brica ubicada en Las Vegas, Nevada. Con nuestro equipo directivo que cuenta con una vasta experiencia en la fabricaci\u00f3n de pel\u00edculas para ventanas, la nueva maquinaria ha sido personalizada para [&hellip;]<\/p>\n","protected":false},"author":1,"featured_media":0,"parent":0,"menu_order":0,"comment_status":"closed","ping_status":"closed","template":"page-home.php","meta":{"_acf_changed":false,"footnotes":""},"class_list":["post-8312","page","type-page","status-publish","hentry"],"acf":[],"_links":{"self":[{"href":"https:\/\/aswf.com\/es\/wp-json\/wp\/v2\/pages\/8312","targetHints":{"allow":["GET"]}}],"collection":[{"href":"https:\/\/aswf.com\/es\/wp-json\/wp\/v2\/pages"}],"about":[{"href":"https:\/\/aswf.com\/es\/wp-json\/wp\/v2\/types\/page"}],"author":[{"embeddable":true,"href":"https:\/\/aswf.com\/es\/wp-json\/wp\/v2\/users\/1"}],"replies":[{"embeddable":true,"href":"https:\/\/aswf.com\/es\/wp-json\/wp\/v2\/comments?post=8312"}],"version-history":[{"count":15,"href":"https:\/\/aswf.com\/es\/wp-json\/wp\/v2\/pages\/8312\/revisions"}],"predecessor-version":[{"id":8336,"href":"https:\/\/aswf.com\/es\/wp-json\/wp\/v2\/pages\/8312\/revisions\/8336"}],"wp:attachment":[{"href":"https:\/\/aswf.com\/es\/wp-json\/wp\/v2\/media?parent=8312"}],"curies":[{"name":"wp","href":"https:\/\/api.w.org\/{rel}","templated":true}]}}